{"id":1353,"date":"2025-09-29T16:22:04","date_gmt":"2025-09-29T14:22:04","guid":{"rendered":"https:\/\/eco-market24.com\/product\/240-l-hnedy-kontajner-na-bioodpad\/"},"modified":"2025-09-29T19:59:40","modified_gmt":"2025-09-29T17:59:40","slug":"240-l-hnedy-kontajner-na-bioodpad","status":"publish","type":"product","link":"https:\/\/eco-market24.com\/sk\/produkt\/240-l-hnedy-kontajner-na-bioodpad\/","title":{"rendered":"240 l hned\u00fd kontajner na bioodpad"},"content":{"rendered":"<p>N\u00e1doba na odpad 240 l hned\u00e1 pre firmy a obytn\u00e9 s\u00fabory<\/p>\n<p>240 l hned\u00e1 ESE n\u00e1doba na odpad je univerz\u00e1lne rie\u0161enie ur\u010den\u00e9 pre podniky a jednotliv\u00fdch pou\u017e\u00edvate\u013eov. Jej hned\u00e1 farba umo\u017e\u0148uje jednoduch\u00fa identifik\u00e1ciu n\u00e1doby vyhradenej na triedenie bioodpadu v administrat\u00edvnych budov\u00e1ch, obytn\u00fdch s\u00faboroch alebo bytov\u00fdch domoch. Dobre posl\u00fa\u017ei aj v dom\u00e1cnostiach pri separovanom zbere organick\u00e9ho odpadu. Dizajn n\u00e1doby je prisp\u00f4soben\u00fd na pou\u017e\u00edvanie s be\u017en\u00fdmi zberov\u00fdmi vozidlami vybaven\u00fdmi mechanizmom comb-lift.<\/p>\n<p>Normy a certifik\u00e1ty<\/p>\n<p>&#8211; Sp\u013a\u0148a normy PN-EN 840<br \/>\n&#8211; Nesen\u00e9 ozna\u010denie kvality RAL<br \/>\n&#8211; Certifikovan\u00e9 N\u00e1rodn\u00fdm \u00fastavom verejn\u00e9ho zdravotn\u00edctva pre environment\u00e1lnu bezpe\u010dnos\u0165<br \/>\n&#8211; Vyroben\u00e9 optimalizovan\u00fdmi procesmi na zn\u00ed\u017eenie emisi\u00ed CO\u2082<br \/>\n&#8211; Vyroben\u00e9 zna\u010dkou ESE s viac ne\u017e 80-ro\u010dn\u00fdmi sk\u00fasenos\u0165ami<\/p>\n<p>Pevn\u00e1 a bezpe\u010dn\u00e1 kon\u0161trukcia<\/p>\n<p>&#8211; Vyroben\u00e9 z n\u00edzkotlakov\u00e9ho polyetyl\u00e9nu (HDPE) s vysokou odolnos\u0165ou vo\u010di UV \u017eiareniu, n\u00edzkym teplot\u00e1m a zr\u00e1\u017ekam<br \/>\n&#8211; Dodato\u010dn\u00e9 protikor\u00f3zne ochrany: galvaniz\u00e1cia a chr\u00f3movanie<br \/>\n&#8211; Kovov\u00e9 n\u00e1pravy z kalenej ocele s rebrovan\u00fdm \u00f4smerebrov\u00fdm puzdrom n\u00e1pravy<br \/>\n&#8211; \u017d\u013eabov\u00e1 (v\u010del\u00ed) kon\u0161trukcia pre spevnenie<br \/>\n&#8211; Maxim\u00e1lna nosnos\u0165: 110 kg<\/p>\n<p>Pohodln\u00e9 a jednoduch\u00e9 ovl\u00e1danie<\/p>\n<p>&#8211; \u013dahk\u00e1, no odoln\u00e1 v\u010faka modernej v\u00fdrobnej technol\u00f3gii<br \/>\n&#8211; Ergonomick\u00e1 rukov\u00e4\u0165 pre jednoduch\u00e9 pres\u00favanie<br \/>\n&#8211; Puzdro vie\u010dka navrhnut\u00e9 na ovl\u00e1danie nohou<br \/>\n&#8211; Tich\u00e9, kryt\u00e9 kolieska na minimaliz\u00e1ciu hluku<br \/>\n&#8211; Rie\u0161enia na zn\u00ed\u017eenie hluku pri pohybe vie\u010dka<br \/>\n&#8211; Hladk\u00fd vn\u00fatorn\u00fd povrch pre jednoduch\u00e9 \u010distenie a zn\u00ed\u017eenie z\u00e1pachu<\/p>\n<p>Dostupn\u00e9 farby<br \/>\n240 l n\u00e1doba je dostupn\u00e1 v hnedej farbe pre bioodpad. \u010eal\u0161ie farby pre r\u00f4zne frakcie (ak s\u00fa relevantn\u00e9): zelen\u00e1 (sklo), grafitov\u00e1 (zmie\u0161an\u00fd odpad), modr\u00e1 (papier\/kart\u00f3n), \u017elt\u00e1 (kovy a plasty).<\/p>\n<p>K\u013e\u00fa\u010dov\u00e9 inform\u00e1cie<\/p>\n<p>&#8211; Kapacita: 240 l<br \/>\n&#8211; Frakcia: bioodpad (hned\u00e1)<br \/>\n&#8211; V s\u00falade s PN-EN 840<br \/>\n&#8211; Ozna\u010denie kvality RAL<br \/>\n&#8211; Certifikovan\u00e9 N\u00e1rodn\u00fdm \u00fastavom verejn\u00e9ho zdravotn\u00edctva<br \/>\n&#8211; Materi\u00e1l: HDPE s protikor\u00f3znymi ochranami<br \/>\n&#8211; Kovov\u00e9 n\u00e1pravy z kalenej ocele<br \/>\n&#8211; 2 kryt\u00e9 kolieska pre tich\u00fa prev\u00e1dzku<br \/>\n&#8211; Zn\u00ed\u017een\u00fd hluk pri zdv\u00edhan\u00ed a sp\u00fa\u0161\u0165an\u00ed vie\u010dka<br \/>\n&#8211; Hladk\u00fd vn\u00fatorn\u00fd povrch<\/p>\n","protected":false},"excerpt":{"rendered":"<p>240 l hned\u00fd kontajner na odpad \u2014 v\u0161estrann\u00e9, odoln\u00e9 rie\u0161enie pre spolo\u010dnosti a obytn\u00e9 are\u00e1ly.<\/p>\n","protected":false},"featured_media":2079,"comment_status":"open","ping_status":"closed","template":"","meta":[],"product_brand":[],"product_cat":[106],"product_tag":[],"class_list":{"0":"post-1353","1":"product","2":"type-product","3":"status-publish","4":"has-post-thumbnail","6":"product_cat-kontajnery-na-odpad","8":"first","9":"instock","10":"taxable","11":"shipping-taxable","12":"purchasable","13":"product-type-simple"},"_links":{"self":[{"href":"https:\/\/eco-market24.com\/sk\/wp-json\/wp\/v2\/product\/1353","targetHints":{"allow":["GET"]}}],"collection":[{"href":"https:\/\/eco-market24.com\/sk\/wp-json\/wp\/v2\/product"}],"about":[{"href":"https:\/\/eco-market24.com\/sk\/wp-json\/wp\/v2\/types\/product"}],"replies":[{"embeddable":true,"href":"https:\/\/eco-market24.com\/sk\/wp-json\/wp\/v2\/comments?post=1353"}],"wp:featuredmedia":[{"embeddable":true,"href":"https:\/\/eco-market24.com\/sk\/wp-json\/wp\/v2\/media\/2079"}],"wp:attachment":[{"href":"https:\/\/eco-market24.com\/sk\/wp-json\/wp\/v2\/media?parent=1353"}],"wp:term":[{"taxonomy":"product_brand","embeddable":true,"href":"https:\/\/eco-market24.com\/sk\/wp-json\/wp\/v2\/product_brand?post=1353"},{"taxonomy":"product_cat","embeddable":true,"href":"https:\/\/eco-market24.com\/sk\/wp-json\/wp\/v2\/product_cat?post=1353"},{"taxonomy":"product_tag","embeddable":true,"href":"https:\/\/eco-market24.com\/sk\/wp-json\/wp\/v2\/product_tag?post=1353"}],"curies":[{"name":"wp","href":"https:\/\/api.w.org\/{rel}","templated":true}]}}