{"id":1371,"date":"2025-09-29T16:22:00","date_gmt":"2025-09-29T14:22:00","guid":{"rendered":"https:\/\/eco-market24.com\/product\/kontejner-na-odpad-120-l-zlty\/"},"modified":"2025-09-29T19:59:45","modified_gmt":"2025-09-29T17:59:45","slug":"kontejner-na-odpad-120-l-zlty","status":"publish","type":"product","link":"https:\/\/eco-market24.com\/sk\/produkt\/kontejner-na-odpad-120-l-zlty\/","title":{"rendered":"Kontejner na odpad 120 l, \u017elt\u00fd"},"content":{"rendered":"<p>ESE \u017elt\u00fd 120 l kontajner na odpad \u2014 preh\u013ead<br \/>\n120 l plastov\u00fd kontajner pre mal\u00e9 firmy a radov\u00e9 obytn\u00e9 \u0161tvrte \u2014 ESE \u017elt\u00fd 120 l kontajner na odpad \u2014 je overen\u00e9 rie\u0161enie pre mal\u00e9 rodinn\u00e9 podniky a mal\u00e9 obytn\u00e9 are\u00e1ly. Pou\u017e\u00edvaj\u00fa ho zamestnanci mal\u00fdch kancel\u00e1ri\u00ed alebo obyvatelia radov\u00fdch domov \u010di rodinn\u00fdch domov. 120 l plastov\u00fd kontajner je vyroben\u00fd v \u017eltej farbe \u2014 v s\u00falade s n\u00e1rodn\u00fdm \u0161tandardom triedenia odpadu \u2014 \u010do v\u00fdrazne u\u013eah\u010duje ka\u017edodenn\u00e9 separovanie plastov od in\u00e9ho odpadu. \u017dlt\u00fd 120 l kontajner je kompatibiln\u00fd so \u0161tandardn\u00fdmi zbera\u010dmi s kombinovan\u00fdm zdvihom.<\/p>\n<p>120 l \u017elt\u00fd kontajner m\u00e1 certifik\u00e1t kvality potvrdzuj\u00faci s\u00falad s eur\u00f3pskym \u0161tandardom PN-EN 840 a sp\u013a\u0148a aj kvalitat\u00edvne \u0161tandardy RAL. 120 l plastov\u00fd kontajner ESE sa \u00faspe\u0161ne pou\u017e\u00edva vo mest\u00e1ch po celej Eur\u00f3pe u\u017e 80 rokov. Priebe\u017en\u00e9 testovanie zaru\u010duje odoln\u00e9 a atrakt\u00edvne rie\u0161enia. V\u00fdrobn\u00e9 procesy zn\u00ed\u017eili emisie CO2 a kontajner z\u00edskal certifik\u00e1ciu N\u00e1rodn\u00e9ho in\u0161tit\u00fatu verejn\u00e9ho zdravia, ktor\u00e1 potvrdzuje \u017eiadny negat\u00edvny vplyv na \u017eivotn\u00e9 prostredie. 120 l \u017elt\u00fd kontajner je ekologick\u00e9 rie\u0161enie.<\/p>\n<p>Odolnos\u0165 a kon\u0161trukcia<br \/>\n120 l \u017elt\u00fd kontajner na odpad s dvoma kolesami sa vyzna\u010duje vysokou kvalitou. Je vyroben\u00fd z polyetyl\u00e9nu za n\u00edzkeho tlaku (HDPE) a dodato\u010dne chr\u00e1nen\u00fd elektro-galvaniz\u00e1ciou a chr\u00f3movan\u00edm. Tieto materi\u00e1ly a pokro\u010dil\u00e1 technol\u00f3gia robia kontajner odoln\u00fdm vo\u010di vonkaj\u0161\u00edm vplyvom \u2014 dlhodob\u00e9 vystavenie UV \u017eiareniu, siln\u00e9 zr\u00e1\u017eky alebo extr\u00e9mne n\u00edzke teploty neovplyv\u0148uj\u00fa jeho technick\u00fd stav ani vzh\u013ead. M\u00f4\u017ee sa pou\u017e\u00edva\u0165 v interi\u00e9ri alebo v polootvoren\u00fdch vonkaj\u0161\u00edch pr\u00edstre\u0161koch a je odoln\u00fd vo\u010di mechanick\u00e9mu po\u0161kodeniu.<\/p>\n<p>  Kovov\u00e9 n\u00e1pravy z tvrdenej ocele pre skuto\u010dn\u00fa stabilitu<br \/>\n  \u017dliabkovan\u00e9 sedlo s \u00f4smimi rebrami pre pevn\u00e9 uchytenie<br \/>\n  V\u010delovinov\u00e1 \u0161trukt\u00fara pre odolnos\u0165 pri intenz\u00edvnych man\u00e9vroch<\/p>\n<p>Ergon\u00f3mia a vlastnosti<br \/>\nV\u00fdrobn\u00e9 postupy v\u00fdrobcu kombinuj\u00fa odolnos\u0165 a bezpe\u010dnos\u0165 s pozoruhodnou \u013eahkos\u0165ou. Kontajner m\u00e1 n\u00edzky okraj pri zachovan\u00ed tuhosti, ktor\u00e1 garantuje nosnos\u0165 a\u017e do 60 kg. Kon\u0161truk\u010dn\u00e9 prvky u\u013eah\u010duj\u00fa obsluhu a manipul\u00e1ciu:<\/p>\n<p>  Funk\u010dn\u00e9 uchytenie pre \u013eahn\u00e9 pren\u00e1\u0161anie a stabiln\u00e9 zdv\u00edhanie zbera\u010dmi<br \/>\n  Volite\u013en\u00fd ped\u00e1l pre bezdotykov\u00e9 otvorenie<br \/>\n  Gumen\u00e9 koles\u00e1 s krytmi pre tich\u00fa prev\u00e1dzku<br \/>\n  Funkcia zn\u00ed\u017eenia hluku pri zdv\u00edhan\u00ed a sp\u00fa\u0161\u0165an\u00ed veka<br \/>\n  Hladk\u00fd vn\u00fatorn\u00fd povrch pre jednoduch\u00e9 \u010distenie<\/p>\n<p>Dostupn\u00e9 farby<br \/>\n120 l kontajner je dostupn\u00fd v piatich farb\u00e1ch RAL na u\u013eah\u010denie separ\u00e1cie odpadu:<\/p>\n<p>  Zelen\u00e1 \u2014 sklo<br \/>\n  Grafitov\u00e1 \u2014 zmie\u0161an\u00fd odpad<br \/>\n  Modr\u00e1 \u2014 papier<br \/>\n  Hned\u00e1 \u2014 bioodpad<br \/>\n  \u017dlt\u00e1 \u2014 kovy a plasty<\/p>\n<p>K\u013e\u00fa\u010dov\u00e9 inform\u00e1cie<\/p>\n<p>  Farba: \u017dlt\u00e1 \u2014 pre zlo\u017eku \u201eplasty a kovy\u201c<br \/>\n  Norma: S\u00falad s PN-EN 840<br \/>\n  Certifik\u00e1cia: N\u00e1rodn\u00fd in\u0161tit\u00fat verejn\u00e9ho zdravia<br \/>\n  Materi\u00e1l: HDPE s dodato\u010dnou antikor\u00f3znou ochranou<br \/>\n  N\u00e1pravy: Kovov\u00e9, tvrden\u00e1 oce\u013e<br \/>\n  Koles\u00e1: 2 s krytmi pre tich\u00fa prev\u00e1dzku<br \/>\n  Zn\u00ed\u017eenie hluku: Pri zdv\u00edhan\u00ed a sp\u00fa\u0161\u0165an\u00ed veka<br \/>\n  Interi\u00e9r: Hladk\u00fd vn\u00fatorn\u00fd povrch<\/p>\n","protected":false},"excerpt":{"rendered":"<p>120 l \u017elt\u00fd odpadkov\u00fd kontajner \u2014 overen\u00e9, praktick\u00e9 rie\u0161enie pre mal\u00e9 podniky, radov\u00e9 a jednorodinn\u00e9 domy; ide\u00e1lne pre mal\u00e9 kancel\u00e1rie a dom\u00e1ce pou\u017eitie.<\/p>\n","protected":false},"featured_media":1618,"comment_status":"open","ping_status":"closed","template":"","meta":[],"product_brand":[],"product_cat":[106],"product_tag":[],"class_list":{"0":"post-1371","1":"product","2":"type-product","3":"status-publish","4":"has-post-thumbnail","6":"product_cat-kontajnery-na-odpad","8":"first","9":"instock","10":"taxable","11":"shipping-taxable","12":"purchasable","13":"product-type-simple"},"_links":{"self":[{"href":"https:\/\/eco-market24.com\/sk\/wp-json\/wp\/v2\/product\/1371","targetHints":{"allow":["GET"]}}],"collection":[{"href":"https:\/\/eco-market24.com\/sk\/wp-json\/wp\/v2\/product"}],"about":[{"href":"https:\/\/eco-market24.com\/sk\/wp-json\/wp\/v2\/types\/product"}],"replies":[{"embeddable":true,"href":"https:\/\/eco-market24.com\/sk\/wp-json\/wp\/v2\/comments?post=1371"}],"wp:featuredmedia":[{"embeddable":true,"href":"https:\/\/eco-market24.com\/sk\/wp-json\/wp\/v2\/media\/1618"}],"wp:attachment":[{"href":"https:\/\/eco-market24.com\/sk\/wp-json\/wp\/v2\/media?parent=1371"}],"wp:term":[{"taxonomy":"product_brand","embeddable":true,"href":"https:\/\/eco-market24.com\/sk\/wp-json\/wp\/v2\/product_brand?post=1371"},{"taxonomy":"product_cat","embeddable":true,"href":"https:\/\/eco-market24.com\/sk\/wp-json\/wp\/v2\/product_cat?post=1371"},{"taxonomy":"product_tag","embeddable":true,"href":"https:\/\/eco-market24.com\/sk\/wp-json\/wp\/v2\/product_tag?post=1371"}],"curies":[{"name":"wp","href":"https:\/\/api.w.org\/{rel}","templated":true}]}}