{"id":1377,"date":"2025-09-29T16:21:59","date_gmt":"2025-09-29T14:21:59","guid":{"rendered":"https:\/\/eco-market24.com\/product\/120-l-kontajner-na-bioodpad-s-mriezkou-ese\/"},"modified":"2025-09-29T20:00:41","modified_gmt":"2025-09-29T18:00:41","slug":"120-l-kontajner-na-bioodpad-s-mriezkou-ese","status":"publish","type":"product","link":"https:\/\/eco-market24.com\/sk\/produkt\/120-l-kontajner-na-bioodpad-s-mriezkou-ese\/","title":{"rendered":"120 l kontajner na bioodpad s mrie\u017ekou ESE"},"content":{"rendered":"<p>Kontajner na bioodpad 120 l pre obce a firmy<br \/>\nKontajner na bioodpad 120 l s mrie\u017ekou od ESE je najlep\u0161\u00edm rie\u0161en\u00edm pre obce a podnikate\u013eov, ktor\u00ed chc\u00fa podpori\u0165 udr\u017eate\u013en\u00e9 zhodnocovanie zdrojov. Efekt\u00edvne sprac\u00fava materi\u00e1l na \u010fal\u0161ie vyu\u017eitie a zvy\u0161uje rentabilitu kompost\u00e1rn\u00ed. Jeho kon\u0161trukcia umo\u017e\u0148uje optim\u00e1lny prietok vzduchu, ktor\u00fd zabezpe\u010duje potrebn\u00e9 odparovanie tekut\u00edn a podporuje kompostovanie. Kontajner na bioodpad 120 l podporuje rozumn\u00e9 nakladanie s odpadom a zodpoved\u00e1 trendu starostlivosti o plan\u00e9tu.<\/p>\n<p>Certifik\u00e1ty a zna\u010dka<\/p>\n<p>  Certifik\u00e1t kvality potvrdzuj\u00faci s\u00falad s RAL-GZ 951\/1<br \/>\n  Certifik\u00e1t od N\u00e1rodn\u00e9ho \u00faradu verejn\u00e9ho zdravotn\u00edctva<br \/>\n  Vyroben\u00e9 nemeckou zna\u010dkou ESE s 80-ro\u010dn\u00fdmi sk\u00fasenos\u0165ami na trhu a d\u00f4kladn\u00fdm testovan\u00edm produktov<\/p>\n<p>Kon\u0161trukcia a materi\u00e1ly<br \/>\nHned\u00fd kontajner na bioodpad 120 l je vyroben\u00fd z n\u00edzkotlakov\u00e9ho polyetyl\u00e9nu s vysokou hustotou (HDPE), \u010do zaru\u010duje v\u00fdnimo\u010dn\u00fa odolnos\u0165 proti po\u0161kodeniu a vonkaj\u0161\u00edm vplyvom vr\u00e1tane dlhodob\u00e9ho UV \u017eiarenia, m\u00ednusov\u00fdch tepl\u00f4t a siln\u00e9ho da\u017e\u010fa. M\u00e1 zosilnen\u00e9 dno, aby odolalo \u0165a\u017ek\u00fdm za\u0165a\u017eeniam. Pou\u017eit\u00e9 pigmenty s\u00fa bez \u0161kodliv\u00fdch l\u00e1tok ako kadmium a olovo.<\/p>\n<p>Vetranie a veko<br \/>\nKon\u0161trukcia obsahuje perforovan\u00e9 steny alebo ventila\u010dn\u00fa sie\u0165ku so \u0161peci\u00e1lnymi aerak\u010dn\u00fdmi krytmi v hornej a dolnej \u010dasti n\u00e1doby. Kontajner m\u00e1 vlo\u017eku veka s gumov\u00fdmi dorazmi a nie je vzduchotesn\u00fd, \u010do ur\u00fdch\u013euje su\u0161enie, zni\u017euje celkov\u00fa hmotnos\u0165 a pom\u00e1ha predch\u00e1dza\u0165 nepr\u00edjemn\u00fdm z\u00e1pachom.<\/p>\n<p>Funk\u010dnos\u0165 mrie\u017eky (bio-sie\u0165)<br \/>\nKontajner na biologick\u00fd odpad obsahuje skladaciu bio-sie\u0165 (mrie\u017eku) umiestnen\u00fa vo vn\u00fatri, ktor\u00e1 umo\u017e\u0148uje efekt\u00edvny odtok tekut\u00edn na dno. Ventila\u010dn\u00e1 mrie\u017eka umo\u017e\u0148uje priebe\u017en\u00e9 odparovanie, tak\u017ee sa tekutiny nezhroma\u017e\u010fuj\u00fa. S nain\u0161talovanou mrie\u017ekou kontajner st\u00e1le pon\u00faka viac ako 90 % svojho objemu. Mrie\u017eka je odn\u00edmate\u013en\u00e1 a skladacia pre jednoduch\u00e9 vypr\u00e1zd\u0148ovanie a d\u00f4kladn\u00e9 \u010distenie, \u010do zlep\u0161uje kvalitu kompostu a z\u00e1rove\u0148 zost\u00e1va pohodln\u00e9 na pou\u017eitie.<\/p>\n<p>Jednoduchos\u0165 pou\u017eitia<\/p>\n<p>  Pohodln\u00e9 dr\u017eadlo pre komfort pou\u017e\u00edvate\u013ea<br \/>\n  Dve kolieska s gumov\u00fdmi pneumatikami 200 mm<br \/>\n  N\u00edzka hmotnos\u0165 pre bezprobl\u00e9mov\u00fd prevoz a vypr\u00e1zd\u0148ovanie<br \/>\n  Hladk\u00fd vn\u00fatorn\u00fd povrch pre \u013eahk\u00e9 \u010distenie a zn\u00ed\u017eenie zachyt\u00e1vania z\u00e1pachu<\/p>\n<p>K\u013e\u00fa\u010dov\u00e9 inform\u00e1cie<\/p>\n<p>  Materi\u00e1l: HDPE s vysokou odolnos\u0165ou vo\u010di vonkaj\u0161\u00edm vplyvom<br \/>\n  S\u00falad: RAL-GZ 951\/1<br \/>\n  Certifik\u00e1cia: N\u00e1rodn\u00fd \u00fastav verejn\u00e9ho zdravia<br \/>\n  Vlastnosti: perforovan\u00e9 telo\/ventila\u010dn\u00e9 sie\u0165ky, vlo\u017eka veka, zosilnen\u00e9 dno, mrie\u017eka na odvod tekut\u00edn<br \/>\n  Mobilita: 2 kolieska a pohodln\u00e9 dr\u017eadl\u00e1<br \/>\n  Interi\u00e9r: hladk\u00fd povrch<br \/>\n  Farba: hned\u00e1 (RAL paleta)<\/p>\n","protected":false},"excerpt":{"rendered":"<p>120 l kontajner na bioodpad s mrie\u017ekou \u2014 ide\u00e1lne rie\u0161enie pre obce a podniky podporuj\u00face udr\u017eate\u013en\u00e9 zhodnocovanie zdrojov.<\/p>\n","protected":false},"featured_media":2088,"comment_status":"open","ping_status":"closed","template":"","meta":[],"product_brand":[],"product_cat":[106],"product_tag":[],"class_list":{"0":"post-1377","1":"product","2":"type-product","3":"status-publish","4":"has-post-thumbnail","6":"product_cat-kontajnery-na-odpad","8":"first","9":"instock","10":"taxable","11":"shipping-taxable","12":"purchasable","13":"product-type-simple"},"_links":{"self":[{"href":"https:\/\/eco-market24.com\/sk\/wp-json\/wp\/v2\/product\/1377","targetHints":{"allow":["GET"]}}],"collection":[{"href":"https:\/\/eco-market24.com\/sk\/wp-json\/wp\/v2\/product"}],"about":[{"href":"https:\/\/eco-market24.com\/sk\/wp-json\/wp\/v2\/types\/product"}],"replies":[{"embeddable":true,"href":"https:\/\/eco-market24.com\/sk\/wp-json\/wp\/v2\/comments?post=1377"}],"wp:featuredmedia":[{"embeddable":true,"href":"https:\/\/eco-market24.com\/sk\/wp-json\/wp\/v2\/media\/2088"}],"wp:attachment":[{"href":"https:\/\/eco-market24.com\/sk\/wp-json\/wp\/v2\/media?parent=1377"}],"wp:term":[{"taxonomy":"product_brand","embeddable":true,"href":"https:\/\/eco-market24.com\/sk\/wp-json\/wp\/v2\/product_brand?post=1377"},{"taxonomy":"product_cat","embeddable":true,"href":"https:\/\/eco-market24.com\/sk\/wp-json\/wp\/v2\/product_cat?post=1377"},{"taxonomy":"product_tag","embeddable":true,"href":"https:\/\/eco-market24.com\/sk\/wp-json\/wp\/v2\/product_tag?post=1377"}],"curies":[{"name":"wp","href":"https:\/\/api.w.org\/{rel}","templated":true}]}}