{"id":1395,"date":"2025-09-29T16:21:58","date_gmt":"2025-09-29T14:21:58","guid":{"rendered":"https:\/\/eco-market24.com\/product\/120-l-grafitovo-sivy-odpadovy-kontajner\/"},"modified":"2025-09-29T20:00:46","modified_gmt":"2025-09-29T18:00:46","slug":"120-l-grafitovo-sivy-odpadovy-kontajner","status":"publish","type":"product","link":"https:\/\/eco-market24.com\/sk\/produkt\/120-l-grafitovo-sivy-odpadovy-kontajner\/","title":{"rendered":"120 l grafitovo-siv\u00fd odpadov\u00fd kontajner"},"content":{"rendered":"<p>Odpadov\u00fd kontajner 120 l pre va\u0161u firmu<br \/>\n120 l odpadov\u00fd kontajner od ESE je ur\u010den\u00fd pre mal\u00e9 podniky a mal\u00e9 bytov\u00e9 komplexy. Ide\u00e1lny na triedenie odpadu v mal\u00fdch kancel\u00e1ri\u00e1ch alebo pri radov\u00fdch domoch a rodinn\u00fdch domoch. \u0160tandardizovan\u00e9 farby triedenia umo\u017e\u0148uj\u00fa rozpoznanie frakci\u00ed. 120\u2011litrov\u00fd k\u00f4\u0161 prispieva k rozumn\u00fdm opatreniam pre plan\u00e9tu a je kompatibiln\u00fd so \u0161tandardn\u00fdmi kontajnerov\u00fdmi \u017eeriavmi (comb-lift). Kontajner m\u00e1 certifik\u00e1t kvality potvrdzuj\u00faci s\u00falad s eur\u00f3pskou normou PN-EN 840 a sp\u013a\u0148a kvalitat\u00edvne \u0161tandardy RAL.<\/p>\n<p>Overen\u00fd v\u00fdrobca<br \/>\nESE u\u017e 80 rokov vyr\u00e1ba kontajnery pou\u017e\u00edvan\u00e9 v eur\u00f3pskych mest\u00e1ch. Spolo\u010dnos\u0165 je zn\u00e1ma d\u00f4kladn\u00fdm testovan\u00edm, ktor\u00e9 prin\u00e1\u0161a odoln\u00e9 a estetick\u00e9 rie\u0161enia. V\u010faka starostlivo riaden\u00e9mu v\u00fdrobn\u00e9ho procesu sa emisie CO2 efekt\u00edvne zn\u00ed\u017eili o 2 %. Kone\u010dn\u00fd v\u00fdrobok z\u00edskal certifik\u00e1ciu od N\u00e1rodn\u00e9ho in\u0161tit\u00fatu verejn\u00e9ho zdravia, ktor\u00e1 potvrdzuje, \u017ee 120 l kontajner nem\u00e1 negat\u00edvny vplyv na \u017eivotn\u00e9 prostredie \u2014 dvojn\u00e1sobne ekologick\u00e9 rie\u0161enie.<\/p>\n<p>120 l k\u00f4\u0161 \u2014 vo\u013eba na roky<br \/>\n120 l kontajner na zmesov\u00fd odpad s dvoma praktick\u00fdmi kolieskami je vyroben\u00fd z n\u00edzkotlakov\u00e9ho polyetyl\u00e9nu (HDPE) a je navy\u0161e chr\u00e1nen\u00fd elektro-galvaniz\u00e1ciou a chr\u00f3movan\u00edm. Starostlivo vybran\u00e9 materi\u00e1ly a pokro\u010dil\u00e1 technol\u00f3gia poskytuj\u00fa mimoriadnu odolnos\u0165 vo\u010di vonkaj\u0161\u00edm vplyvom: dlhotrvaj\u00face UV \u017eiarenie, siln\u00e9 zr\u00e1\u017eky a n\u00edzke teploty nesp\u00f4sobuj\u00fa r\u00fdchle znehodnotenie. Vhodn\u00fd na vn\u00fatorn\u00e9 pou\u017eitie alebo do polootvoren\u00fdch vonkaj\u0161\u00edch pr\u00edstre\u0161kov.<br \/>\nDvojkolesov\u00fd 120 l kontajner je odoln\u00fd vo\u010di mechanick\u00e9mu po\u0161kodeniu. M\u00e1 kovov\u00e9 n\u00e1boje z tvrdenej ocele pre stabilitu, rebrovan\u00fd osemrebr\u00fd obj\u00edmkov\u00fd \u00fachyt pre pevn\u00e9 uchytenie a \u0161trukt\u00faru v\u010delieho pl\u00e1stu, ktor\u00e1 zaru\u010duje trv\u00e1cnos\u0165 pri intenz\u00edvnych man\u00e9vroch. ESE 120 l kontajner je postaven\u00fd na mnoho sez\u00f3n.<\/p>\n<p>Ergonomick\u00fd dizajn<br \/>\nNavrhnut\u00fd pre pohodlie, kontajner kombinuje odolnos\u0165 a bezpe\u010dnos\u0165 s \u013eahkos\u0165ou. M\u00e1 n\u00edzku strechu pri zachovan\u00ed tuhosti, ktor\u00e1 zaru\u010duje nosnos\u0165 a\u017e do 60 kg. Dizajn obsahuje funk\u010dn\u00fa rukov\u00e4\u0165 pre jednoduch\u00e9 pren\u00e1\u0161anie a stabiln\u00e9 zdv\u00edhanie smetiarskym autom. Kontajner m\u00f4\u017ee by\u0165 volite\u013ene vybaven\u00fd ped\u00e1lom pre bezdotykov\u00e9 otv\u00e1ranie.<br \/>\nModern\u00fd 120 l k\u00f4\u0161 je tie\u017e ve\u013emi tich\u00fd: gumov\u00e9 koles\u00e1 s krytmi a \u0161peci\u00e1lny mechanizmus zni\u017euj\u00fa hluk pri otv\u00e1ran\u00ed a zatv\u00e1ran\u00ed veka. \u013dahk\u00e9 \u010distenie zabezpe\u010duje hladk\u00fd vn\u00fatorn\u00fd povrch, ktor\u00fd zabra\u0148uje vzniku nepr\u00edjemn\u00fdch z\u00e1pachov.<\/p>\n<p>Dostupn\u00e9 farby pre triedenie odpadu<br \/>\nESE 120 l kontajner u\u013eah\u010duje triedenie odpadu. Pop\u00edsan\u00fd model pre zmesov\u00fd odpad je dostupn\u00fd v piatich farb\u00e1ch:<\/p>\n<p>  Zelen\u00e1 \u2014 sklo<br \/>\n  Grafitov\u00e1 \u2014 zmesov\u00fd odpad<br \/>\n  Modr\u00e1 \u2014 papier<br \/>\n  Hned\u00e1 \u2014 bioodpad<br \/>\n  \u017dlt\u00e1 \u2014 kovy a plasty<\/p>\n<p>K\u013e\u00fa\u010dov\u00e9 inform\u00e1cie<\/p>\n<p>  Pou\u017eitie: triedenie zmesov\u00e9ho odpadu<br \/>\n  Normy: PN-EN 840<br \/>\n  Certifik\u00e1cia: N\u00e1rodn\u00fd in\u0161tit\u00fat verejn\u00e9ho zdravia<br \/>\n  Materi\u00e1l: HDPE s dodato\u010dnou protikor\u00f3znou ochranou<br \/>\n  N\u00e1boje: kovov\u00e9 n\u00e1boje z tvrdenej ocele<br \/>\n  Koles\u00e1: 2 kryt\u00e9 koles\u00e1 pre tich\u00fa prev\u00e1dzku<br \/>\n  Zn\u00ed\u017eenie hluku: zn\u00ed\u017een\u00fd hluk pri zdv\u00edhan\u00ed a sp\u00fa\u0161\u0165an\u00ed veka<br \/>\n  Hygiena: hladk\u00fd vn\u00fatorn\u00fd povrch<\/p>\n","protected":false},"excerpt":{"rendered":"<p>120 l odpadov\u00fd kontajner \u2014 ide\u00e1lny pre mal\u00e9 podniky a obytn\u00e9 oblasti. Perfektn\u00fd na triedenie odpadu v mal\u00fdch kancel\u00e1ri\u00e1ch, v radov\u00fdch a rodinn\u00fdch domoch.<\/p>\n","protected":false},"featured_media":2096,"comment_status":"open","ping_status":"closed","template":"","meta":[],"product_brand":[],"product_cat":[106],"product_tag":[],"class_list":{"0":"post-1395","1":"product","2":"type-product","3":"status-publish","4":"has-post-thumbnail","6":"product_cat-kontajnery-na-odpad","8":"first","9":"instock","10":"taxable","11":"shipping-taxable","12":"purchasable","13":"product-type-simple"},"_links":{"self":[{"href":"https:\/\/eco-market24.com\/sk\/wp-json\/wp\/v2\/product\/1395","targetHints":{"allow":["GET"]}}],"collection":[{"href":"https:\/\/eco-market24.com\/sk\/wp-json\/wp\/v2\/product"}],"about":[{"href":"https:\/\/eco-market24.com\/sk\/wp-json\/wp\/v2\/types\/product"}],"replies":[{"embeddable":true,"href":"https:\/\/eco-market24.com\/sk\/wp-json\/wp\/v2\/comments?post=1395"}],"wp:featuredmedia":[{"embeddable":true,"href":"https:\/\/eco-market24.com\/sk\/wp-json\/wp\/v2\/media\/2096"}],"wp:attachment":[{"href":"https:\/\/eco-market24.com\/sk\/wp-json\/wp\/v2\/media?parent=1395"}],"wp:term":[{"taxonomy":"product_brand","embeddable":true,"href":"https:\/\/eco-market24.com\/sk\/wp-json\/wp\/v2\/product_brand?post=1395"},{"taxonomy":"product_cat","embeddable":true,"href":"https:\/\/eco-market24.com\/sk\/wp-json\/wp\/v2\/product_cat?post=1395"},{"taxonomy":"product_tag","embeddable":true,"href":"https:\/\/eco-market24.com\/sk\/wp-json\/wp\/v2\/product_tag?post=1395"}],"curies":[{"name":"wp","href":"https:\/\/api.w.org\/{rel}","templated":true}]}}