{"id":1401,"date":"2025-09-29T16:21:57","date_gmt":"2025-09-29T14:21:57","guid":{"rendered":"https:\/\/eco-market24.com\/product\/kontajner-na-odpad-60-l\/"},"modified":"2025-09-29T20:00:48","modified_gmt":"2025-09-29T18:00:48","slug":"kontajner-na-odpad-60-l","status":"publish","type":"product","link":"https:\/\/eco-market24.com\/sk\/produkt\/kontajner-na-odpad-60-l\/","title":{"rendered":"kontajner na odpad 60 l"},"content":{"rendered":"<p>Kontajner 60 l pre firmy a bytov\u00e9 domy<br \/>\nKontajner 60 l je overen\u00fd sp\u00f4sob, ako zavies\u0165 rozumn\u00e9 triedenie odpadu v bytov\u00fdch domoch a mal\u00fdch spolo\u010dnostiach. Je vynikaj\u00facou vo\u013ebou pre mal\u00fdch podnikate\u013eov a obyvate\u013eov radov\u00fdch domov, viacrodinn\u00fdch budov alebo rodinn\u00fdch domov. 60 l pojazdn\u00fd kontajner, dostupn\u00fd v 5 RAL farb\u00e1ch, u\u013eah\u010duje triedenie odpadu a umo\u017e\u0148uje realiz\u00e1ciu proekologickej politiky. Nemeck\u00e1 zna\u010dka ESE dod\u00e1va kontajnery u\u017e 80 rokov, rie\u0161enia s\u00fa pou\u017eit\u00e9 v mnoh\u00fdch mest\u00e1ch po celej Eur\u00f3pe.<\/p>\n<p>Normy a certifik\u00e1cia<br \/>\nTento 60 l kontajner sp\u013a\u0148a RAL\u2011GZ 951\/1 a je certifikovan\u00fd N\u00e1rodn\u00fdm \u00fastavom verejn\u00e9ho zdravia, \u010do garantuje vysok\u00fa kvalitu, ka\u017edodenn\u00fa bezpe\u010dnos\u0165 a minim\u00e1lny vplyv na \u017eivotn\u00e9 prostredie. Kontajner je prisp\u00f4soben\u00fd na vypr\u00e1zd\u0148ovanie pomocou hrebienkov\u00e9ho (comb\u2011type) syst\u00e9mu v s\u00falade s normami DIN.<\/p>\n<p>Odolnos\u0165 a kon\u0161trukcia<br \/>\n2\u2011kolov\u00fd 60 l kontajner poskytuje vysok\u00fa odolnos\u0165 a m\u00f4\u017ee by\u0165 pou\u017e\u00edvan\u00fd vn\u00fatorn\u00e9 alebo v vonkaj\u0161\u00edch pr\u00edstre\u0161koch (vr\u00e1tane polootvoren\u00fdch \u010di otvoren\u00fdch). K\u013e\u00fa\u010dov\u00e9 kon\u0161truk\u010dn\u00e9 vlastnosti:<br \/>\n&#8211; Materi\u00e1l: polyetyl\u00e9n s vysokou hustotou pri n\u00edzkom tlaku, odoln\u00fd vo\u010di UV \u017eiareniu, extr\u00e9mnym teplot\u00e1m a da\u017e\u010fu<br \/>\n&#8211; Ochrana proti kor\u00f3zii: elektro-galvaniz\u00e1cia a chr\u00f3movanie<br \/>\n&#8211; N\u00e1pravy: kovov\u00e9 n\u00e1pravy z kalenej ocele pre stabilitu<br \/>\n&#8211; Kon\u0161trukcia: medov\u00e1 (honeycomb) \u0161trukt\u00fara pre vysok\u00fa n\u00e1razuvzdornos\u0165 a dlh\u00fa \u017eivotnos\u0165<\/p>\n<p>Pohodlie a ergon\u00f3mia<br \/>\n60 l kontajner m\u00e1 u\u017e\u00edvate\u013esky pr\u00edvetiv\u00fd dizajn pre pohodln\u00fa a bezpe\u010dn\u00fa manipul\u00e1ciu:<br \/>\n&#8211; Rukov\u00e4\u0165 pre jednoduch\u00fd presun<br \/>\n&#8211; Stupienok pre ochranu chrbtice pri manipul\u00e1cii<br \/>\n&#8211; Koles\u00e1: 2 gumov\u00e9 koles\u00e1, priemer 200 mm, pre jednoduch\u00fd pohyb a tlmenie hluku<br \/>\n&#8211; Interi\u00e9r: hladk\u00fd povrch pre r\u00fdchle a jednoduch\u00e9 \u010distenie, zni\u017eovanie nepr\u00edjemn\u00fdch pachov<\/p>\n<p>Farby na triedenie odpadu<br \/>\nDostupn\u00e9 v 5 RAL farb\u00e1ch pre jednoduch\u00e9 triedenie:<br \/>\n&#8211; Grafitov\u00e1 \u2014 zmesov\u00fd odpad<br \/>\n&#8211; Zelen\u00e1 \u2014 sklo<br \/>\n&#8211; Modr\u00e1 \u2014 papier<br \/>\n&#8211; Hned\u00e1 \u2014 bioodpad<br \/>\n&#8211; \u017dlt\u00e1 \u2014 kov a plasty<\/p>\n<p>K\u013e\u00fa\u010dov\u00e9 inform\u00e1cie<br \/>\n&#8211; S\u00falad s RAL\u2011GZ 951\/1<br \/>\n&#8211; Certifik\u00e1cia N\u00e1rodn\u00fdm \u00fastavom verejn\u00e9ho zdravia<br \/>\n&#8211; Prisp\u00f4soben\u00e9 na vypr\u00e1zd\u0148ovanie pomocou hrebienkov\u00e9ho syst\u00e9mu (DIN)<br \/>\n&#8211; 5 RAL\u2011kompatibiln\u00fdch farieb<br \/>\n&#8211; Kon\u0161trukcia z polyetyl\u00e9nu s vysokou hustotou pri n\u00edzkom tlaku<br \/>\n&#8211; Kovov\u00e9 n\u00e1pravy z kalenej ocele<br \/>\n&#8211; 2 gumov\u00e9 koles\u00e1<br \/>\n&#8211; Praktick\u00e1 rukov\u00e4\u0165<br \/>\n&#8211; Stupienok na ochranu chrbtice<\/p>\n","protected":false},"excerpt":{"rendered":"<p>60 l kontajner na odpad \u2014 osved\u010den\u00e9 rie\u0161enie pre efekt\u00edvne triedenie odpadu v bytov\u00fdch are\u00e1loch a mal\u00fdch podnikoch. Ide\u00e1lny pre drobn\u00fdch podnikate\u013eov a obyvate\u013eov radov\u00fdch, viacgenera\u010dn\u00fdch a rodinn\u00fdch domov.<\/p>\n","protected":false},"featured_media":1544,"comment_status":"open","ping_status":"closed","template":"","meta":[],"product_brand":[],"product_cat":[106],"product_tag":[],"class_list":{"0":"post-1401","1":"product","2":"type-product","3":"status-publish","4":"has-post-thumbnail","6":"product_cat-kontajnery-na-odpad","8":"first","9":"instock","10":"taxable","11":"shipping-taxable","12":"purchasable","13":"product-type-simple"},"_links":{"self":[{"href":"https:\/\/eco-market24.com\/sk\/wp-json\/wp\/v2\/product\/1401","targetHints":{"allow":["GET"]}}],"collection":[{"href":"https:\/\/eco-market24.com\/sk\/wp-json\/wp\/v2\/product"}],"about":[{"href":"https:\/\/eco-market24.com\/sk\/wp-json\/wp\/v2\/types\/product"}],"replies":[{"embeddable":true,"href":"https:\/\/eco-market24.com\/sk\/wp-json\/wp\/v2\/comments?post=1401"}],"wp:featuredmedia":[{"embeddable":true,"href":"https:\/\/eco-market24.com\/sk\/wp-json\/wp\/v2\/media\/1544"}],"wp:attachment":[{"href":"https:\/\/eco-market24.com\/sk\/wp-json\/wp\/v2\/media?parent=1401"}],"wp:term":[{"taxonomy":"product_brand","embeddable":true,"href":"https:\/\/eco-market24.com\/sk\/wp-json\/wp\/v2\/product_brand?post=1401"},{"taxonomy":"product_cat","embeddable":true,"href":"https:\/\/eco-market24.com\/sk\/wp-json\/wp\/v2\/product_cat?post=1401"},{"taxonomy":"product_tag","embeddable":true,"href":"https:\/\/eco-market24.com\/sk\/wp-json\/wp\/v2\/product_tag?post=1401"}],"curies":[{"name":"wp","href":"https:\/\/api.w.org\/{rel}","templated":true}]}}