{"id":1407,"date":"2025-09-29T16:21:56","date_gmt":"2025-09-29T14:21:56","guid":{"rendered":"https:\/\/eco-market24.com\/product\/nadoba-na-odpad-1100-l-ese-s-delenym-vekom-veko-vo-veke-hneda\/"},"modified":"2025-09-29T20:00:49","modified_gmt":"2025-09-29T18:00:49","slug":"nadoba-na-odpad-1100-l-ese-s-delenym-vekom-veko-vo-veke-hneda","status":"publish","type":"product","link":"https:\/\/eco-market24.com\/sk\/produkt\/nadoba-na-odpad-1100-l-ese-s-delenym-vekom-veko-vo-veke-hneda\/","title":{"rendered":"N\u00e1doba na odpad 1100 l ESE s delen\u00fdm vekom (veko vo veke), hned\u00e1"},"content":{"rendered":"<p>Kontajner na bioodpad 1100 l \u2014 delen\u00e9 veko s \u201eklapkou vo veku\u201d (hned\u00fd)<\/p>\n<p>Vysok\u00e1 kvalita, ve\u013ek\u00e1 kapacita: Kontajner na odpad 1100 l s delen\u00fdm vekom a \u201eklapkou vo veku\u201d v hnedom preveden\u00ed vyr\u00e1ba dlhodobo p\u00f4sobiaci v\u00fdrobca p\u00f4sobiaci v celej Eur\u00f3pe. Pou\u017e\u00edva ho zber odpadu a spr\u00e1va odpadov; je vhodn\u00fd pre obce, ve\u013ek\u00e9 firmy, \u0161t\u00e1tne in\u0161tit\u00facie, \u0161koly, n\u00e1kupn\u00e9 centr\u00e1, bytov\u00e9 domy a in\u00e9 verejn\u00e9 zariadenia, kde sa denne vytv\u00e1ra ve\u013ek\u00e9 mno\u017estvo odpadu. Hned\u00e1 farba u\u013eah\u010duje separ\u00e1ciu bioodpadu a m\u00f4\u017ee by\u0165 aplikovan\u00e1 na cel\u00fd kontajner, cel\u00e9 veko alebo len na mal\u00fa klapku. Produkt m\u00e1 certifik\u00e1t RAL\u2011GZ 951\/1, sp\u013a\u0148a normu PN\u2011EN 840 (E\u00da) a z\u00edskal schv\u00e1lenie PZH. Je kompatibiln\u00fd s vozidlami pou\u017e\u00edvaj\u00facimi DIN syst\u00e9m a hrebe\u0148ov\u00e9 zdv\u00edhacie mechanizmy.<\/p>\n<p>Materi\u00e1l a trv\u00e1cnos\u0165<br \/>\nKontajner 1100 l je vyroben\u00fd vstrekovan\u00edm z polyetyl\u00e9nu s vysokou hustotou (HDPE). HDPE zabezpe\u010duje protikor\u00f3zne vlastnosti a odolnos\u0165 vo\u010di poveternostn\u00fdm vplyvom; kontajner odol\u00e1va UV \u017eiareniu, da\u017e\u010fu, snehu, extr\u00e9mnym teplot\u00e1m a chemick\u00e9mu p\u00f4sobeniu bez drobenia alebo deform\u00e1cie. Bioodpadov\u00fd kontajner ESE m\u00e1 vystu\u017een\u00fa kon\u0161trukciu tela s dodato\u010dn\u00fdmi rebrami na prednej a zadnej stene a testovan\u00e9 za\u0165a\u017eovacie body poskytuj\u00face odolnos\u0165 proti mechanick\u00e9mu po\u0161kodeniu.<\/p>\n<p>Pohodlie a pou\u017eite\u013enos\u0165<br \/>\nKontajner je vybaven\u00fd syst\u00e9mom \u201eklapka vo veku\u201d. Men\u0161ia klapka je ve\u013emi \u013eahk\u00e1 (cca 1,3 kg), \u010do umo\u017e\u0148uje obsluhu slab\u0161\u00edm, star\u0161\u00edm alebo osob\u00e1m so zn\u00ed\u017eenou schopnos\u0165ou pohybu a zni\u017euje priestor potrebn\u00fd pri otvoren\u00ed. Kon\u0161trukcia veka minimalizuje po\u0161kodenia t\u00fdm, \u017ee zabra\u0148uje kol\u00edzi\u00e1m medzi kontajnerom a lisovac\u00edmi mechanizmami po\u010das vypr\u00e1zd\u0148ovania. Mobilitu zabezpe\u010duj\u00fa \u0161tyri 20 cm gumov\u00e9 koles\u00e1 (tich\u00fd chod) s brzdami na dvoch predn\u00fdch koles\u00e1ch pre stabilitu na nerovnom ter\u00e9ne. Praktick\u00e9 rukov\u00e4te a hladk\u00e9 povrchy u\u013eah\u010duj\u00fa manipul\u00e1ciu a \u010distenie kontajnera.<\/p>\n<p>K\u013e\u00fa\u010dov\u00e9 inform\u00e1cie<br \/>\n&#8211; Materi\u00e1l: polyetyl\u00e9n s vysokou hustotou (HDPE)<br \/>\n&#8211; Certifik\u00e1cia: RAL\u2011GZ 951\/1<br \/>\n&#8211; Normy: PN\u2011EN 840 (E\u00da)<br \/>\n&#8211; Kompatibilita: syst\u00e9m DIN alebo hrebe\u0148ov\u00fd zdv\u00edhac\u00ed mechanizmus<br \/>\n&#8211; Syst\u00e9m veka: \u201eklapka vo veku\u201d s \u013eahkou malou klapkou<br \/>\n&#8211; Mo\u017enosti farieb pre separ\u00e1ciu: mal\u00e1 klapka, cel\u00e9 veko alebo cel\u00fd kontajner<br \/>\n&#8211; Kon\u0161trukcia: vystu\u017een\u00e9 telo<br \/>\n&#8211; Koles\u00e1: \u0161tyri 20 cm gumov\u00e9 koles\u00e1<br \/>\n&#8211; Stabilita: dve brzdy na predn\u00fdch koles\u00e1ch<br \/>\n&#8211; Doplnkov\u00e9: rukov\u00e4te; mo\u017enos\u0165 vybavenia tlmi\u010dmi hluku<\/p>\n","protected":false},"excerpt":{"rendered":"<p>1100 l kontajner na bioodpad pre obce, podniky a bytov\u00e9 domy \u2014 hned\u00fd 1100 l kontajner s delen\u00fdm vekom so \u201edvierkami v dvierkach\u201c, pon\u00fakaj\u00faci vynikaj\u00face spracovanie a ve\u013ek\u00fa kapacitu. Vyroben\u00fd firmou s desa\u0165ro\u010diami sk\u00fasenost\u00ed a v\u00fdrobkami po celej Eur\u00f3pe.<\/p>\n","protected":false},"featured_media":1638,"comment_status":"open","ping_status":"closed","template":"","meta":[],"product_brand":[],"product_cat":[106],"product_tag":[],"class_list":{"0":"post-1407","1":"product","2":"type-product","3":"status-publish","4":"has-post-thumbnail","6":"product_cat-kontajnery-na-odpad","8":"first","9":"instock","10":"taxable","11":"shipping-taxable","12":"purchasable","13":"product-type-simple"},"_links":{"self":[{"href":"https:\/\/eco-market24.com\/sk\/wp-json\/wp\/v2\/product\/1407","targetHints":{"allow":["GET"]}}],"collection":[{"href":"https:\/\/eco-market24.com\/sk\/wp-json\/wp\/v2\/product"}],"about":[{"href":"https:\/\/eco-market24.com\/sk\/wp-json\/wp\/v2\/types\/product"}],"replies":[{"embeddable":true,"href":"https:\/\/eco-market24.com\/sk\/wp-json\/wp\/v2\/comments?post=1407"}],"wp:featuredmedia":[{"embeddable":true,"href":"https:\/\/eco-market24.com\/sk\/wp-json\/wp\/v2\/media\/1638"}],"wp:attachment":[{"href":"https:\/\/eco-market24.com\/sk\/wp-json\/wp\/v2\/media?parent=1407"}],"wp:term":[{"taxonomy":"product_brand","embeddable":true,"href":"https:\/\/eco-market24.com\/sk\/wp-json\/wp\/v2\/product_brand?post=1407"},{"taxonomy":"product_cat","embeddable":true,"href":"https:\/\/eco-market24.com\/sk\/wp-json\/wp\/v2\/product_cat?post=1407"},{"taxonomy":"product_tag","embeddable":true,"href":"https:\/\/eco-market24.com\/sk\/wp-json\/wp\/v2\/product_tag?post=1407"}],"curies":[{"name":"wp","href":"https:\/\/api.w.org\/{rel}","templated":true}]}}