{"id":1413,"date":"2025-09-29T16:21:56","date_gmt":"2025-09-29T14:21:56","guid":{"rendered":"https:\/\/eco-market24.com\/product\/kontajner-na-odpad-1100-l-s-polkruhovym-vekom\/"},"modified":"2025-09-29T20:00:51","modified_gmt":"2025-09-29T18:00:51","slug":"kontajner-na-odpad-1100-l-s-polkruhovym-vekom","status":"publish","type":"product","link":"https:\/\/eco-market24.com\/sk\/produkt\/kontajner-na-odpad-1100-l-s-polkruhovym-vekom\/","title":{"rendered":"Kontajner na odpad 1100 l s polkruhov\u00fdm vekom"},"content":{"rendered":"<p>Kontajner 1100 l na triedenie ve\u013ek\u00e9ho mno\u017estva odpadu<br \/>\nOdpadov\u00fd kontajner 1100 l ESE so polkruhov\u00fdm vekom sp\u00e1ja prvotriednu kvalitu s impozantnou kapacitou a praktick\u00fdmi rie\u0161eniami. Overen\u00e9 rie\u0161enie na triedenie odpadu v obciach, verejn\u00fdch in\u0161tit\u00faci\u00e1ch (nemocnice, \u0161koly, \u00farady), ve\u013ek\u00fdch obytn\u00fdch s\u00faboroch a podnikoch. Kompatibiln\u00fd so zberov\u00fdmi vozidlami pou\u017e\u00edvaj\u00facimi syst\u00e9m DIN alebo hrebe\u0148ov\u00fd mechanizmus.<\/p>\n<p>Materi\u00e1ly a normy<\/p>\n<p>  Materi\u00e1l: ekologick\u00fd polyetyl\u00e9n s vysokou hustotou (HDPE) vyroben\u00fd vstrekovan\u00edm<br \/>\n  Normy: RAL-GZ 951\/1 a PN\u2011EN 840<br \/>\n  Odoln\u00fd vo\u010di UV \u017eiareniu, da\u017e\u010fu, snehu, extr\u00e9mnym teplot\u00e1m a chemik\u00e1li\u00e1m<\/p>\n<p>Kapacita a za\u0165a\u017eenie<\/p>\n<p>  Kapacita: 1100 l<br \/>\n  Nosnos\u0165: a\u017e 510 kg<\/p>\n<p>Kon\u0161trukcia a vystu\u017eenie<\/p>\n<p>  Vystu\u017een\u00e1 kon\u0161trukcia tela s bo\u010dn\u00fdmi \u010dapmi spevnen\u00fdmi kovov\u00fdmi trubkami<br \/>\n  Po\u010d\u00edta\u010dovo navrhnut\u00e9 oblasti vystaven\u00e9 tlaku a hmotnosti<br \/>\n  Vystu\u017een\u00fd kryt kolies<\/p>\n<p>Syst\u00e9m veka<\/p>\n<p>  Polkruhov\u00e9 veko s pru\u017einou v ramene veka, ktor\u00e1 umo\u017e\u0148uje vo\u013en\u00fd pohyb a aret\u00e1ciu<br \/>\n  Dodato\u010dn\u00e9 men\u0161ie otv\u00e1ranie veka a\u017e do pribli\u017ene 180\u00b0 pre \u013eah\u0161ie pou\u017e\u00edvanie osobami so zdravotn\u00fdm postihnut\u00edm, de\u0165mi a star\u0161\u00edmi \u013eu\u010fmi<\/p>\n<p>Pohodlie a manipul\u00e1cia<\/p>\n<p>  \u0160tyri funk\u010dn\u00e9 bo\u010dn\u00e9 rukov\u00e4te (dve je mo\u017en\u00e9 montova\u0165 v alternat\u00edvnych poloh\u00e1ch)<br \/>\n  \u0160tyri kolieska, priemer 20 cm, s brzdami na dvoch predn\u00fdch koles\u00e1ch<br \/>\n  Hladk\u00e9 vn\u00fatorn\u00e9 a vonkaj\u0161ie povrchy a odtokov\u00fd z\u00e1tka v strede dna pre jednoduch\u00e9 \u010distenie<\/p>\n<p>Farby<\/p>\n<p>  \u0160tandardn\u00e9 farby na triedenie: grafitov\u00e1 (\u010dierna) a zelen\u00e1<br \/>\n  Dostupn\u00e9 v in\u00fdch farb\u00e1ch na triedenie alebo s farebn\u00fdmi vekami na osobitn\u00fa objedn\u00e1vku<\/p>\n<p>K\u013e\u00fa\u010dov\u00e9 vlastnosti<\/p>\n<p>  Kapacita 1100 l<br \/>\n  Zna\u010dka kvality RAL-GZ 951\/1<br \/>\n  Nosnos\u0165 a\u017e 510 kg<br \/>\n  Polkruhov\u00e9 veko + dodato\u010dn\u00e9 otv\u00e1ranie veka ~180\u00b0<br \/>\n  Kon\u0161trukcia z HDPE<br \/>\n  Pru\u017einov\u00e9 dr\u017eanie veka<br \/>\n  Bo\u010dn\u00e9 \u010dapy vystu\u017een\u00e9 kovov\u00fdmi trubkami<br \/>\n  DIN-kompatibiln\u00fd hrebe\u0148ov\u00fd p\u00e1s (medov\u00e1 \u0161trukt\u00fara)<br \/>\n  Vystu\u017een\u00fd kryt kolies, 4 kolieska \u00d8 20 cm s brzdami na predn\u00fdch koles\u00e1ch<br \/>\n  \u0160tyri rukov\u00e4te, odtokov\u00fd z\u00e1tka, hladk\u00e9 povrchy<\/p>\n","protected":false},"excerpt":{"rendered":"<p>1100 l kontajner na triedenie ve\u013ek\u00e9ho objemu odpadu \u2014 kontajner s polkruhov\u00fdm vie\u010dkom, ktor\u00fd kombinuje prvotriednu kvalitu, impozantn\u00fa kapacitu a praktick\u00e9 vlastnosti nemeckej zna\u010dky s desa\u0165ro\u010diami eur\u00f3pskych sk\u00fasenost\u00ed.<\/p>\n","protected":false},"featured_media":1571,"comment_status":"open","ping_status":"closed","template":"","meta":[],"product_brand":[],"product_cat":[106],"product_tag":[],"class_list":{"0":"post-1413","1":"product","2":"type-product","3":"status-publish","4":"has-post-thumbnail","6":"product_cat-kontajnery-na-odpad","8":"first","9":"instock","10":"taxable","11":"shipping-taxable","12":"purchasable","13":"product-type-simple"},"_links":{"self":[{"href":"https:\/\/eco-market24.com\/sk\/wp-json\/wp\/v2\/product\/1413","targetHints":{"allow":["GET"]}}],"collection":[{"href":"https:\/\/eco-market24.com\/sk\/wp-json\/wp\/v2\/product"}],"about":[{"href":"https:\/\/eco-market24.com\/sk\/wp-json\/wp\/v2\/types\/product"}],"replies":[{"embeddable":true,"href":"https:\/\/eco-market24.com\/sk\/wp-json\/wp\/v2\/comments?post=1413"}],"wp:featuredmedia":[{"embeddable":true,"href":"https:\/\/eco-market24.com\/sk\/wp-json\/wp\/v2\/media\/1571"}],"wp:attachment":[{"href":"https:\/\/eco-market24.com\/sk\/wp-json\/wp\/v2\/media?parent=1413"}],"wp:term":[{"taxonomy":"product_brand","embeddable":true,"href":"https:\/\/eco-market24.com\/sk\/wp-json\/wp\/v2\/product_brand?post=1413"},{"taxonomy":"product_cat","embeddable":true,"href":"https:\/\/eco-market24.com\/sk\/wp-json\/wp\/v2\/product_cat?post=1413"},{"taxonomy":"product_tag","embeddable":true,"href":"https:\/\/eco-market24.com\/sk\/wp-json\/wp\/v2\/product_tag?post=1413"}],"curies":[{"name":"wp","href":"https:\/\/api.w.org\/{rel}","templated":true}]}}