{"id":1425,"date":"2025-09-29T16:21:52","date_gmt":"2025-09-29T14:21:52","guid":{"rendered":"https:\/\/eco-market24.com\/product\/odpadovy-kontajner-1100-l-ese-s-delenym-vekom-a-klapkou-v-klapke-zlty\/"},"modified":"2025-09-29T20:00:54","modified_gmt":"2025-09-29T18:00:54","slug":"odpadovy-kontajner-1100-l-ese-s-delenym-vekom-a-klapkou-v-klapke-zlty","status":"publish","type":"product","link":"https:\/\/eco-market24.com\/sk\/produkt\/odpadovy-kontajner-1100-l-ese-s-delenym-vekom-a-klapkou-v-klapke-zlty\/","title":{"rendered":"Odpadov\u00fd kontajner 1100 l ESE s delen\u00fdm vekom a klapkou v klapke, \u017elt\u00fd"},"content":{"rendered":"<p>Kontajner na odpad 1100 l pre plasty a kov<br \/>\nPou\u017eitie: Pre recykla\u010dn\u00e9 centr\u00e1, podniky a obytn\u00e9 s\u00fabory. Kontajner na odpad 1100 l s delen\u00fdm vekom a \u201eklapkou vo veka\u201c v \u017eltej farbe na trieden\u00fd zber plastov a kovov pon\u00faka ve\u013ek\u00fa kapacitu a prvotriedne spracovanie. Navrhnut\u00fd pre ve\u013ek\u00e9 potreby \u2014 ide\u00e1lny pre recykla\u010dn\u00e9 centr\u00e1, mestsk\u00e9 slu\u017eby, ve\u013ek\u00e9 firmy, kancel\u00e1rie, \u0161koly, nemocnice a \u010fal\u0161ie verejn\u00e9 in\u0161tit\u00facie. Vhodn\u00fd do vn\u00fatorn\u00fdch aj vonkaj\u0161\u00edch odpadov\u00fdch pr\u00edstre\u0161kov. Delen\u00e9 veko u\u013eah\u010duje separ\u00e1ciu plastov\u00e9ho a kovov\u00e9ho odpadu. Dostupn\u00fd v troch prevedeniach: mal\u00e9 \u017elt\u00e9 veko, ve\u013ek\u00e9 \u017elt\u00e9 veko alebo cel\u00fd v segreg\u00e1\u010dnej farbe. Sp\u013a\u0148a medzin\u00e1rodn\u00fd \u0161tandard RAL\u2011GZ 951\/1 a eur\u00f3psky \u0161tandard PN\u2011EN 840. Kompatibiln\u00fd s DIN syst\u00e9mom alebo zdv\u00edhac\u00edm mechanizmom na hrebe\u0148. Bezpe\u010dn\u00e9 pou\u017e\u00edvanie potvrden\u00e9 certifik\u00e1tom PZH.<\/p>\n<p>Kon\u0161trukcia a materi\u00e1ly<br \/>\nMateri\u00e1l: Odoln\u00fd polyetyl\u00e9n s vysokou hustotou (HDPE) vyroben\u00fd vstrekovan\u00edm.<\/p>\n<p>  Proti-kor\u00f3zny a odoln\u00fd vo\u010di poveternostn\u00fdm vplyvom (UV, da\u017e\u010fu, snehu, extr\u00e9mnym teplot\u00e1m).<br \/>\n  Chemicky odoln\u00fd.<br \/>\n  Rebren\u00e1 kon\u0161trukcia tela s rebrovan\u00fdmi predn\u00fdmi a zadn\u00fdmi stenami; vystu\u017een\u00e9 kritick\u00e9 z\u00f3ny odoln\u00e9 proti mechanick\u00e9mu po\u0161kodeniu.<\/p>\n<p>Prev\u00e1dzka a komfort pou\u017e\u00edvate\u013ea<br \/>\nSyst\u00e9m klapky vo veka: Mal\u00e1 klapka v\u00e1\u017ei len 1,3 kg \u2014 vhodn\u00e9 pre star\u0161\u00edch a pohybovo obmedzen\u00fdch pou\u017e\u00edvate\u013eov a zni\u017euje miesto pri otvoren\u00ed. Navrhnut\u00e9 tak, aby nezasahovalo do lisovac\u00edch mechanizmov pri vypr\u00e1zd\u0148ovan\u00ed.<\/p>\n<p>  \u0160tyri 20 cm gumov\u00e9 kolieska pre mobilitu a tich\u00fa prev\u00e1dzku.<br \/>\n  Dve brzdy na predn\u00fdch kolieskach pre pevn\u00e9 zastavenie.<br \/>\n  Rukov\u00e4te na manipul\u00e1ciu.<br \/>\n  Hladk\u00e9 vn\u00fatorn\u00e9 a vonkaj\u0161ie povrchy pre jednoduch\u00e9 \u010distenie.<br \/>\n  Mo\u017enos\u0165 vybavenia tlmi\u010dmi hluku.<\/p>\n<p>K\u013e\u00fa\u010dov\u00e9 inform\u00e1cie<\/p>\n<p>  Kapacita: 1100 l<br \/>\n  Delen\u00e9 veko s \u201eklapkou vo veka\u201c (\u017elt\u00e9)<br \/>\n  Kon\u0161trukcia: polyetyl\u00e9n s vysokou hustotou (HDPE)<br \/>\n  Normy: RAL\u2011GZ 951\/1, PN\u2011EN 840<br \/>\n  Kompatibilita vypr\u00e1zd\u0148ovania: DIN syst\u00e9m alebo zdv\u00edhac\u00ed mechanizmus na hrebe\u0148<br \/>\n  Vystu\u017een\u00e1 kon\u0161trukcia, 4 \u00d7 20 cm gumov\u00e9 kolieska, 2 brzdy kolies, rukov\u00e4te, \u013eahko \u010distite\u013en\u00e9 povrchy<br \/>\n  Certifikovan\u00e9 PZH pre bezpe\u010dn\u00e9 pou\u017e\u00edvanie<\/p>\n","protected":false},"excerpt":{"rendered":"<p>Kontajner na odpad 1100 l na plasty a kov \u2014 ide\u00e1lny pre PSZOKy, firmy a bytov\u00e9 are\u00e1ly. \u017dlt\u00e9 delen\u00e9 prevedenie \u201evrchn\u00e1k v vrchn\u00e1ku\u201d pre jednoduch\u00e9 triedenie; robustn\u00e1, ve\u013ekokapacitn\u00e1 kon\u0161trukcia podlo\u017een\u00e1 dlhoro\u010dn\u00fdmi sk\u00fasenos\u0165ami.<\/p>\n","protected":false},"featured_media":2112,"comment_status":"open","ping_status":"closed","template":"","meta":[],"product_brand":[],"product_cat":[106],"product_tag":[],"class_list":{"0":"post-1425","1":"product","2":"type-product","3":"status-publish","4":"has-post-thumbnail","6":"product_cat-kontajnery-na-odpad","8":"first","9":"instock","10":"taxable","11":"shipping-taxable","12":"purchasable","13":"product-type-simple"},"_links":{"self":[{"href":"https:\/\/eco-market24.com\/sk\/wp-json\/wp\/v2\/product\/1425","targetHints":{"allow":["GET"]}}],"collection":[{"href":"https:\/\/eco-market24.com\/sk\/wp-json\/wp\/v2\/product"}],"about":[{"href":"https:\/\/eco-market24.com\/sk\/wp-json\/wp\/v2\/types\/product"}],"replies":[{"embeddable":true,"href":"https:\/\/eco-market24.com\/sk\/wp-json\/wp\/v2\/comments?post=1425"}],"wp:featuredmedia":[{"embeddable":true,"href":"https:\/\/eco-market24.com\/sk\/wp-json\/wp\/v2\/media\/2112"}],"wp:attachment":[{"href":"https:\/\/eco-market24.com\/sk\/wp-json\/wp\/v2\/media?parent=1425"}],"wp:term":[{"taxonomy":"product_brand","embeddable":true,"href":"https:\/\/eco-market24.com\/sk\/wp-json\/wp\/v2\/product_brand?post=1425"},{"taxonomy":"product_cat","embeddable":true,"href":"https:\/\/eco-market24.com\/sk\/wp-json\/wp\/v2\/product_cat?post=1425"},{"taxonomy":"product_tag","embeddable":true,"href":"https:\/\/eco-market24.com\/sk\/wp-json\/wp\/v2\/product_tag?post=1425"}],"curies":[{"name":"wp","href":"https:\/\/api.w.org\/{rel}","templated":true}]}}