{"id":1437,"date":"2025-09-29T16:21:50","date_gmt":"2025-09-29T14:21:50","guid":{"rendered":"https:\/\/eco-market24.com\/product\/kontajner-na-odpad-1100-l-ese-s-delenym-vekom-a-klapkou-v-klapke-cierny\/"},"modified":"2025-09-29T20:00:58","modified_gmt":"2025-09-29T18:00:58","slug":"kontajner-na-odpad-1100-l-ese-s-delenym-vekom-a-klapkou-v-klapke-cierny","status":"publish","type":"product","link":"https:\/\/eco-market24.com\/sk\/produkt\/kontajner-na-odpad-1100-l-ese-s-delenym-vekom-a-klapkou-v-klapke-cierny\/","title":{"rendered":"Kontajner na odpad 1100 l ESE s delen\u00fdm vekom a klapkou v klapke, \u010dierny"},"content":{"rendered":"<p>Certifikovan\u00e1 odolnos\u0165<br \/>\nZhoda: Sp\u013a\u0148a eur\u00f3psky \u0161tandard PN\u2011EN 840 a nesie zna\u010dku kvality RAL\u2011GZ951\/1.<br \/>\nKonstrukcia: Spevnen\u00e9 telo s rebrovan\u00fdmi predn\u00fdmi a zadn\u00fdmi stenami; oblasti vystaven\u00e9 ve\u013ek\u00e9mu nam\u00e1haniu (najm\u00e4 dno) testovan\u00e9 na odolnos\u0165.<br \/>\nMateri\u00e1l: Lisovan\u00fd HD\u2011PE (polyetyl\u00e9n s vysokou hustotou) odoln\u00fd vo\u010di UV \u017eiareniu a poveternostn\u00fdm vplyvom. Chemicky odoln\u00fd \u2014 vhodn\u00fd na r\u00f4zne komun\u00e1lne a priemyseln\u00e9 odpady.<\/p>\n<p>Inovat\u00edvny dizajn rozdelen\u00e9ho veka<br \/>\nSyst\u00e9m klapky vo veku: Nahr\u00e1dza \u0161tandardn\u00e9 ploch\u00e9 veko men\u0161ou, \u013eah\u0161ou klapkou, pri ktorej sta\u010d\u00ed zdvihn\u00fa\u0165 len mal\u00fa \u010das\u0165 na odhodenie odpadu.<br \/>\nOdolnos\u0165 a kompatibilita: Pru\u017en\u00e9 veko s ve\u013ek\u00fdm rozsahom pohybu zabra\u0148uje kol\u00edzii s mechanizmami lisovania odpadu a takmer znemo\u017e\u0148uje prasknutie alebo po\u0161kodenie p\u00e1ntov.<\/p>\n<p>Pr\u00edstupn\u00e9 pre osoby so zdravotn\u00fdm postihnut\u00edm<br \/>\n\u013dahk\u00e1 obsluha: Men\u0161ia klapka s hmotnos\u0165ou 1,3 kg sa d\u00e1 plne otvori\u0165 jednou rukou \u2014 ide\u00e1lne pre star\u0161\u00edch alebo slab\u0161\u00edch pou\u017e\u00edvate\u013eov.<br \/>\nPr\u00edstupn\u00e9 pre voz\u00ed\u010dkarov: Dodato\u010dn\u00fd \u00fachyt na boku veka pre jednoduch\u0161ie pou\u017e\u00edvanie.<br \/>\n\u00daspora miesta: Otv\u00e1ra sa len klapka, \u010do zni\u017euje potrebn\u00fd priestor.<\/p>\n<p>Ekologick\u00e9 a u\u017e\u00edvate\u013esky pr\u00edvetiv\u00e9 vlastnosti<br \/>\nTich\u00e9 gumov\u00e9 kolieska; mo\u017enos\u0165 doplni\u0165 tlmi\u010de hluku na predn\u00e9 veko.<br \/>\nPohodln\u00e9 rukov\u00e4te na oboch veko\u00adch a hladk\u00fd, \u013eahko \u010distite\u013en\u00fd povrch.<br \/>\nK dispoz\u00edcii v \u0161tandardn\u00fdch farb\u00e1ch triedenia odpadu pre rozdelen\u00e9 veko.<br \/>\nEnvironment\u00e1lna certifik\u00e1cia: Nosi\u010d ekologickej zna\u010dky Blue Angel a vyroben\u00e9 z recyklovan\u00fdch materi\u00e1lov.<\/p>\n<p>Ide\u00e1lne pre firmy a spolo\u010denstv\u00e1<br \/>\nPou\u017eitie: Vhodn\u00e9 pre spolo\u010dnosti, in\u0161tit\u00facie a bytov\u00e9 spolo\u010denstv\u00e1, ktor\u00e9 h\u013eadaj\u00fa odoln\u00e9, funk\u010dn\u00e9 komun\u00e1lne kontajnery.<br \/>\nKompatibilita: Adaptovan\u00e9 pre vysyp\u00e1vanie pod\u013ea DIN a hrebe\u0148ov\u00e9 zdv\u00edhacie mechanizmy; kompatibiln\u00e9 s be\u017en\u00fdmi zberov\u00fdmi vozidlami v Po\u013esku.<br \/>\nMo\u017enosti: K dispoz\u00edcii s rozdelen\u00fdm vekom \u201eflap in lid\u201c alebo klasickou plochou mo\u017enos\u0165ou \u201elid in lid\u201c.<\/p>\n","protected":false},"excerpt":{"rendered":"<p>Certifikovan\u00e1 odolnos\u0165 1100\u2011litrov\u00e9ho odpadkov\u00e9ho kontajnera \u2014 ofici\u00e1lne v s\u00falade s eur\u00f3pskou normou PN\u2011EN 840 a nes\u00faci zna\u010dku kvality RAL\u2011GZ 951\/1<\/p>\n","protected":false},"featured_media":1514,"comment_status":"open","ping_status":"closed","template":"","meta":[],"product_brand":[],"product_cat":[106],"product_tag":[],"class_list":{"0":"post-1437","1":"product","2":"type-product","3":"status-publish","4":"has-post-thumbnail","6":"product_cat-kontajnery-na-odpad","8":"first","9":"instock","10":"taxable","11":"shipping-taxable","12":"purchasable","13":"product-type-simple"},"_links":{"self":[{"href":"https:\/\/eco-market24.com\/sk\/wp-json\/wp\/v2\/product\/1437","targetHints":{"allow":["GET"]}}],"collection":[{"href":"https:\/\/eco-market24.com\/sk\/wp-json\/wp\/v2\/product"}],"about":[{"href":"https:\/\/eco-market24.com\/sk\/wp-json\/wp\/v2\/types\/product"}],"replies":[{"embeddable":true,"href":"https:\/\/eco-market24.com\/sk\/wp-json\/wp\/v2\/comments?post=1437"}],"wp:featuredmedia":[{"embeddable":true,"href":"https:\/\/eco-market24.com\/sk\/wp-json\/wp\/v2\/media\/1514"}],"wp:attachment":[{"href":"https:\/\/eco-market24.com\/sk\/wp-json\/wp\/v2\/media?parent=1437"}],"wp:term":[{"taxonomy":"product_brand","embeddable":true,"href":"https:\/\/eco-market24.com\/sk\/wp-json\/wp\/v2\/product_brand?post=1437"},{"taxonomy":"product_cat","embeddable":true,"href":"https:\/\/eco-market24.com\/sk\/wp-json\/wp\/v2\/product_cat?post=1437"},{"taxonomy":"product_tag","embeddable":true,"href":"https:\/\/eco-market24.com\/sk\/wp-json\/wp\/v2\/product_tag?post=1437"}],"curies":[{"name":"wp","href":"https:\/\/api.w.org\/{rel}","templated":true}]}}