{"id":1443,"date":"2025-09-29T16:21:50","date_gmt":"2025-09-29T14:21:50","guid":{"rendered":"https:\/\/eco-market24.com\/product\/cerveny-1100-l-kontajner-na-odpad\/"},"modified":"2025-09-29T20:01:00","modified_gmt":"2025-09-29T18:01:00","slug":"cerveny-1100-l-kontajner-na-odpad","status":"publish","type":"product","link":"https:\/\/eco-market24.com\/sk\/produkt\/cerveny-1100-l-kontajner-na-odpad\/","title":{"rendered":"\u010cerven\u00fd 1100 l kontajner na odpad"},"content":{"rendered":"<p>\u010cerven\u00fd kontajner na odpad 1100 L \u2014 RAL-GZ951\/1<\/p>\n<p>\u0160tandard a certifik\u00e1cia: V s\u00falade s kvalitat\u00edvnym \u0161tandardom RAL-GZ951\/1 a PN EN 840. Ozna\u010den\u00fd zna\u010dkou CE, sp\u013a\u0148a pr\u00edslu\u0161n\u00e9 eur\u00f3pske a n\u00e1rodn\u00e9 normy.<\/p>\n<p>Ur\u010denie<br \/>\nNavrhnut\u00fd na triedenie lek\u00e1rskeho a nebezpe\u010dn\u00e9ho odpadu v nemocniciach, zdravotn\u00edckych zariadeniach, kozmetick\u00fdch sal\u00f3noch a in\u00fdch priestoroch vy\u017eaduj\u00facich odolnos\u0165 vo\u010di infek\u010dn\u00e9mu odpadu a \u010dast\u00e9mu pou\u017e\u00edvaniu.<\/p>\n<p>Kon\u0161trukcia a materi\u00e1ly<\/p>\n<p>  Materi\u00e1l: Vysoko hustotn\u00fd polyetyl\u00e9n (HDPE), recyklovate\u013en\u00fd.<br \/>\n  Kon\u0161trukcia: Po\u010d\u00edta\u010dovo testovan\u00e1, odoln\u00e1 kon\u0161trukcia s hladk\u00fdm vn\u00fatrom pre \u013eahk\u00e9 \u010distenie.<br \/>\n  Odtok: Spodn\u00fd odtokov\u00fd otvor zabezpe\u010den\u00fd z\u00e1tkou.<br \/>\n  Nosnos\u0165: Menovit\u00e1 z\u00e1\u0165a\u017e a\u017e 510 kg (najvy\u0161\u0161ia dostupn\u00e1 pre 1100 L plastov\u00e9 komun\u00e1lne kontajnery).<\/p>\n<p>Trvanlivos\u0165 a normy<\/p>\n<p>  Vyroben\u00e9 v\u00fdrobcom s 80\u2011ro\u010dn\u00fdmi sk\u00fasenos\u0165ami vo v\u00fdrobe MGB kontajnerov.<br \/>\n  Vysok\u00e1 odolnos\u0165 vo\u010di UV \u017eiareniu a n\u00edzkym teplot\u00e1m; vhodn\u00e9 na vonkaj\u0161ie pou\u017eitie za v\u0161etk\u00fdch poveternostn\u00fdch podmienok.<br \/>\n  Ploch\u00fd vrch vie\u010dka vyhovuje po\u017eiadavk\u00e1m noriem DIN.<br \/>\n  Vybaven\u00e9 bo\u010dn\u00fdmi p\u00e1ntmi pre vypr\u00e1zd\u0148ovanie zberov\u00fdmi vozidlami zo strany, zo zadnej alebo prednej hrany kontajnera.<\/p>\n","protected":false},"excerpt":{"rendered":"<p>\u010cerven\u00fd kontajner 1 100 l, certifikovan\u00fd pod\u013ea \u0161tandardu kvality RAL\u2011GZ 951\/1.<\/p>\n","protected":false},"featured_media":1585,"comment_status":"open","ping_status":"closed","template":"","meta":[],"product_brand":[],"product_cat":[106],"product_tag":[],"class_list":{"0":"post-1443","1":"product","2":"type-product","3":"status-publish","4":"has-post-thumbnail","6":"product_cat-kontajnery-na-odpad","8":"first","9":"instock","10":"taxable","11":"shipping-taxable","12":"purchasable","13":"product-type-simple"},"_links":{"self":[{"href":"https:\/\/eco-market24.com\/sk\/wp-json\/wp\/v2\/product\/1443","targetHints":{"allow":["GET"]}}],"collection":[{"href":"https:\/\/eco-market24.com\/sk\/wp-json\/wp\/v2\/product"}],"about":[{"href":"https:\/\/eco-market24.com\/sk\/wp-json\/wp\/v2\/types\/product"}],"replies":[{"embeddable":true,"href":"https:\/\/eco-market24.com\/sk\/wp-json\/wp\/v2\/comments?post=1443"}],"wp:featuredmedia":[{"embeddable":true,"href":"https:\/\/eco-market24.com\/sk\/wp-json\/wp\/v2\/media\/1585"}],"wp:attachment":[{"href":"https:\/\/eco-market24.com\/sk\/wp-json\/wp\/v2\/media?parent=1443"}],"wp:term":[{"taxonomy":"product_brand","embeddable":true,"href":"https:\/\/eco-market24.com\/sk\/wp-json\/wp\/v2\/product_brand?post=1443"},{"taxonomy":"product_cat","embeddable":true,"href":"https:\/\/eco-market24.com\/sk\/wp-json\/wp\/v2\/product_cat?post=1443"},{"taxonomy":"product_tag","embeddable":true,"href":"https:\/\/eco-market24.com\/sk\/wp-json\/wp\/v2\/product_tag?post=1443"}],"curies":[{"name":"wp","href":"https:\/\/api.w.org\/{rel}","templated":true}]}}