{"id":1449,"date":"2025-09-29T16:21:49","date_gmt":"2025-09-29T14:21:49","guid":{"rendered":"https:\/\/eco-market24.com\/product\/1100-l-plastovy-kontajner-na-recyklaciu\/"},"modified":"2025-09-29T20:01:02","modified_gmt":"2025-09-29T18:01:02","slug":"1100-l-plastovy-kontajner-na-recyklaciu","status":"publish","type":"product","link":"https:\/\/eco-market24.com\/sk\/produkt\/1100-l-plastovy-kontajner-na-recyklaciu\/","title":{"rendered":"1100 l plastov\u00fd kontajner na recykl\u00e1ciu"},"content":{"rendered":"<p>Kontajner na plast 1100 l pre firmy, in\u0161tit\u00facie a bytov\u00e9 dru\u017estv\u00e1<\/p>\n<p>ese je rie\u0161enie, ktor\u00e9 u\u013eah\u010duje spr\u00e1vne triedenie odpadu. Je vynikaj\u00facou vo\u013ebou pre obce, mest\u00e1, in\u0161tit\u00facie, firmy a bytov\u00e9 domy. Zna\u010dka ese je zn\u00e1ma vysokou kvalitou a estetikou, pr\u00edtomn\u00e1 v celej Eur\u00f3pe u\u017e 80 rokov. Kontajner umo\u017e\u0148uje jednoduch\u00e9 triedenie plastov\u00fdch materi\u00e1lov vhodn\u00fdch na op\u00e4tovn\u00e9 pou\u017eitie a je ekologick\u00fdm rie\u0161en\u00edm \u2014 triedenie nie je len povinnos\u0165ou ukladanou Eur\u00f3pskou \u00faniou, ale aj pr\u00ednosom pre plan\u00e9tu.<\/p>\n<p>Normy a certifik\u00e1cia<br \/>\nKontajner na odpad 1100 l je bezpe\u010dn\u00fd na pou\u017e\u00edvanie a sp\u013a\u0148a glob\u00e1lnu normu RAL-GZ 951\/1 a eur\u00f3psku normu EN 840. Certifik\u00e1t od N\u00e1rodn\u00e9ho \u00fastavu hygieny potvrdzuje, \u017ee nem\u00e1 negat\u00edvny vplyv na \u017eivotn\u00e9 prostredie. Kontajner je kompatibiln\u00fd s n\u00e1kladn\u00fdmi automobilmi na zber odpadu s predn\u00fdm, bo\u010dn\u00fdm a zadn\u00fdm nakladan\u00edm pomocou bo\u010dn\u00fdch \u010dapov alebo predn\u00e9ho hrebena.<\/p>\n<p>Odoln\u00fd, proti po\u0161kodeniu chr\u00e1nen\u00fd \u017elt\u00fd kontajner<br \/>\nPlastov\u00fd kontajner 1100 l je vhodn\u00fd do uzavret\u00fdch odpadov\u00fdch miestnost\u00ed v administrat\u00edvnych budov\u00e1ch, ako aj do polootvoren\u00fdch pr\u00edstre\u0161kov v bytov\u00fdch komplexoch. Je vyroben\u00fd z vysokohustotn\u00e9ho polyetyl\u00e9nu, odoln\u00e9ho vo\u010di nepriazniv\u00fdm poveternostn\u00fdm podmienkam a kyselin\u00e1m, a nedegraduje vplyvom UV \u017eiarenia, siln\u00fdch mrazov ani intenz\u00edvnych da\u017e\u010fov. Kompaktn\u00e9 rozmery a robustn\u00e1 kon\u0161trukcia umo\u017e\u0148uj\u00fa v\u0161estrann\u00e9 pou\u017eitie a estetick\u00e9 prevedenie umo\u017e\u0148uje umiestnenie aj na vo\u013en\u00fdch priestranstv\u00e1ch, napr. v podzemn\u00fdch gar\u00e1\u017each.<\/p>\n<p>  Spevnen\u00e1 kon\u0161trukcia tela s zaoblen\u00fdmi predn\u00fdmi a zadn\u00fdmi hranami pre estetick\u00fa a funk\u010dn\u00fa odolnos\u0165<br \/>\n  Po\u010d\u00edta\u010dom navrhnut\u00e1 z\u00e1klad\u0148a a prvky vystaven\u00e9 vysok\u00e9mu tlaku a z\u00e1\u0165a\u017ei<br \/>\n  Hrebe\u0148 v s\u00falade s normou DIN<br \/>\n  Odoln\u00fd vo\u010di mechanick\u00e9mu po\u0161kodeniu po roky pou\u017e\u00edvania<\/p>\n<p>Praktick\u00e9 a u\u017e\u00edvate\u013esky pr\u00edvetiv\u00e9 prvky<br \/>\nK\u00f4\u0161 je jednoduch\u00fd na pou\u017e\u00edvanie a bezpe\u010dn\u00fd:<\/p>\n<p>  Dve otvory v vie\u010dku na f\u013ea\u0161e alebo men\u0161ie vreck\u00e1 bez nutnosti zdv\u00edhania cel\u00e9ho vie\u010dka<br \/>\n  \u0160tyri kolieska (\u00d8 200 mm) s vystu\u017een\u00fdmi krytmi a dvoma predn\u00fdmi brzdami pre mobilitu a stabilitu<br \/>\n  \u0160tyri ergonomick\u00e9 madl\u00e1 na manipul\u00e1ciu<br \/>\n  Vie\u010dka s bo\u010dnou pr\u00edlo\u017ekou, ktor\u00e1 sa sama zatv\u00e1ra a umo\u017e\u0148uje nastavenie polohy, \u010do dovo\u013euje umiestnenie na nerovnom ter\u00e9ne<br \/>\n  Volite\u013en\u00fd z\u00e1mok na k\u013e\u00fa\u010d pre zabezpe\u010den\u00e9 lokality (napr. bytov\u00e9 domy)<br \/>\n  Hladk\u00fd povrch pre jednoduch\u00e9 \u010distenie a \u00fadr\u017ebu<br \/>\n  Centr\u00e1lny v\u00fdpustn\u00fd z\u00e1tka pre v\u00e4\u010d\u0161ie pohodlie<\/p>\n<p>K\u013e\u00fa\u010dov\u00e9 inform\u00e1cie<\/p>\n<p>  Kapacita: 1100 l<br \/>\n  Farba: \u017elt\u00e1<br \/>\n  2 otvory v vie\u010dku<br \/>\n  Po\u010d\u00edta\u010dovo navrhnut\u00e9 pre vysok\u00fa pevnos\u0165<br \/>\n  Odolnos\u0165 vo\u010di kyselin\u00e1m, UV \u017eiareniu a da\u017e\u010fu<br \/>\n  S\u00falad s RAL-GZ 951\/1 a PN EN 840<br \/>\n  Certifik\u00e1t od N\u00e1rodn\u00e9ho \u00fastavu hygieny<br \/>\n  Mechanizmus zatv\u00e1rania vie\u010dka s tlakom<br \/>\n  Brzdy na predn\u00fdch koles\u00e1ch pre lep\u0161iu stabilitu<br \/>\n  Jednoduch\u00e1 \u00fadr\u017eba \u010distoty<\/p>\n","protected":false},"excerpt":{"rendered":"<p>1100 l kontajner na recykl\u00e1ciu plastov \u2014 odoln\u00e9, \u013eahko pou\u017eite\u013en\u00e9 rie\u0161enie pre obce, firmy, in\u0161tit\u00facie a bytov\u00e9 domy, ktor\u00e9 zjednodu\u0161uje spr\u00e1vne triedenie a zber plastov<\/p>\n","protected":false},"featured_media":2125,"comment_status":"open","ping_status":"closed","template":"","meta":[],"product_brand":[],"product_cat":[106],"product_tag":[],"class_list":{"0":"post-1449","1":"product","2":"type-product","3":"status-publish","4":"has-post-thumbnail","6":"product_cat-kontajnery-na-odpad","8":"first","9":"instock","10":"taxable","11":"shipping-taxable","12":"purchasable","13":"product-type-simple"},"_links":{"self":[{"href":"https:\/\/eco-market24.com\/sk\/wp-json\/wp\/v2\/product\/1449","targetHints":{"allow":["GET"]}}],"collection":[{"href":"https:\/\/eco-market24.com\/sk\/wp-json\/wp\/v2\/product"}],"about":[{"href":"https:\/\/eco-market24.com\/sk\/wp-json\/wp\/v2\/types\/product"}],"replies":[{"embeddable":true,"href":"https:\/\/eco-market24.com\/sk\/wp-json\/wp\/v2\/comments?post=1449"}],"wp:featuredmedia":[{"embeddable":true,"href":"https:\/\/eco-market24.com\/sk\/wp-json\/wp\/v2\/media\/2125"}],"wp:attachment":[{"href":"https:\/\/eco-market24.com\/sk\/wp-json\/wp\/v2\/media?parent=1449"}],"wp:term":[{"taxonomy":"product_brand","embeddable":true,"href":"https:\/\/eco-market24.com\/sk\/wp-json\/wp\/v2\/product_brand?post=1449"},{"taxonomy":"product_cat","embeddable":true,"href":"https:\/\/eco-market24.com\/sk\/wp-json\/wp\/v2\/product_cat?post=1449"},{"taxonomy":"product_tag","embeddable":true,"href":"https:\/\/eco-market24.com\/sk\/wp-json\/wp\/v2\/product_tag?post=1449"}],"curies":[{"name":"wp","href":"https:\/\/api.w.org\/{rel}","templated":true}]}}