{"id":1467,"date":"2025-09-29T16:21:20","date_gmt":"2025-09-29T14:21:20","guid":{"rendered":"https:\/\/eco-market24.com\/product\/eco-modular-modularny-kontajner-na-triedeny-odpad-5-x-60-l-biely\/"},"modified":"2025-09-29T20:02:20","modified_gmt":"2025-09-29T18:02:20","slug":"eco-modular-modularny-kontajner-na-triedeny-odpad-5-x-60-l-biely","status":"publish","type":"product","link":"https:\/\/eco-market24.com\/sk\/produkt\/eco-modular-modularny-kontajner-na-triedeny-odpad-5-x-60-l-biely\/","title":{"rendered":"Eco Modular modul\u00e1rny kontajner na trieden\u00fd odpad 5 x 60 l biely"},"content":{"rendered":"<p>Modul\u00e1rny odpadkov\u00fd k\u00f4\u0161 &#8211; najlep\u0161ia vo\u013eba do verejn\u00fdch priestorov<br \/>\nEco Modular 5 x 60 L Biela je v\u0161estrann\u00e9 rie\u0161enie, ktor\u00e9 v\u00fdborne funguje na r\u00f4znych miestach a podporuje triedenie odpadu a starostlivos\u0165 o \u017eivotn\u00e9 prostredie. Jeho kompaktn\u00fd, modul\u00e1rny dizajn umo\u017e\u0148uje prepojenie viacer\u00fdch n\u00e1dob a prisp\u00f4sobenie po\u010dtu pod\u013ea individu\u00e1lnych potrieb. T\u00e1to stanica na triedenie odpadu je ide\u00e1lna do vonkaj\u0161\u00edch priestorov kancel\u00e1ri\u00ed, \u0161k\u00f4l, re\u0161taur\u00e1ci\u00ed, hotelov a obytn\u00fdch komplexov. Je tie\u017e v\u00fdbornou vo\u013ebou pre verejn\u00e9 priestory ako n\u00e1kupn\u00e9 centr\u00e1, stanice alebo \u0161portov\u00e9 haly, kde je d\u00f4le\u017eit\u00e9 zachova\u0165 poriadok a estetiku.<\/p>\n<p>Preh\u013ead produktu<\/p>\n<p>  Kapacita: 5 \u00d7 60 L<br \/>\n  Farba: Biela<br \/>\n  Dizajn: Samostatne stojaci, modul\u00e1rny<br \/>\n  Materi\u00e1l: Pozinkovan\u00e1 oce\u013e s bielym pr\u00e1\u0161kov\u00fdm n\u00e1terom<br \/>\n  Ozna\u010denie: Mo\u017enos\u0165 ozna\u010denia z\u00e1kazn\u00edckymi n\u00e1lepkami s frakciami (5 mo\u017enost\u00ed)<\/p>\n<p>Kon\u0161trukcia a povrchov\u00e1 \u00faprava<br \/>\nModul\u00e1rny odpadkov\u00fd k\u00f4\u0161 je vyroben\u00fd z kvalitnej pozinkovanej ocele, ktor\u00e1 poskytuje v\u00fdnimo\u010dn\u00fa odolnos\u0165 a ochranu proti kor\u00f3zii. Pozinkovac\u00ed proces chr\u00e1ni materi\u00e1l pred po\u0161koden\u00edm vlhkos\u0165ou, v\u010faka \u010domu je vhodn\u00fd na vonkaj\u0161ie aj vn\u00fatorn\u00e9 pou\u017eitie. Dodato\u010dn\u00e1 vrstva bieleho pr\u00e1\u0161kov\u00e9ho n\u00e1teru chr\u00e1ni jednotku pred mechanick\u00fdm po\u0161koden\u00edm, ako s\u00fa \u0161krabance alebo prelia\u010diny, \u010d\u00edm predl\u017euje \u017eivotnos\u0165 pri intenz\u00edvnom pou\u017e\u00edvan\u00ed. Biely povrch poskytuje modern\u00fd, minimalistick\u00fd vzh\u013ead, ktor\u00fd sa hod\u00ed do r\u00f4znych prostred\u00ed a zabezpe\u010duje jednoduch\u00e9 \u010distenie a \u00fadr\u017ebu.<\/p>\n<p>Funk\u010dnos\u0165 a pohodlie<br \/>\nJednotka je navrhnut\u00e1 pre maxim\u00e1lnu funk\u010dnos\u0165 a pohodlie pou\u017e\u00edvate\u013eov:<\/p>\n<p>  Modul\u00e1rny dizajn umo\u017e\u0148uje kombinovanie viacer\u00fdch n\u00e1dob do zost\u00e1v na mieru<br \/>\n  Pohodln\u00e9 vhadzovacie otvory pre r\u00fdchle a intuit\u00edvne vyhadzovanie<br \/>\n  Stabiln\u00e1 kon\u0161trukcia pre bezpe\u010dn\u00e9 pou\u017e\u00edvanie na pevn\u00fdch povrchoch<br \/>\n  Vn\u00fatorn\u00e9 pozinkovan\u00e9 vlo\u017eky s v\u00fdklopn\u00fdmi vekom pre jednoduch\u00e9 vypr\u00e1zd\u0148ovanie<br \/>\n  Kompaktn\u00e1 ve\u013ekos\u0165 a relat\u00edvna \u013eahkos\u0165 pre jednoduch\u00e9 umiestnenie a prevoz<\/p>\n<p>\u0160tandardizovan\u00e9 ozna\u010denie frakci\u00ed<br \/>\nOdpadkov\u00fd k\u00f4\u0161 je mo\u017en\u00e9 ozna\u010di\u0165 odoln\u00fdmi, protioderov\u00fdmi n\u00e1lepkami v \u0161tandardn\u00fdch farb\u00e1ch triedenia, aby sa zlep\u0161ila efektivita separ\u00e1cie:<\/p>\n<p>  Modr\u00e1: Papier<br \/>\n  \u010cierna: Zmesov\u00fd odpad<br \/>\n  Zelen\u00e1: Sklo<br \/>\n  \u017dlt\u00e1: Plasty a kov<br \/>\n  Hned\u00e1: Bioodpad<\/p>\n<p>Jasn\u00e9 ozna\u010denie pom\u00e1ha pou\u017e\u00edvate\u013eom r\u00fdchlo identifikova\u0165 spr\u00e1vne miesto pre konkr\u00e9tny odpad, \u010do je obzvl\u00e1\u0161\u0165 u\u017eito\u010dn\u00e9 vo verejn\u00fdch priestoroch.<\/p>\n<p>K\u013e\u00fa\u010dov\u00e9 inform\u00e1cie<\/p>\n<p>  Model: Eco Modular 5 \u00d7 60 L Biela<br \/>\n  Kapacita: 5 \u00d7 60 litrov<br \/>\n  Materi\u00e1l: Pozinkovan\u00e1 oce\u013e s bielym pr\u00e1\u0161kov\u00fdm n\u00e1terom<br \/>\n  Vlastnosti: Vn\u00fatorn\u00e9 pozinkovan\u00e9 vlo\u017eky, ve\u013ek\u00e9 vhadzovacie otvory, v\u00fdklopn\u00e9 veko, samostatne stojaca kon\u0161trukcia, mo\u017enos\u0165 n\u00e1lepiek s n\u00e1zvami frakci\u00ed<\/p>\n","protected":false},"excerpt":{"rendered":"<p>Modul\u00e1rny recykla\u010dn\u00fd kontajner \u2014 najlep\u0161ia vo\u013eba pre verejn\u00e9 priestory. Eco Modular 5\u00d760 l (biela): v\u0161estrann\u00e9 rie\u0161enie pre r\u00f4zne miesta, podporuj\u00face triedenie odpadu a starostlivos\u0165 o \u017eivotn\u00e9 prostredie.<\/p>\n","protected":false},"featured_media":1827,"comment_status":"open","ping_status":"closed","template":"","meta":[],"product_brand":[],"product_cat":[70],"product_tag":[],"class_list":{"0":"post-1467","1":"product","2":"type-product","3":"status-publish","4":"has-post-thumbnail","6":"product_cat-waste-containers","8":"first","9":"instock","10":"taxable","11":"shipping-taxable","12":"purchasable","13":"product-type-simple"},"_links":{"self":[{"href":"https:\/\/eco-market24.com\/sk\/wp-json\/wp\/v2\/product\/1467","targetHints":{"allow":["GET"]}}],"collection":[{"href":"https:\/\/eco-market24.com\/sk\/wp-json\/wp\/v2\/product"}],"about":[{"href":"https:\/\/eco-market24.com\/sk\/wp-json\/wp\/v2\/types\/product"}],"replies":[{"embeddable":true,"href":"https:\/\/eco-market24.com\/sk\/wp-json\/wp\/v2\/comments?post=1467"}],"wp:featuredmedia":[{"embeddable":true,"href":"https:\/\/eco-market24.com\/sk\/wp-json\/wp\/v2\/media\/1827"}],"wp:attachment":[{"href":"https:\/\/eco-market24.com\/sk\/wp-json\/wp\/v2\/media?parent=1467"}],"wp:term":[{"taxonomy":"product_brand","embeddable":true,"href":"https:\/\/eco-market24.com\/sk\/wp-json\/wp\/v2\/product_brand?post=1467"},{"taxonomy":"product_cat","embeddable":true,"href":"https:\/\/eco-market24.com\/sk\/wp-json\/wp\/v2\/product_cat?post=1467"},{"taxonomy":"product_tag","embeddable":true,"href":"https:\/\/eco-market24.com\/sk\/wp-json\/wp\/v2\/product_tag?post=1467"}],"curies":[{"name":"wp","href":"https:\/\/api.w.org\/{rel}","templated":true}]}}