{"id":1480,"date":"2025-09-29T16:21:45","date_gmt":"2025-09-29T14:21:45","guid":{"rendered":"https:\/\/eco-market24.com\/product\/odpadkovy-kos-na-triedeny-odpad-4-komorovy-eco-star-4-x-60-l\/"},"modified":"2025-09-29T20:01:08","modified_gmt":"2025-09-29T18:01:08","slug":"odpadkovy-kos-na-triedeny-odpad-4-komorovy-eco-star-4-x-60-l","status":"publish","type":"product","link":"https:\/\/eco-market24.com\/sk\/produkt\/odpadkovy-kos-na-triedeny-odpad-4-komorovy-eco-star-4-x-60-l\/","title":{"rendered":"Odpadkov\u00fd k\u00f4\u0161 na trieden\u00fd odpad, 4-komorov\u00fd Eco Star, 4 x 60 l"},"content":{"rendered":"<p>Stanica na triedenie odpadu \u2014 Recykla\u010dn\u00fd k\u00f4\u0161 4-komorov\u00fd eco star 4 \u00d7 60 l<br \/>\n4-komorov\u00fd eco star 4 \u00d7 60 l je overen\u00fd vn\u00fatorn\u00fd recykla\u010dn\u00fd kontajner ur\u010den\u00fd pre administrat\u00edvne budovy, \u00farady, \u0161koly, ambulancie, n\u00e1kupn\u00e9 centr\u00e1, prev\u00e1dzky, kryt\u00e9 parkovisk\u00e1 a \u017eelezni\u010dn\u00e9 stanice. Kombinuje \u0161tyri komory s kapacitou 60 litrov ka\u017ed\u00e1 a je ide\u00e1lnym rie\u0161en\u00edm pre pracovisk\u00e1, jed\u00e1lne a chodby, kde sa zav\u00e1dzaj\u00fa ekologick\u00e9 postupy.<\/p>\n<p>Kon\u0161trukcia a povrchov\u00e1 \u00faprava<br \/>\nRecykla\u010dn\u00fd k\u00f4\u0161 je vyroben\u00fd z lakovanej ocele pre zv\u00fd\u0161en\u00fa odolnos\u0165 vo\u010di mechanick\u00e9mu po\u0161kodeniu a dlh\u00fa \u017eivotnos\u0165. Korpus je v grafitovej farbe (RAL 7024) a je vybaven\u00fd ve\u013ek\u00fdmi n\u00e1lepkami s n\u00e1zvami frakci\u00ed a v\u00fdrezmi v farb\u00e1ch triedenia pre lep\u0161iu identifik\u00e1ciu.<\/p>\n<p>Farby triedenia<br \/>\nFarby r\u00e1mikov otvorov zodpovedaj\u00fa usmerneniam Ministerstva klimatick\u00e9ho a environment\u00e1lneho. Dostupn\u00e9 mo\u017enosti:<\/p>\n<p>  \u017dlt\u00e1 \u2014 plasty a kovy<br \/>\n  Modr\u00e1 \u2014 papier<br \/>\n  Zelen\u00e1 \u2014 sklo<br \/>\n  Hned\u00e1 \u2014 biologicky rozlo\u017eite\u013en\u00fd odpad<br \/>\n  Grafitov\u00e1 \u2014 zmesov\u00fd odpad<\/p>\n<p>Praktick\u00e9 funkcie<\/p>\n<p>  R\u00e1miky na vrecia, ktor\u00e9 dr\u017eia vreck\u00e1 na mieste (navrhnut\u00e9 pre vrecia 120 l)<br \/>\n  \u013dahk\u00e9 vypr\u00e1zd\u0148ovanie a \u010distenie \u2014 zabra\u0148uje rozsypaniu odpadu pri naplnen\u00ed<br \/>\n  Stabiln\u00e9 nohy pre bezpe\u010dn\u00e9 umiestnenie<br \/>\n  Mont\u00e1\u017ene otvory na sp\u00e1janie modulov a vytv\u00e1ranie zost\u00e1v na mieru<br \/>\n  Pr\u00edprava na in\u0161tal\u00e1ciu visacieho z\u00e1mku na zabr\u00e1nenie neopr\u00e1vnen\u00e9mu pr\u00edstupu<\/p>\n<p>K\u013e\u00fa\u010dov\u00e9 inform\u00e1cie<\/p>\n<p>  Kapacita: 4 \u00d7 60 litrov<br \/>\n  Materi\u00e1l: lakovan\u00e1 oce\u013e<br \/>\n  Ur\u010denie: vn\u00fatorn\u00e9 pou\u017eitie<br \/>\n  Povrchov\u00e1 \u00faprava: grafitov\u00e1 (RAL 7024)<br \/>\n  Farby r\u00e1mikov otvorov: 5 farieb triedenia k dispoz\u00edcii<br \/>\n  \u0160t\u00edtky: n\u00e1lepky s n\u00e1zvami frakci\u00ed<br \/>\n  Bezpe\u010dnos\u0165: dvierka s mo\u017enos\u0165ou z\u00e1mky<br \/>\n  Pr\u00edslu\u0161enstvo: r\u00e1miky na vrecia, stabiliza\u010dn\u00e9 nohy, mont\u00e1\u017ene otvory<\/p>\n","protected":false},"excerpt":{"rendered":"<p>Eco Star 4 x 60 L 4\u2011komorov\u00e1 vn\u00fatorn\u00e1 recykla\u010dn\u00e1 stanica \u2014 overen\u00e9 rie\u0161enie pre kancel\u00e1rie, \u0161t\u00e1tne budovy a \u0161koly, navrhnut\u00e9 pre firmy zav\u00e1dzaj\u00face ekologick\u00e9 triedenie odpadu.<\/p>\n","protected":false},"featured_media":1836,"comment_status":"open","ping_status":"closed","template":"","meta":[],"product_brand":[],"product_cat":[70],"product_tag":[],"class_list":{"0":"post-1480","1":"product","2":"type-product","3":"status-publish","4":"has-post-thumbnail","6":"product_cat-waste-containers","8":"first","9":"instock","10":"taxable","11":"shipping-taxable","12":"purchasable","13":"product-type-simple"},"_links":{"self":[{"href":"https:\/\/eco-market24.com\/sk\/wp-json\/wp\/v2\/product\/1480","targetHints":{"allow":["GET"]}}],"collection":[{"href":"https:\/\/eco-market24.com\/sk\/wp-json\/wp\/v2\/product"}],"about":[{"href":"https:\/\/eco-market24.com\/sk\/wp-json\/wp\/v2\/types\/product"}],"replies":[{"embeddable":true,"href":"https:\/\/eco-market24.com\/sk\/wp-json\/wp\/v2\/comments?post=1480"}],"wp:featuredmedia":[{"embeddable":true,"href":"https:\/\/eco-market24.com\/sk\/wp-json\/wp\/v2\/media\/1836"}],"wp:attachment":[{"href":"https:\/\/eco-market24.com\/sk\/wp-json\/wp\/v2\/media?parent=1480"}],"wp:term":[{"taxonomy":"product_brand","embeddable":true,"href":"https:\/\/eco-market24.com\/sk\/wp-json\/wp\/v2\/product_brand?post=1480"},{"taxonomy":"product_cat","embeddable":true,"href":"https:\/\/eco-market24.com\/sk\/wp-json\/wp\/v2\/product_cat?post=1480"},{"taxonomy":"product_tag","embeddable":true,"href":"https:\/\/eco-market24.com\/sk\/wp-json\/wp\/v2\/product_tag?post=1480"}],"curies":[{"name":"wp","href":"https:\/\/api.w.org\/{rel}","templated":true}]}}