{"id":1488,"date":"2025-09-29T16:21:17","date_gmt":"2025-09-29T14:21:17","guid":{"rendered":"https:\/\/eco-market24.com\/product\/eco-modular-modularny-kos-na-recyklaciu-2-x-60-l-biely\/"},"modified":"2025-09-29T20:02:25","modified_gmt":"2025-09-29T18:02:25","slug":"eco-modular-modularny-kos-na-recyklaciu-2-x-60-l-biely","status":"publish","type":"product","link":"https:\/\/eco-market24.com\/sk\/produkt\/eco-modular-modularny-kos-na-recyklaciu-2-x-60-l-biely\/","title":{"rendered":"Eco Modular modul\u00e1rny k\u00f4\u0161 na recykl\u00e1ciu 2 \u00d7 60 l biely"},"content":{"rendered":"<p>Modul\u00e1rny odpadkov\u00fd k\u00f4\u0161 \u2013 najlep\u0161ia vo\u013eba pre verejn\u00e9 priestory<br \/>\nEkologick\u00fd modul\u00e1rny triediaci k\u00f4\u0161 2 \u00d7 60 l (biely) je v\u0161estrann\u00e9 rie\u0161enie na podporu separ\u00e1cie odpadu a starostlivosti o \u017eivotn\u00e9 prostredie. Jeho kompaktn\u00fd, modul\u00e1rny dizajn umo\u017e\u0148uje prep\u00e1janie viacer\u00fdch kontajnerov pod\u013ea konkr\u00e9tnych potrieb. Ide\u00e1lny pre vonkaj\u0161ie a vn\u00fatorn\u00e9 priestory kancel\u00e1ri\u00ed, \u0161k\u00f4l, re\u0161taur\u00e1ci\u00ed, hotelov, bytov\u00fdch komplexov, n\u00e1kupn\u00fdch centier, stan\u00edc a \u0161portov\u00fdch h\u00e1l, kde z\u00e1le\u017e\u00ed na poriadku a estetike.<\/p>\n<p>Konstrukcia a povrchov\u00e1 \u00faprava<br \/>\nK\u00f4\u0161 je vyroben\u00fd z bieleho lakovan\u00e9ho pozinkovan\u00e9ho plechu, \u010do zabezpe\u010duje vynikaj\u00facu odolnos\u0165 a ochranu proti kor\u00f3zii. Zinkovanie chr\u00e1ni proti vlhkosti, v\u010faka \u010domu je vhodn\u00fd aj do exteri\u00e9ru. Biela pr\u00e1\u0161kov\u00e1 farba poskytuje extra odolnos\u0165 proti po\u0161kriabaniu a prelia\u010deniu a dod\u00e1va modern\u00fd, minimalistick\u00fd vzh\u013ead, ktor\u00fd zapadne do r\u00f4znych prostred\u00ed. Hladk\u00fd povrch zaru\u010duje jednoduch\u00e9 \u010distenie a \u00fadr\u017ebu.<\/p>\n<p>Kapacita a dizajn<br \/>\n  Kapacita: 2 \u00d7 60 l<br \/>\n  Konfigur\u00e1cia: Vo\u013ene stojaci, modul\u00e1rny (prepojite\u013en\u00fd)<br \/>\n  Otvory: Ve\u013ek\u00e9 vhadzovacie otvory pre r\u00fdchle odhadzovanie<br \/>\n  Vn\u00fatorn\u00e9 vlo\u017eky: Pozinkovan\u00e9 vn\u00fatorn\u00e9 vlo\u017eky, vyberate\u013en\u00e9 cez zdv\u00edhacie vie\u010dka<br \/>\n  Prenosnos\u0165: Kompaktn\u00fd a \u013eahk\u00fd pre jednoduch\u00e9 umiestnenie a prepravu<\/p>\n<p>Funk\u010dnos\u0165 a pohodlie<br \/>\nModul\u00e1rna kon\u0161trukcia umo\u017e\u0148uje zostavi\u0165 na mieru \u0161it\u00e9 s\u00fapravy pre separ\u00e1ciu odpadu. Stabiln\u00e1 kon\u0161trukcia zabezpe\u010duje bezpe\u010dn\u00e9 umiestnenie na hladkom povrchu. Vn\u00fatorn\u00e9 vyberate\u013en\u00e9 vlo\u017eky a zdv\u00edhacie vie\u010dka u\u013eah\u010duj\u00fa vypr\u00e1zd\u0148ovanie a \u00fadr\u017ebu, zatia\u013e \u010do u\u017e\u00edvate\u013esky pr\u00edvetiv\u00e9 vhadzovacie otvory podporuj\u00fa spr\u00e1vne triedenie.<\/p>\n<p>\u0160tandardizovan\u00e9 ozna\u010denie frakci\u00ed<br \/>\nK\u00f4\u0161 je mo\u017en\u00e9 prisp\u00f4sobi\u0165 odoln\u00fdmi, abraz\u00edvnym vplyvom odoln\u00fdmi n\u00e1lepkami v \u0161tandardn\u00fdch farb\u00e1ch segreg\u00e1cie, aby sa zv\u00fd\u0161ila efekt\u00edvnos\u0165 triedenia:<\/p>\n<p>  Modr\u00e1: Papier<br \/>\n  Zelen\u00e1: Sklo<br \/>\n  \u010cierna: Zmesov\u00fd odpad<br \/>\n  \u017dlt\u00e1: Plast a kov<br \/>\n  Hned\u00e1: Bioodpad<\/p>\n<p>Preh\u013eadn\u00e9 ozna\u010denie pom\u00e1ha pou\u017e\u00edvate\u013eom r\u00fdchlo identifikova\u0165 spr\u00e1vny kontajner, najm\u00e4 vo verejn\u00fdch priestoroch.<\/p>\n<p>K\u013e\u00fa\u010dov\u00e9 inform\u00e1cie<br \/>\n  Model: Eco modular 2 \u00d7 60 l (biely)<br \/>\n  Materi\u00e1l: Pozinkovan\u00fd plech s bielou pr\u00e1\u0161kovou povrchovou \u00fapravou<br \/>\n  Vlastnosti: Vn\u00fatorn\u00e9 pozinkovan\u00e9 vlo\u017eky, ve\u013ek\u00e9 vhadzovacie otvory, zdv\u00edhacie vie\u010dka, vo\u013ene stojaci, modul\u00e1rne prepojite\u013en\u00fd<br \/>\n  Prisp\u00f4sobenie: Mo\u017enos\u0165 doplni\u0165 n\u00e1lepky s n\u00e1zvami frakci\u00ed (p\u00e4\u0165 farebn\u00fdch mo\u017enost\u00ed)<\/p>\n","protected":false},"excerpt":{"rendered":"<p>Modul\u00e1rny odpadkov\u00fd k\u00f4\u0161 \u2014 najlep\u0161ia vo\u013eba pre verejn\u00e9 priestranstv\u00e1. Recykla\u010dn\u00fd k\u00f4\u0161 Eco Modular 2 x 60 l v bielej farbe je v\u0161estrann\u00e9 rie\u0161enie pre r\u00f4zne miesta, podporuje triedenie odpadu a starostlivos\u0165 o \u017eivotn\u00e9 prostredie. Jeho kompaktn\u00fd modul\u00e1rny dizajn sa \u013eahko sp\u00e1ja pre \u0161k\u00e1lovate\u013en\u00e9, na mieru zostavite\u013en\u00e9 usporiadania.<\/p>\n","protected":false},"featured_media":1841,"comment_status":"open","ping_status":"closed","template":"","meta":[],"product_brand":[],"product_cat":[70],"product_tag":[],"class_list":{"0":"post-1488","1":"product","2":"type-product","3":"status-publish","4":"has-post-thumbnail","6":"product_cat-waste-containers","8":"first","9":"instock","10":"taxable","11":"shipping-taxable","12":"purchasable","13":"product-type-simple"},"_links":{"self":[{"href":"https:\/\/eco-market24.com\/sk\/wp-json\/wp\/v2\/product\/1488","targetHints":{"allow":["GET"]}}],"collection":[{"href":"https:\/\/eco-market24.com\/sk\/wp-json\/wp\/v2\/product"}],"about":[{"href":"https:\/\/eco-market24.com\/sk\/wp-json\/wp\/v2\/types\/product"}],"replies":[{"embeddable":true,"href":"https:\/\/eco-market24.com\/sk\/wp-json\/wp\/v2\/comments?post=1488"}],"wp:featuredmedia":[{"embeddable":true,"href":"https:\/\/eco-market24.com\/sk\/wp-json\/wp\/v2\/media\/1841"}],"wp:attachment":[{"href":"https:\/\/eco-market24.com\/sk\/wp-json\/wp\/v2\/media?parent=1488"}],"wp:term":[{"taxonomy":"product_brand","embeddable":true,"href":"https:\/\/eco-market24.com\/sk\/wp-json\/wp\/v2\/product_brand?post=1488"},{"taxonomy":"product_cat","embeddable":true,"href":"https:\/\/eco-market24.com\/sk\/wp-json\/wp\/v2\/product_cat?post=1488"},{"taxonomy":"product_tag","embeddable":true,"href":"https:\/\/eco-market24.com\/sk\/wp-json\/wp\/v2\/product_tag?post=1488"}],"curies":[{"name":"wp","href":"https:\/\/api.w.org\/{rel}","templated":true}]}}