{"id":1524,"date":"2025-09-29T16:21:44","date_gmt":"2025-09-29T14:21:44","guid":{"rendered":"https:\/\/eco-market24.com\/product\/3-komorovy-recyklacny-kos-eco-star-3-x-60-l\/"},"modified":"2025-09-29T20:01:10","modified_gmt":"2025-09-29T18:01:10","slug":"3-komorovy-recyklacny-kos-eco-star-3-x-60-l","status":"publish","type":"product","link":"https:\/\/eco-market24.com\/sk\/produkt\/3-komorovy-recyklacny-kos-eco-star-3-x-60-l\/","title":{"rendered":"3-komorov\u00fd recykla\u010dn\u00fd k\u00f4\u0161 Eco Star 3 x 60 L"},"content":{"rendered":"<p>Trojkomorov\u00fd odpadkov\u00fd k\u00f4\u0161 \u2014 overen\u00fd pre vn\u00fatorn\u00e9 pou\u017eitie<br \/>\neco star 3 x 60 L 3-komorov\u00fd recykla\u010dn\u00fd k\u00f4\u0161 kombinuje funk\u010dnos\u0165 a estetiku. Jeho vysok\u00e1 kvalita a elegantn\u00fd vzh\u013ead sp\u013a\u0148aj\u00fa potreby firiem, ktor\u00e9 s\u00fa povinn\u00e9 zabezpe\u010di\u0165 trieden\u00fd zber odpadu. Vhodn\u00fd do kancel\u00e1ri\u00ed, \u00faradov, ambulanci\u00ed, \u0161k\u00f4l, obchodov, n\u00e1kupn\u00fdch centier, \u010derpac\u00edch stan\u00edc, \u017eelezni\u010dn\u00fdch stan\u00edc a kryt\u00fdch ve\u013ekokapacitn\u00fdch parkov\u00edsk.<\/p>\n<p>Kon\u0161trukcia a materi\u00e1ly<\/p>\n<p>  Kapacita: 3 \u00d7 60 l<br \/>\n  R\u00e1m: lakovan\u00e1 oce\u013e, grafitov\u00e1 (RAL 7024)<br \/>\n  Odolnos\u0165: odoln\u00fd vo\u010di mechanick\u00e9mu po\u0161kodeniu a n\u00e1hodn\u00fdm n\u00e1razom<br \/>\n  Ur\u010denie: vn\u00fatorn\u00e9 pou\u017eitie<\/p>\n<p>Triedenie a ozna\u010denie<br \/>\nVybaven\u00fd ve\u013ek\u00fdmi n\u00e1lepkami s n\u00e1zvami frakci\u00ed a vhadzovac\u00edmi otvormi v farb\u00e1ch triedenia pre jasn\u00fa komunik\u00e1ciu. Dostupn\u00e9 farby otvorov pod\u013ea odpor\u00fa\u010dania Ministerstva kl\u00edmy a \u017eivotn\u00e9ho prostredia:<\/p>\n<p>  \u017dlt\u00e1 \u2014 plasty a kovy<br \/>\n  Modr\u00e1 \u2014 papier<br \/>\n  Zelen\u00e1 \u2014 sklo<br \/>\n  Hned\u00e1 \u2014 biologick\u00fd odpad<br \/>\n  Grafitov\u00e1 \u2014 zmesov\u00fd odpad<\/p>\n<p>Praktick\u00e9 vlastnosti<\/p>\n<p>  R\u00e1my na vrecia pre upevnenie vreciek (prisp\u00f4soben\u00e9 na vrecia 120 l)<br \/>\n  Zabra\u0148uje preliatiu pri \u00faplnom naplnen\u00ed; \u013eahk\u00e9 vypr\u00e1zdnenie a \u010distenie<br \/>\n  Stabiliza\u010dn\u00e9 no\u017ei\u010dky pre pevnos\u0165<br \/>\n  Mont\u00e1\u017ene otvory na sp\u00e1janie modulov<br \/>\n  Dvere s mo\u017enos\u0165ou mont\u00e1\u017ee visacieho z\u00e1mku na obmedzenie pr\u00edstupu<\/p>\n<p>K\u013e\u00fa\u010dov\u00e9 inform\u00e1cie<\/p>\n<p>  Kapacita: 3 \u00d7 60 litrov<br \/>\n  Materi\u00e1l: lakovan\u00e1 oce\u013e<br \/>\n  Pou\u017eitie: vn\u00fatorn\u00e9<br \/>\n  Farba: grafitov\u00e1 (RAL 7024)<br \/>\n  Vhody a n\u00e1lepky v 5 farb\u00e1ch triedenia<br \/>\n  Vlastnosti: r\u00e1my na vrecia, stabiliza\u010dn\u00e9 no\u017ei\u010dky, mont\u00e1\u017ene otvory, mo\u017enos\u0165 z\u00e1mku<\/p>\n","protected":false},"excerpt":{"rendered":"<p>Trojdielny odpadkov\u00fd k\u00f4\u0161 \u2014 vhodn\u00fd na vn\u00fatorn\u00e9 pou\u017eitie, odpadkov\u00fd k\u00f4\u0161 Eco Star s tromi priehradkami (3 x 60 l) kombinuje funk\u010dnos\u0165 a estetiku. Jeho kvalitn\u00fd, elegantn\u00fd dizajn vyhovuje potreb\u00e1m podnikov, ktor\u00e9 s\u00fa povinn\u00e9 zabezpe\u010di\u0165 separovan\u00fd zber odpadu na svojich priestoroch.<\/p>\n","protected":false},"featured_media":1856,"comment_status":"open","ping_status":"closed","template":"","meta":[],"product_brand":[],"product_cat":[70],"product_tag":[],"class_list":{"0":"post-1524","1":"product","2":"type-product","3":"status-publish","4":"has-post-thumbnail","6":"product_cat-waste-containers","8":"first","9":"instock","10":"taxable","11":"shipping-taxable","12":"purchasable","13":"product-type-simple"},"_links":{"self":[{"href":"https:\/\/eco-market24.com\/sk\/wp-json\/wp\/v2\/product\/1524","targetHints":{"allow":["GET"]}}],"collection":[{"href":"https:\/\/eco-market24.com\/sk\/wp-json\/wp\/v2\/product"}],"about":[{"href":"https:\/\/eco-market24.com\/sk\/wp-json\/wp\/v2\/types\/product"}],"replies":[{"embeddable":true,"href":"https:\/\/eco-market24.com\/sk\/wp-json\/wp\/v2\/comments?post=1524"}],"wp:featuredmedia":[{"embeddable":true,"href":"https:\/\/eco-market24.com\/sk\/wp-json\/wp\/v2\/media\/1856"}],"wp:attachment":[{"href":"https:\/\/eco-market24.com\/sk\/wp-json\/wp\/v2\/media?parent=1524"}],"wp:term":[{"taxonomy":"product_brand","embeddable":true,"href":"https:\/\/eco-market24.com\/sk\/wp-json\/wp\/v2\/product_brand?post=1524"},{"taxonomy":"product_cat","embeddable":true,"href":"https:\/\/eco-market24.com\/sk\/wp-json\/wp\/v2\/product_cat?post=1524"},{"taxonomy":"product_tag","embeddable":true,"href":"https:\/\/eco-market24.com\/sk\/wp-json\/wp\/v2\/product_tag?post=1524"}],"curies":[{"name":"wp","href":"https:\/\/api.w.org\/{rel}","templated":true}]}}