{"id":1588,"date":"2025-09-29T16:21:28","date_gmt":"2025-09-29T14:21:28","guid":{"rendered":"https:\/\/eco-market24.com\/product\/nadoba-na-triedeny-odpad-4-priehradkova-eco-estri-4-x-60-l-s-klapkami\/"},"modified":"2025-09-29T20:01:16","modified_gmt":"2025-09-29T18:01:16","slug":"nadoba-na-triedeny-odpad-4-priehradkova-eco-estri-4-x-60-l-s-klapkami","status":"publish","type":"product","link":"https:\/\/eco-market24.com\/sk\/produkt\/nadoba-na-triedeny-odpad-4-priehradkova-eco-estri-4-x-60-l-s-klapkami\/","title":{"rendered":"N\u00e1doba na trieden\u00fd odpad 4-priehradkov\u00e1 eco estri 4 \u00d7 60 l s klapkami"},"content":{"rendered":"<p>4-komorov\u00fd k\u00f4\u0161 na recykl\u00e1ciu pre kancel\u00e1rie, \u00farady a \u0161koly<\/p>\n<p>Preh\u013ead<br \/>\neco Estri modul\u00e1rna triediaca stanica 4 \u00d7 60 l s klapkami sp\u00e1ja estetiku a vysok\u00fa kvalitu pre vn\u00fatorn\u00e9 triedenie odpadu. Ide\u00e1lne pre \u0161koly, univerzity, \u0161t\u00e1tne in\u0161tit\u00facie, kancel\u00e1rie, obchody, n\u00e1kupn\u00e9 centr\u00e1 a kryt\u00e9 parkovisk\u00e1. Vhodn\u00e9 do frekventovan\u00fdch spolo\u010dn\u00fdch priestorov a komunika\u010dn\u00fdch tr\u00e1s.<\/p>\n<p>Kon\u0161trukcia a materi\u00e1ly<br \/>\nStanica pozost\u00e1va zo \u0161tyroch n\u00e1dob, ka\u017ed\u00e1 s objemom 60 l. Kryt je v preveden\u00ed grafit (RAL 7021). Vek\u00e1 s\u00fa farebne odl\u00ed\u0161en\u00e9 a opatren\u00e9 n\u00e1lepkami s n\u00e1zvami frakci\u00ed. Jednotka je vyroben\u00e1 z lakovanej ocele pre odolnos\u0165 proti mechanick\u00e9mu po\u0161kodeniu.<\/p>\n<p>Farby a triedenie<br \/>\nGreen \u2014 sklo<br \/>\nBlue \u2014 papier a kart\u00f3n<br \/>\nYellow \u2014 plasty a kovy<br \/>\nGray \u2014 zmesov\u00fd odpad<\/p>\n<p>Funk\u010dn\u00e9 prvky<br \/>\nP\u00e1ntov\u00e9 veko poskytuj\u00face ochranu proti z\u00e1pachu<br \/>\nR\u00e1my na vrecia pre 120 l vrecia na zabezpe\u010denie vreciek aj pri plnom za\u0165a\u017een\u00ed<br \/>\nStabiliza\u010dn\u00e9 nohy pre pevn\u00e9 umiestnenie<br \/>\nMont\u00e1\u017ene otvory na sp\u00e1janie modulov pre roz\u0161\u00edrenie stanice<br \/>\nDvere pripraven\u00e9 na mont\u00e1\u017e visacieho z\u00e1mku na obmedzenie pr\u00edstupu<\/p>\n<p>K\u013e\u00fa\u010dov\u00e9 inform\u00e1cie<br \/>\nKapacita: 4 \u00d7 60 litrov<br \/>\nMateri\u00e1l: lakovan\u00e1 oce\u013e<br \/>\nPou\u017eitie: vn\u00fatorn\u00e9<br \/>\nPovrchov\u00e1 \u00faprava: grafitov\u00fd kryt (RAL 7021)<br \/>\nVek\u00e1: farebn\u00e9 rozl\u00ed\u0161enie s n\u00e1lepkami n\u00e1zvov frakci\u00ed<br \/>\nDoplnkov\u00e9: p\u00e1ntov\u00e9 veko, r\u00e1my na vrecia, stabiliza\u010dn\u00e9 nohy, mont\u00e1\u017ene otvory, dvere pripraven\u00e9 na visac\u00ed z\u00e1mok<\/p>\n","protected":false},"excerpt":{"rendered":"<p>Eco Estri 4 x 60 l 4-komorov\u00fd recykla\u010dn\u00fd kontajner s klapkami \u2014 \u0161t\u00fdlov\u00e1, kvalitn\u00e1 modul\u00e1rna stanica na selekt\u00edvny zber a separ\u00e1ciu odpadu, ide\u00e1lna do kancel\u00e1ri\u00ed, \u0161t\u00e1tnych budov a \u0161k\u00f4l.<\/p>\n","protected":false},"featured_media":1892,"comment_status":"open","ping_status":"closed","template":"","meta":[],"product_brand":[],"product_cat":[70],"product_tag":[],"class_list":{"0":"post-1588","1":"product","2":"type-product","3":"status-publish","4":"has-post-thumbnail","6":"product_cat-waste-containers","8":"first","9":"instock","10":"taxable","11":"shipping-taxable","12":"purchasable","13":"product-type-simple"},"_links":{"self":[{"href":"https:\/\/eco-market24.com\/sk\/wp-json\/wp\/v2\/product\/1588","targetHints":{"allow":["GET"]}}],"collection":[{"href":"https:\/\/eco-market24.com\/sk\/wp-json\/wp\/v2\/product"}],"about":[{"href":"https:\/\/eco-market24.com\/sk\/wp-json\/wp\/v2\/types\/product"}],"replies":[{"embeddable":true,"href":"https:\/\/eco-market24.com\/sk\/wp-json\/wp\/v2\/comments?post=1588"}],"wp:featuredmedia":[{"embeddable":true,"href":"https:\/\/eco-market24.com\/sk\/wp-json\/wp\/v2\/media\/1892"}],"wp:attachment":[{"href":"https:\/\/eco-market24.com\/sk\/wp-json\/wp\/v2\/media?parent=1588"}],"wp:term":[{"taxonomy":"product_brand","embeddable":true,"href":"https:\/\/eco-market24.com\/sk\/wp-json\/wp\/v2\/product_brand?post=1588"},{"taxonomy":"product_cat","embeddable":true,"href":"https:\/\/eco-market24.com\/sk\/wp-json\/wp\/v2\/product_cat?post=1588"},{"taxonomy":"product_tag","embeddable":true,"href":"https:\/\/eco-market24.com\/sk\/wp-json\/wp\/v2\/product_tag?post=1588"}],"curies":[{"name":"wp","href":"https:\/\/api.w.org\/{rel}","templated":true}]}}