{"id":1598,"date":"2025-09-29T16:21:08","date_gmt":"2025-09-29T14:21:08","guid":{"rendered":"https:\/\/eco-market24.com\/product\/ekologicky-modularny-kos-na-triedeny-odpad-4-x-40-l-biely\/"},"modified":"2025-09-29T20:02:40","modified_gmt":"2025-09-29T18:02:40","slug":"ekologicky-modularny-kos-na-triedeny-odpad-4-x-40-l-biely","status":"publish","type":"product","link":"https:\/\/eco-market24.com\/sk\/produkt\/ekologicky-modularny-kos-na-triedeny-odpad-4-x-40-l-biely\/","title":{"rendered":"Ekologick\u00fd modul\u00e1rny k\u00f4\u0161 na trieden\u00fd odpad 4 \u00d7 40 l, biely"},"content":{"rendered":"<p>S\u00faprava 4 recykla\u010dn\u00fdch n\u00e1dob \u2014 Modular Eco 4 \u00d7 40 L (biela)<\/p>\n<p>Preh\u013ead<br \/>\nIde\u00e1lne pre n\u00e1kupn\u00e9 centr\u00e1, \u017eelezni\u010dn\u00e9 stanice, letisk\u00e1, obchodn\u00e9 centr\u00e1, \u0161t\u00e1tne \u00farady, nemocnice, \u0161koly, administrat\u00edvne budovy a \u010derpacie stanice. Navrhnut\u00e9 pre priestory s vysokou frekvenciou n\u00e1v\u0161tev, vn\u00fatorn\u00e9 i vonkaj\u0161ie pou\u017eitie.<\/p>\n<p>Kon\u0161trukcia a materi\u00e1ly<\/p>\n<p>  Kapacita: 4 \u00d7 40 litrov<br \/>\n  Materi\u00e1l: oce\u013e hrub\u00e1 0,8 mm, pr\u00e1\u0161kovo lakovan\u00e1<br \/>\n  Povrchov\u00e1 \u00faprava: br\u00fasen\u00e1 oce\u013e s matn\u00fdm pr\u00e1\u0161kov\u00fdm n\u00e1terom (biela)<br \/>\n  Dizajn: vo\u013ene stojaca, modul\u00e1rna kon\u0161trukcia<br \/>\n  Odolnos\u0165: odoln\u00e9 vo\u010di prelia\u010din\u00e1m, deform\u00e1ci\u00e1m a drobn\u00fdm po\u0161kriabaniam<\/p>\n<p>Praktick\u00e9 vlastnosti<\/p>\n<p>  Vn\u00fatorn\u00e9 vlo\u017eky: pozinkovan\u00e9 oce\u013eov\u00e9 vlo\u017eky s dr\u017eiakmi na vrecia<br \/>\n  \u010cistenie a vypr\u00e1zd\u0148ovanie: hladk\u00e9 povrchy vlo\u017eiek pre jednoduch\u00e9 \u010distenie; odn\u00edmate\u013en\u00e9 horn\u00e9 kryty pre r\u00fdchle vypr\u00e1zdnenie<br \/>\n  Stabiln\u00e9 aj pri naplnen\u00ed: vlo\u017eky zost\u00e1vaj\u00fa na mieste aj pri plnom naplnen\u00ed<\/p>\n<p>Triedenie a ozna\u010dovanie<br \/>\nNavrhnut\u00e9 pre separovan\u00fd zber odpadu so \u0161tyrmi priehradkami. Produkt obsahuje sadu n\u00e1lepiek na samolepenie pre ozna\u010denie frakci\u00ed. Dostupn\u00e9 farebn\u00e9 mo\u017enosti n\u00e1lepiek:<\/p>\n<p>  \u010cierna \u2014 zmesov\u00fd odpad<br \/>\n  \u017dlt\u00e1 \u2014 plasty a kovy<br \/>\n  Modr\u00e1 \u2014 papier<br \/>\n  Hned\u00e1 \u2014 bioodpad<br \/>\n  Zelen\u00e1 \u2014 sklo<\/p>\n<p>K\u013e\u00fa\u010dov\u00e9 \u0161pecifik\u00e1cie<\/p>\n<p>  Kapacita 4 \u00d7 40 L<br \/>\n  Br\u00fasen\u00e1 oce\u013e 0,8 mm<br \/>\n  Pr\u00e1\u0161kov\u00fd n\u00e1ter (biela)<br \/>\n  Vn\u00fatorn\u00e9 pozinkovan\u00e9 vlo\u017eky s dr\u017eiakmi na vrecia<br \/>\n  Odn\u00edmate\u013en\u00e9 horn\u00e9 kryty<br \/>\n  Vo\u013ene stojaca modul\u00e1rna kon\u0161trukcia<br \/>\n  N\u00e1lepky s n\u00e1zvami frakci\u00ed na samolepenie<\/p>\n","protected":false},"excerpt":{"rendered":"<p>S\u00faprava 4 modul\u00e1rnych 40 L kontajnerov na recykl\u00e1ciu v bielej \u2014 ide\u00e1lne pre n\u00e1kupn\u00e9 centr\u00e1, vlakov\u00e9 stanice a letisk\u00e1. Eco Modular 4\u00d740 L podporuje ekologick\u00e9 spr\u00e1vanie na verejn\u00fdch priestranstv\u00e1ch.<\/p>\n","protected":false},"featured_media":1902,"comment_status":"open","ping_status":"closed","template":"","meta":[],"product_brand":[],"product_cat":[70],"product_tag":[],"class_list":{"0":"post-1598","1":"product","2":"type-product","3":"status-publish","4":"has-post-thumbnail","6":"product_cat-waste-containers","8":"first","9":"instock","10":"taxable","11":"shipping-taxable","12":"purchasable","13":"product-type-simple"},"_links":{"self":[{"href":"https:\/\/eco-market24.com\/sk\/wp-json\/wp\/v2\/product\/1598","targetHints":{"allow":["GET"]}}],"collection":[{"href":"https:\/\/eco-market24.com\/sk\/wp-json\/wp\/v2\/product"}],"about":[{"href":"https:\/\/eco-market24.com\/sk\/wp-json\/wp\/v2\/types\/product"}],"replies":[{"embeddable":true,"href":"https:\/\/eco-market24.com\/sk\/wp-json\/wp\/v2\/comments?post=1598"}],"wp:featuredmedia":[{"embeddable":true,"href":"https:\/\/eco-market24.com\/sk\/wp-json\/wp\/v2\/media\/1902"}],"wp:attachment":[{"href":"https:\/\/eco-market24.com\/sk\/wp-json\/wp\/v2\/media?parent=1598"}],"wp:term":[{"taxonomy":"product_brand","embeddable":true,"href":"https:\/\/eco-market24.com\/sk\/wp-json\/wp\/v2\/product_brand?post=1598"},{"taxonomy":"product_cat","embeddable":true,"href":"https:\/\/eco-market24.com\/sk\/wp-json\/wp\/v2\/product_cat?post=1598"},{"taxonomy":"product_tag","embeddable":true,"href":"https:\/\/eco-market24.com\/sk\/wp-json\/wp\/v2\/product_tag?post=1598"}],"curies":[{"name":"wp","href":"https:\/\/api.w.org\/{rel}","templated":true}]}}