{"id":1623,"date":"2025-09-29T16:21:19","date_gmt":"2025-09-29T14:21:19","guid":{"rendered":"https:\/\/eco-market24.com\/product\/eco-modular-modularny-kos-na-triedeny-odpad-4-x-60-l-biely\/"},"modified":"2025-09-29T20:02:22","modified_gmt":"2025-09-29T18:02:22","slug":"eco-modular-modularny-kos-na-triedeny-odpad-4-x-60-l-biely","status":"publish","type":"product","link":"https:\/\/eco-market24.com\/sk\/produkt\/eco-modular-modularny-kos-na-triedeny-odpad-4-x-60-l-biely\/","title":{"rendered":"Eco Modular modul\u00e1rny k\u00f4\u0161 na trieden\u00fd odpad 4 x 60 l biely"},"content":{"rendered":"<p>Modul\u00e1rny recykla\u010dn\u00fd k\u00f4\u0161 &#8211; najlep\u0161ia vo\u013eba pre verejn\u00e9 priestory<br \/>\nEkologick\u00fd modul\u00e1rny k\u00f4\u0161 4 x 60 l v bielej farbe je univerz\u00e1lne rie\u0161enie podporuj\u00face triedenie odpadu a starostlivos\u0165 o \u017eivotn\u00e9 prostredie. Jeho kompaktn\u00fd modul\u00e1rny dizajn umo\u017e\u0148uje prepojenie viacer\u00fdch n\u00e1dob pod\u013ea individu\u00e1lnych potrieb. Tento 4-komorov\u00fd k\u00f4\u0161 je ide\u00e1lny do vonkaj\u0161\u00edch priestorov kancel\u00e1ri\u00ed, \u0161k\u00f4l, re\u0161taur\u00e1ci\u00ed, hotelov, obytn\u00fdch komplexov a verejn\u00fdch priestorov ako n\u00e1kupn\u00e9 centr\u00e1, stanice alebo \u0161portov\u00e9 haly, kde z\u00e1le\u017e\u00ed na poriadku a estetike.<\/p>\n<p>Dizajn a odolnos\u0165<br \/>\nS\u00faprava so 4 n\u00e1dobami na separovanie m\u00e1 kapacitu 4 \u00d7 60 litrov a samostatne stojaci dizajn. Je vyroben\u00e1 zo \u017eiarovo pozinkovan\u00e9ho plechu s bielym pr\u00e1\u0161kov\u00fdm n\u00e1strekom pre zv\u00fd\u0161en\u00fa odolnos\u0165 proti kor\u00f3zii a ochranu pred mechanick\u00fdm po\u0161koden\u00edm. Biely povrch poskytuje modern\u00fd, minimalistick\u00fd vzh\u013ead, ktor\u00fd sa dobre hod\u00ed do r\u00f4znych prostred\u00ed a je \u013eahko \u010distite\u013en\u00fd a udr\u017eiavate\u013en\u00fd.<\/p>\n<p>Funk\u010dnos\u0165 a pohodlie<\/p>\n<p>  Modul\u00e1rna kon\u0161trukcia umo\u017e\u0148uje prepojenie viacer\u00fdch n\u00e1dob do z\u00e1kazn\u00edcky prisp\u00f4soben\u00fdch setov.<br \/>\n  Pohodln\u00e9 otvorenia na vhadzovanie pre r\u00fdchle a intuit\u00edvne likvidovanie odpadu.<br \/>\n  Stabiln\u00e1 kon\u0161trukcia vhodn\u00e1 na pou\u017eitie na hladk\u00fdch povrchoch.<br \/>\n  Vn\u00fatorn\u00e9 \u017eiarovo pozinkovan\u00e9 vlo\u017eky s\u00fa vyberate\u013en\u00e9 pre jednoduch\u00e9 vysyp\u00e1vanie cez zdv\u00edhacie veko.<br \/>\n  Kompaktn\u00e9 rozmery a relat\u00edvne n\u00edzka hmotnos\u0165 pre jednoduch\u00e9 umiestnenie a presun.<\/p>\n<p>\u0160tandardizovan\u00e9 ozna\u010denie frakci\u00ed<br \/>\n4-komorov\u00fd k\u00f4\u0161 m\u00f4\u017ee by\u0165 ozna\u010den\u00fd n\u00e1lepkami pod\u013ea v\u00fdberu z\u00e1kazn\u00edka vo farb\u00e1ch frakci\u00ed na zlep\u0161enie efektivity triedenia. \u0160tandardn\u00e9 farby zah\u0155\u0148aj\u00fa:<\/p>\n<p>  Modr\u00e1 \u2014 papier<br \/>\n  Zelen\u00e1 \u2014 sklo<br \/>\n  \u017dlt\u00e1 \u2014 plast a kov<br \/>\n  Hned\u00e1 \u2014 bioodpad<\/p>\n<p>N\u00e1lepky s\u00fa odoln\u00e9 a abras\u00edvne odoln\u00e9 pre trvalo jasn\u00e9 usmernenie.<\/p>\n<p>K\u013e\u00fa\u010dov\u00e9 inform\u00e1cie<\/p>\n<p>  Kapacita: 4 \u00d7 60 l<br \/>\n  Materi\u00e1l: \u017eiarovo pozinkovan\u00fd plech<br \/>\n  Povrchov\u00e1 \u00faprava: biely pr\u00e1\u0161kov\u00fd n\u00e1ter<br \/>\n  Vlastnosti: vn\u00fatorn\u00e9 \u017eiarovo pozinkovan\u00e9 vlo\u017eky, ve\u013ek\u00e9 otvory na vhadzovanie, zdv\u00edhacie veko, samostatne stojaci modul\u00e1rny dizajn<br \/>\n  Ozna\u010denie: mo\u017enos\u0165 v\u00fdberu n\u00e1lepiek s n\u00e1zvami frakci\u00ed<\/p>\n","protected":false},"excerpt":{"rendered":"<p>Modulov\u00fd recykla\u010dn\u00fd kontajner \u2014 najlep\u0161ia vo\u013eba do verejn\u00fdch priestorov: ECO Modular 4 \u00d7 60 l (biela) je univerz\u00e1lne rie\u0161enie pre r\u00f4zne miesta, podporuje triedenie odpadu a starostlivos\u0165 o \u017eivotn\u00e9 prostredie.<\/p>\n","protected":false},"featured_media":1914,"comment_status":"open","ping_status":"closed","template":"","meta":[],"product_brand":[],"product_cat":[70],"product_tag":[],"class_list":{"0":"post-1623","1":"product","2":"type-product","3":"status-publish","4":"has-post-thumbnail","6":"product_cat-waste-containers","8":"first","9":"instock","10":"taxable","11":"shipping-taxable","12":"purchasable","13":"product-type-simple"},"_links":{"self":[{"href":"https:\/\/eco-market24.com\/sk\/wp-json\/wp\/v2\/product\/1623","targetHints":{"allow":["GET"]}}],"collection":[{"href":"https:\/\/eco-market24.com\/sk\/wp-json\/wp\/v2\/product"}],"about":[{"href":"https:\/\/eco-market24.com\/sk\/wp-json\/wp\/v2\/types\/product"}],"replies":[{"embeddable":true,"href":"https:\/\/eco-market24.com\/sk\/wp-json\/wp\/v2\/comments?post=1623"}],"wp:featuredmedia":[{"embeddable":true,"href":"https:\/\/eco-market24.com\/sk\/wp-json\/wp\/v2\/media\/1914"}],"wp:attachment":[{"href":"https:\/\/eco-market24.com\/sk\/wp-json\/wp\/v2\/media?parent=1623"}],"wp:term":[{"taxonomy":"product_brand","embeddable":true,"href":"https:\/\/eco-market24.com\/sk\/wp-json\/wp\/v2\/product_brand?post=1623"},{"taxonomy":"product_cat","embeddable":true,"href":"https:\/\/eco-market24.com\/sk\/wp-json\/wp\/v2\/product_cat?post=1623"},{"taxonomy":"product_tag","embeddable":true,"href":"https:\/\/eco-market24.com\/sk\/wp-json\/wp\/v2\/product_tag?post=1623"}],"curies":[{"name":"wp","href":"https:\/\/api.w.org\/{rel}","templated":true}]}}