{"id":1652,"date":"2025-09-29T16:21:02","date_gmt":"2025-09-29T14:21:02","guid":{"rendered":"https:\/\/eco-market24.com\/product\/titanovy-kos-na-triedeny-odpad-4-x-60-l-z-nerezovej-ocele\/"},"modified":"2025-09-29T20:05:16","modified_gmt":"2025-09-29T18:05:16","slug":"titanovy-kos-na-triedeny-odpad-4-x-60-l-z-nerezovej-ocele","status":"publish","type":"product","link":"https:\/\/eco-market24.com\/sk\/produkt\/titanovy-kos-na-triedeny-odpad-4-x-60-l-z-nerezovej-ocele\/","title":{"rendered":"Titanov\u00fd k\u00f4\u0161 na trieden\u00fd odpad 4 \u00d7 60 l z nerezovej ocele"},"content":{"rendered":"<p>Vyroben\u00e9 z nehrdzavej\u00facej ocele<br \/>\nPou\u017eitie: Kancel\u00e1rie, firmy, obchody a in\u00e9 vn\u00fatorn\u00e9 priestory. Triediaci k\u00f4\u0161 Titanium 4 \u00d7 60 l z nehrdzavej\u00facej ocele je vynikaj\u00facim rie\u0161en\u00edm pre podniky a prev\u00e1dzky, ktor\u00e9 uprednost\u0148uj\u00fa ekol\u00f3giu a estetiku. Ide\u00e1lny pre administrat\u00edvne budovy, \u0161koly, obchodn\u00e9 centr\u00e1, hotely, letisk\u00e1 alebo \u017eelezni\u010dn\u00e9 stanice, pom\u00e1ha udr\u017eiava\u0165 poriadok a podporuje spr\u00e1vne triedenie odpadu. Vhodn\u00fd je aj na parkovisk\u00e1, \u010derpacie stanice alebo reziden\u010dn\u00e9 are\u00e1ly.<\/p>\n<p>Kon\u0161trukcia a prevedenie<\/p>\n<p>  Materi\u00e1l: Nerezov\u00e1 oce\u013e hr\u00fabky 0,9 mm s matn\u00fdm br\u00fasen\u00fdm povrchom<br \/>\n  Kapacita: 4 \u00d7 60 litrov (\u0161tyri samostatn\u00e9 komory)<br \/>\n  Kon\u0161trukcia: Vo\u013ene stojaci<br \/>\n  Vn\u00fatro: Vn\u00fatorn\u00e9 pozinkovan\u00e9 oce\u013eov\u00e9 vlo\u017eky so zdv\u00edhac\u00edmi veko pre jednoduch\u00e9 vypr\u00e1zd\u0148ovanie<br \/>\n  Otvory: Ve\u013ek\u00e9 vkladacie otvory navrhnut\u00e9 tak, aby umo\u017e\u0148ovali r\u00fdchle, intuit\u00edvne vhadzovanie a z\u00e1rove\u0148 minimalizovali n\u00e1hodn\u00e9 premie\u0161avanie frakci\u00ed<br \/>\n  Stabilita: Protisklzov\u00fd gumov\u00fd p\u00e1sik na spodnej \u010dasti<br \/>\n  \u00dadr\u017eba: Matn\u00fd br\u00fasen\u00fd povrch je \u013eahko udr\u017eiavate\u013en\u00fd<\/p>\n<p>Triedenie a ozna\u010dovanie<br \/>\nKancel\u00e1rsky triediaci k\u00f4\u0161 m\u00e1 zna\u010denie frakci\u00ed v \u0161tandardn\u00fdch recykla\u010dn\u00fdch farb\u00e1ch a umo\u017e\u0148uje individu\u00e1lne ozna\u010denie ka\u017edej priehradky odoln\u00fdmi n\u00e1lepkami s n\u00e1zvom frakcie. \u0160tandardn\u00e9 farby triedenia:<\/p>\n<p>  Modr\u00e1: Papier<br \/>\n  Zelen\u00e1: Sklo<br \/>\n  \u017dlt\u00e1: Plast a kov<br \/>\n  \u010cierna: Zmesov\u00fd odpad<\/p>\n<p>S jasn\u00fdm ozna\u010den\u00edm v univerz\u00e1lnych farb\u00e1ch pou\u017e\u00edvatelia \u013eahko n\u00e1jdu spr\u00e1vne miesto pre ka\u017ed\u00fd druh odpadu, \u010d\u00edm sa zvy\u0161uje efektivita separovan\u00e9ho zberu a podporuje environment\u00e1lna v\u00fdchova na verejn\u00fdch priestranstv\u00e1ch.<\/p>\n<p>K\u013e\u00fa\u010dov\u00e9 inform\u00e1cie<\/p>\n<p>  Kapacita: 4 \u00d7 60 litrov<br \/>\n  Kon\u0161trukcia: Nerezov\u00e1 oce\u013e 0,9 mm<br \/>\n  Povrch: Matn\u00fd br\u00fasen\u00fd<br \/>\n  Vn\u00fatorn\u00e9 vlo\u017eky: Pozinkovan\u00e1 oce\u013e<br \/>\n  Farebn\u00e9 ozna\u010denie frakci\u00ed<br \/>\n  Ve\u013ek\u00e9 vkladacie otvory a zdv\u00edhacie veko<br \/>\n  Vo\u013ene stojaca kon\u0161trukcia<br \/>\n  Protisklzov\u00fd gumov\u00fd p\u00e1sik na spodnej \u010dasti<\/p>\n","protected":false},"excerpt":{"rendered":"<p>Titanium 4 x 60 l nerezov\u00fd recykla\u010dn\u00fd kontajner \u2014 \u0161t\u00fdlov\u00e9, odoln\u00e9 vn\u00fatorn\u00e9 rie\u0161enie odpadu pre kancel\u00e1rie, firmy, obchody a \u010fal\u0161ie priestory, ktor\u00e9 uprednost\u0148uj\u00fa ekologickos\u0165 a estetiku.<\/p>\n","protected":false},"featured_media":1930,"comment_status":"open","ping_status":"closed","template":"","meta":[],"product_brand":[],"product_cat":[159],"product_tag":[],"class_list":{"0":"post-1652","1":"product","2":"type-product","3":"status-publish","4":"has-post-thumbnail","6":"product_cat-kose-na-triedenie-odpadu","8":"first","9":"instock","10":"taxable","11":"shipping-taxable","12":"purchasable","13":"product-type-simple"},"_links":{"self":[{"href":"https:\/\/eco-market24.com\/sk\/wp-json\/wp\/v2\/product\/1652","targetHints":{"allow":["GET"]}}],"collection":[{"href":"https:\/\/eco-market24.com\/sk\/wp-json\/wp\/v2\/product"}],"about":[{"href":"https:\/\/eco-market24.com\/sk\/wp-json\/wp\/v2\/types\/product"}],"replies":[{"embeddable":true,"href":"https:\/\/eco-market24.com\/sk\/wp-json\/wp\/v2\/comments?post=1652"}],"wp:featuredmedia":[{"embeddable":true,"href":"https:\/\/eco-market24.com\/sk\/wp-json\/wp\/v2\/media\/1930"}],"wp:attachment":[{"href":"https:\/\/eco-market24.com\/sk\/wp-json\/wp\/v2\/media?parent=1652"}],"wp:term":[{"taxonomy":"product_brand","embeddable":true,"href":"https:\/\/eco-market24.com\/sk\/wp-json\/wp\/v2\/product_brand?post=1652"},{"taxonomy":"product_cat","embeddable":true,"href":"https:\/\/eco-market24.com\/sk\/wp-json\/wp\/v2\/product_cat?post=1652"},{"taxonomy":"product_tag","embeddable":true,"href":"https:\/\/eco-market24.com\/sk\/wp-json\/wp\/v2\/product_tag?post=1652"}],"curies":[{"name":"wp","href":"https:\/\/api.w.org\/{rel}","templated":true}]}}