{"id":1739,"date":"2025-09-29T16:21:22","date_gmt":"2025-09-29T14:21:22","guid":{"rendered":"https:\/\/eco-market24.com\/product\/pozinkovany-4-komorovy-kontajner-na-triedeny-zber-eco-estri-4-x-60-l\/"},"modified":"2025-09-29T20:02:16","modified_gmt":"2025-09-29T18:02:16","slug":"pozinkovany-4-komorovy-kontajner-na-triedeny-zber-eco-estri-4-x-60-l","status":"publish","type":"product","link":"https:\/\/eco-market24.com\/sk\/produkt\/pozinkovany-4-komorovy-kontajner-na-triedeny-zber-eco-estri-4-x-60-l\/","title":{"rendered":"Pozinkovan\u00fd 4-komorov\u00fd kontajner na trieden\u00fd zber Eco Estri 4 x 60 l"},"content":{"rendered":"<p>S\u00faprava 4 n\u00e1dob na triedenie odpadu \u2014 eco estri 4 x 60 L<\/p>\n<p>Funk\u010dn\u00e9 a estetick\u00e9 rie\u0161enie pre vonkaj\u0161ie aj vn\u00fatorn\u00e9 trieden\u00e9 zbern\u00e9 miesta. Vhodn\u00e9 pre budovy a verejn\u00e9 priestory ako \u0161koly, matersk\u00e9 \u0161koly, kancel\u00e1rie, kliniky, n\u00e1kupn\u00e9 centr\u00e1, \u010derpacej stanice a ve\u013ek\u00e9 parkovisk\u00e1.<\/p>\n<p>Kon\u0161trukcia a povrchov\u00e1 \u00faprava<\/p>\n<p>  Kapacita: 4 \u00d7 60 L<br \/>\n  Povrchov\u00e1 \u00faprava: Grafit (RAL 7021)<br \/>\n  Materi\u00e1l: Pozinkovan\u00e1 oce\u013e s protikor\u00f3znymi vlastnos\u0165ami<br \/>\n  Odolnos\u0165 vo\u010di poveternostn\u00fdm vplyvom: Slne\u010dn\u00e9 \u017eiarenie, extr\u00e9mne teploty a d\u00e1\u017e\u010f<br \/>\n  Mechanick\u00e1 odolnos\u0165: Navrhnut\u00e9 pre pou\u017eitie v oblastiach s vysokou prem\u00e1vkou a n\u00e1chyln\u00fdch na n\u00e1razy<\/p>\n<p>Farby tried a ozna\u010denie<br \/>\nDvierka obsahuj\u00fa farebn\u00e9 \u0161t\u00edtky s n\u00e1zvami frakci\u00ed (z\u00e1sielan\u00e9 samostatne na vlastn\u00fa aplik\u00e1ciu) pod\u013ea \u0161tandardn\u00fdch farieb E\u00da\/ministerstva:<\/p>\n<p>  Zmesov\u00fd odpad: Grafit<br \/>\n  Plasty a kovy: \u017dlt\u00e1<br \/>\n  Papier: Modr\u00e1<br \/>\n  Sklo: Zelen\u00e1<br \/>\n  Bioodpad: Hned\u00e1<\/p>\n<p>Hygiena a bezpe\u010dnos\u0165<\/p>\n<p>  Dr\u017eiaky na vrecia: Ur\u010den\u00e9 pre vrecia 120 L, aby sa predi\u0161lo sk\u013aznutiu a vn\u00fatorn\u00e9mu zne\u010disteniu<br \/>\n  Dvierka: \u0160tyri uzamykate\u013en\u00e9 dvierka, kompatibiln\u00e9 s visac\u00edmi z\u00e1mkami pre opr\u00e1vnen\u00fd pr\u00edstup<br \/>\n  Modularita: Mo\u017enos\u0165 prepojenia modulov pomocou mont\u00e1\u017enych otvorov<\/p>\n<p>K\u013e\u00fa\u010dov\u00e9 inform\u00e1cie<\/p>\n<p>  Kapacita: 4 \u00d7 60 litrov<br \/>\n  Farba: Grafit (RAL 7021)<br \/>\n  Kon\u0161trukcia: Pozinkovan\u00e1 oce\u013e<br \/>\n  Vhodn\u00e9 pre vonkaj\u0161ie i vn\u00fatorn\u00e9 pou\u017eitie<br \/>\n  Farebn\u00e9 \u0161t\u00edtky na frakcie s\u00fa s\u00fa\u010das\u0165ou balenia (na vlastn\u00e9 aplikovanie)<br \/>\n  Dr\u017eiaky na vrecia a uz\u00e1very kompatibiln\u00e9 s visac\u00edmi z\u00e1mkami<\/p>\n","protected":false},"excerpt":{"rendered":"<p>S\u00faprava 4 n\u00e1dob na trieden\u00fd odpad (4 \u00d7 60 l) \u2014 Eco ESTRI so 4 komorami: funk\u010dn\u00e9 a atrakt\u00edvne rie\u0161enie pre triedenie odpadu v interi\u00e9ri aj exteri\u00e9ri.<\/p>\n","protected":false},"featured_media":1965,"comment_status":"open","ping_status":"closed","template":"","meta":[],"product_brand":[],"product_cat":[70],"product_tag":[],"class_list":{"0":"post-1739","1":"product","2":"type-product","3":"status-publish","4":"has-post-thumbnail","6":"product_cat-waste-containers","8":"first","9":"instock","10":"taxable","11":"shipping-taxable","12":"purchasable","13":"product-type-simple"},"_links":{"self":[{"href":"https:\/\/eco-market24.com\/sk\/wp-json\/wp\/v2\/product\/1739","targetHints":{"allow":["GET"]}}],"collection":[{"href":"https:\/\/eco-market24.com\/sk\/wp-json\/wp\/v2\/product"}],"about":[{"href":"https:\/\/eco-market24.com\/sk\/wp-json\/wp\/v2\/types\/product"}],"replies":[{"embeddable":true,"href":"https:\/\/eco-market24.com\/sk\/wp-json\/wp\/v2\/comments?post=1739"}],"wp:featuredmedia":[{"embeddable":true,"href":"https:\/\/eco-market24.com\/sk\/wp-json\/wp\/v2\/media\/1965"}],"wp:attachment":[{"href":"https:\/\/eco-market24.com\/sk\/wp-json\/wp\/v2\/media?parent=1739"}],"wp:term":[{"taxonomy":"product_brand","embeddable":true,"href":"https:\/\/eco-market24.com\/sk\/wp-json\/wp\/v2\/product_brand?post=1739"},{"taxonomy":"product_cat","embeddable":true,"href":"https:\/\/eco-market24.com\/sk\/wp-json\/wp\/v2\/product_cat?post=1739"},{"taxonomy":"product_tag","embeddable":true,"href":"https:\/\/eco-market24.com\/sk\/wp-json\/wp\/v2\/product_tag?post=1739"}],"curies":[{"name":"wp","href":"https:\/\/api.w.org\/{rel}","templated":true}]}}