{"id":1741,"date":"2025-09-29T16:21:18","date_gmt":"2025-09-29T14:21:18","guid":{"rendered":"https:\/\/eco-market24.com\/product\/modularny-recyklacny-kos-eco-modular-3-x-60-l-biely\/"},"modified":"2025-09-29T20:02:23","modified_gmt":"2025-09-29T18:02:23","slug":"modularny-recyklacny-kos-eco-modular-3-x-60-l-biely","status":"publish","type":"product","link":"https:\/\/eco-market24.com\/sk\/produkt\/modularny-recyklacny-kos-eco-modular-3-x-60-l-biely\/","title":{"rendered":"Modul\u00e1rny recykla\u010dn\u00fd k\u00f4\u0161 Eco Modular 3 x 60 l biely"},"content":{"rendered":"<p>Recykla\u010dn\u00fd modul\u00e1rny k\u00f4\u0161 &#8211; najlep\u0161ia vo\u013eba pre verejn\u00e9 priestory<\/p>\n<p>Ekologick\u00fd modul\u00e1rny recykla\u010dn\u00fd k\u00f4\u0161 3 x 60 L \u2014 biely je v\u0161estrann\u00e9 rie\u0161enie na podporu triedenia odpadu a starostlivosti o \u017eivotn\u00e9 prostredie v kancel\u00e1ri\u00e1ch, \u0161kol\u00e1ch, re\u0161taur\u00e1ci\u00e1ch, hoteloch, obytn\u00fdch komplexoch a verejn\u00fdch priestoroch ako n\u00e1kupn\u00e9 centr\u00e1, stanice alebo \u0161portov\u00e9 haly. Jeho kompaktn\u00fd, modul\u00e1rny dizajn umo\u017e\u0148uje kombinova\u0165 viacero jednotiek, tak\u017ee po\u010det ko\u0161ov je mo\u017en\u00e9 prisp\u00f4sobi\u0165 individu\u00e1lnym potreb\u00e1m.<\/p>\n<p>Preh\u013ead v\u00fdrobku<\/p>\n<p>  Kapacita: 3 \u00d7 60 L<br \/>\n  Farba: Biela<br \/>\n  Kon\u0161trukcia: Vo\u013ene stojaca, pozinkovan\u00e1 oce\u013e s bielym pr\u00e1\u0161kov\u00fdm n\u00e1strekom<br \/>\n  Povrchov\u00e1 \u00faprava: Hladk\u00fd, \u013eahko \u010distite\u013en\u00fd povrch<br \/>\n  Odolnos\u0165: Pozinkovanie chr\u00e1ni proti kor\u00f3zii a vlhkosti; pr\u00e1\u0161kov\u00e1 farba odol\u00e1va po\u0161kriabaniu a mechanick\u00e9mu po\u0161kodeniu<br \/>\n  Modul\u00e1rnos\u0165: Jednotky je mo\u017en\u00e9 kombinova\u0165 do v\u00e4\u010d\u0161\u00edch syst\u00e9mov triedenia<\/p>\n<p>Funk\u010dnos\u0165 a pohodlie<br \/>\nModul\u00e1rny recykla\u010dn\u00fd k\u00f4\u0161 je navrhnut\u00fd pre maxim\u00e1lnu funk\u010dnos\u0165 a pohodlie u\u017e\u00edvate\u013ea. Vlastnosti zah\u0155\u0148aj\u00fa:<\/p>\n<p>  Pohodln\u00e9 otvory na vhadzovanie pre r\u00fdchle, intuit\u00edvne odhadzovanie<br \/>\n  Stabiln\u00e1 kon\u0161trukcia pre bezpe\u010dn\u00e9 pou\u017e\u00edvanie na hladk\u00fdch povrchoch<br \/>\n  Vn\u00fatorn\u00e9 pozinkovan\u00e9 oce\u013eov\u00e9 vlo\u017eky s v\u00fdklopn\u00fdmi vekom pre jednoduch\u00e9 vypr\u00e1zd\u0148ovanie<br \/>\n  Kompaktn\u00fd, \u013eahk\u00fd dizajn pre jednoduch\u00e9 umiestnenie a prepravu<\/p>\n<p>\u0160tandardizovan\u00e9 ozna\u010denie frakci\u00ed<br \/>\nSada 3 ko\u0161ov m\u00f4\u017ee by\u0165 ozna\u010den\u00e1 odoln\u00fdmi, proti oderu odoln\u00fdmi n\u00e1lepkami s n\u00e1zvami frakci\u00ed na zv\u00fd\u0161enie efektivity triedenia. Dostupn\u00e9 \u0161tandardn\u00e9 farby triedenia:<\/p>\n<p>  Modr\u00e1: Papier<br \/>\n  Zelen\u00e1: Sklo<br \/>\n  \u017dlt\u00e1: Plast a kov<br \/>\n  Siv\u00e1: Zmesov\u00fd odpad<br \/>\n  Hned\u00e1: Bioodpad<\/p>\n<p>K\u013e\u00fa\u010dov\u00e9 inform\u00e1cie<\/p>\n<p>  Kapacita: 3 \u00d7 60 litrov<br \/>\n  Pozinkovan\u00e1 oce\u013eov\u00e1 kon\u0161trukcia<br \/>\n  Biely pr\u00e1\u0161kov\u00fd n\u00e1ter<br \/>\n  Mo\u017enos\u0165 v\u00fdberu n\u00e1lepiek s n\u00e1zvami frakci\u00ed<br \/>\n  Vn\u00fatorn\u00e9 pozinkovan\u00e9 oce\u013eov\u00e9 vlo\u017eky<br \/>\n  Ve\u013ek\u00e9 otvory na vhodenie a v\u00fdklopn\u00e9 veko<br \/>\n  Vo\u013ene stojaci, modul\u00e1rny dizajn<\/p>\n","protected":false},"excerpt":{"rendered":"<p>Eco Modular 3\u00d760 L \u2014 biely modul\u00e1rny recykla\u010dn\u00fd kontajner, ide\u00e1lna vo\u013eba pre verejn\u00e9 priestory. V\u0161estrann\u00fd a odoln\u00fd, podporuje efekt\u00edvne triedenie odpadu a starostlivos\u0165 o \u017eivotn\u00e9 prostredie.<\/p>\n","protected":false},"featured_media":1967,"comment_status":"open","ping_status":"closed","template":"","meta":[],"product_brand":[],"product_cat":[70],"product_tag":[],"class_list":{"0":"post-1741","1":"product","2":"type-product","3":"status-publish","4":"has-post-thumbnail","6":"product_cat-waste-containers","8":"first","9":"instock","10":"taxable","11":"shipping-taxable","12":"purchasable","13":"product-type-simple"},"_links":{"self":[{"href":"https:\/\/eco-market24.com\/sk\/wp-json\/wp\/v2\/product\/1741","targetHints":{"allow":["GET"]}}],"collection":[{"href":"https:\/\/eco-market24.com\/sk\/wp-json\/wp\/v2\/product"}],"about":[{"href":"https:\/\/eco-market24.com\/sk\/wp-json\/wp\/v2\/types\/product"}],"replies":[{"embeddable":true,"href":"https:\/\/eco-market24.com\/sk\/wp-json\/wp\/v2\/comments?post=1741"}],"wp:featuredmedia":[{"embeddable":true,"href":"https:\/\/eco-market24.com\/sk\/wp-json\/wp\/v2\/media\/1967"}],"wp:attachment":[{"href":"https:\/\/eco-market24.com\/sk\/wp-json\/wp\/v2\/media?parent=1741"}],"wp:term":[{"taxonomy":"product_brand","embeddable":true,"href":"https:\/\/eco-market24.com\/sk\/wp-json\/wp\/v2\/product_brand?post=1741"},{"taxonomy":"product_cat","embeddable":true,"href":"https:\/\/eco-market24.com\/sk\/wp-json\/wp\/v2\/product_cat?post=1741"},{"taxonomy":"product_tag","embeddable":true,"href":"https:\/\/eco-market24.com\/sk\/wp-json\/wp\/v2\/product_tag?post=1741"}],"curies":[{"name":"wp","href":"https:\/\/api.w.org\/{rel}","templated":true}]}}