{"id":1763,"date":"2025-09-29T16:21:13","date_gmt":"2025-09-29T14:21:13","guid":{"rendered":"https:\/\/eco-market24.com\/product\/eco-modular-modularny-kos-na-triedeny-odpad-4-x-50-l-cierny\/"},"modified":"2025-09-29T20:02:29","modified_gmt":"2025-09-29T18:02:29","slug":"eco-modular-modularny-kos-na-triedeny-odpad-4-x-50-l-cierny","status":"publish","type":"product","link":"https:\/\/eco-market24.com\/sk\/produkt\/eco-modular-modularny-kos-na-triedeny-odpad-4-x-50-l-cierny\/","title":{"rendered":"Eco Modular modul\u00e1rny k\u00f4\u0161 na trieden\u00fd odpad 4 x 50 l \u010dierny"},"content":{"rendered":"<p>Recykla\u010dn\u00fd kontajner 4-komorov\u00fd &#8211; ide\u00e1lny pre mest\u00e1, parkovisk\u00e1 a zelen\u00e9 plochy<\/p>\n<p>Preh\u013ead<br \/>\nEkomodul\u00e1rny 4 \u00d7 50 l \u010dierny recykla\u010dn\u00fd kontajner poskytuje jednoduch\u00e9 rie\u0161enie pre z\u00e1kladn\u00fd zber trieden\u00e9ho odpadu v exteri\u00e9roch. V\u010faka kvalitn\u00e9mu spracovaniu a minimalistick\u00e9mu dizajnu je tento 4-komorov\u00fd kontajner vhodn\u00fd do verejn\u00fdch priestorov ako kancel\u00e1rske komplexy, \u0161t\u00e1tne in\u0161tit\u00facie, \u0161koly, nemocnice, parky, n\u00e1mestia, ihrisk\u00e1, \u0161portovisk\u00e1, k\u00fapalisk\u00e1, parkovisk\u00e1 a obytn\u00e9 s\u00fabory.<\/p>\n<p>Vzh\u013ead a ozna\u010denie<br \/>\nKontajner je pr\u00e1\u0161kovo lakovan\u00fd \u010diernou farbou (RAL 9005). Samolepky na triedenie v dohodnut\u00fdch farb\u00e1ch frakci\u00ed s\u00fa s\u00fa\u010das\u0165ou pre samolepenie \u2014 z\u00e1kazn\u00edci si m\u00f4\u017eu zvoli\u0165 samolepky pre:<\/p>\n<p>  \u010cierna \u2014 zmesov\u00fd odpad<br \/>\n  Hned\u00e1 \u2014 bioodpad<br \/>\n  Modr\u00e1 \u2014 papier<br \/>\n  \u017dlt\u00e1 \u2014 plasty a kovy<br \/>\n  Zelen\u00e1 \u2014 sklo<\/p>\n<p>Konstrukcia: samostatne stojaci modul\u00e1rny dizajn.<\/p>\n<p>Odoln\u00e1 kon\u0161trukcia proti poveternostn\u00fdm vplyvom a po\u0161kodeniam<br \/>\nVyroben\u00e9 z pozinkovan\u00e9ho plechu 0,8 mm s pr\u00e1\u0161kov\u00fdm n\u00e1strekom, kontajner odol\u00e1va da\u017e\u010fu, mrazu, UV \u017eiareniu a vysok\u00fdm teplot\u00e1m. Je navrhnut\u00fd pre dlhodob\u00e9 pou\u017e\u00edvanie v exteri\u00e9ri bez pr\u00edstre\u0161ku, pon\u00faka trvanlivos\u0165 a odolnos\u0165 vo\u010di mo\u017en\u00e9mu po\u0161kodeniu pri zachovan\u00ed nen\u00e1padn\u00e9ho, univerz\u00e1lne kompatibiln\u00e9ho vzh\u013eadu.<\/p>\n<p>Praktick\u00e9 dizajnov\u00e9 prvky<\/p>\n<p>  Samostatne stojaci s optim\u00e1lnou hmotnos\u0165ou pre jednoduch\u00e9 premiest\u0148ovanie a stabiln\u00e9 ka\u017edodenn\u00e9 pou\u017e\u00edvanie<br \/>\n  Pozinkovan\u00e9 vn\u00fatorn\u00e9 vlo\u017eky pre zjednodu\u0161en\u00e9 vys\u00fdpanie a \u010distenie<br \/>\n  Ve\u013ek\u00e9 plniace otvory pre v\u00e4\u010d\u0161ie predmety<br \/>\n  Odn\u00edmate\u013en\u00e9 vieka pre u\u013eah\u010denie vys\u00fdpania<\/p>\n<p>K\u013e\u00fa\u010dov\u00e9 \u00fadaje<\/p>\n<p>  Kapacita: 4 \u00d7 50 l<br \/>\n  Materi\u00e1l: pozinkovan\u00fd plech 0,8 mm<br \/>\n  Povrchov\u00e1 \u00faprava: pr\u00e1\u0161kov\u00e9 lakovanie \u010diernou (RAL 9005)<br \/>\n  Vn\u00fatorn\u00e9 vlo\u017eky: pozinkovan\u00e1 oce\u013e<br \/>\n  Vie\u010dka: otv\u00e1racie \/ odn\u00edmate\u013en\u00e9<br \/>\n  Kon\u0161trukcia: samostatne stojac\u00ed modul\u00e1rny celok<\/p>\n","protected":false},"excerpt":{"rendered":"<p>Recykla\u010dn\u00fd 4-komorov\u00fd odpadov\u00fd kontajner \u2014 ide\u00e1lny pre mest\u00e1, parkovisk\u00e1 a zelen\u00e9 plochy. Modul\u00e1rny ekologick\u00fd \u010dierny kontajner 4 x 50 l umo\u017e\u0148uje jednoduch\u00e9 zavedenie trieden\u00e9ho zberu odpadu v akomko\u013evek vonkaj\u0161om priestore.<\/p>\n","protected":false},"featured_media":1977,"comment_status":"open","ping_status":"closed","template":"","meta":[],"product_brand":[],"product_cat":[70],"product_tag":[],"class_list":{"0":"post-1763","1":"product","2":"type-product","3":"status-publish","4":"has-post-thumbnail","6":"product_cat-waste-containers","8":"first","9":"instock","10":"taxable","11":"shipping-taxable","12":"purchasable","13":"product-type-simple"},"_links":{"self":[{"href":"https:\/\/eco-market24.com\/sk\/wp-json\/wp\/v2\/product\/1763","targetHints":{"allow":["GET"]}}],"collection":[{"href":"https:\/\/eco-market24.com\/sk\/wp-json\/wp\/v2\/product"}],"about":[{"href":"https:\/\/eco-market24.com\/sk\/wp-json\/wp\/v2\/types\/product"}],"replies":[{"embeddable":true,"href":"https:\/\/eco-market24.com\/sk\/wp-json\/wp\/v2\/comments?post=1763"}],"wp:featuredmedia":[{"embeddable":true,"href":"https:\/\/eco-market24.com\/sk\/wp-json\/wp\/v2\/media\/1977"}],"wp:attachment":[{"href":"https:\/\/eco-market24.com\/sk\/wp-json\/wp\/v2\/media?parent=1763"}],"wp:term":[{"taxonomy":"product_brand","embeddable":true,"href":"https:\/\/eco-market24.com\/sk\/wp-json\/wp\/v2\/product_brand?post=1763"},{"taxonomy":"product_cat","embeddable":true,"href":"https:\/\/eco-market24.com\/sk\/wp-json\/wp\/v2\/product_cat?post=1763"},{"taxonomy":"product_tag","embeddable":true,"href":"https:\/\/eco-market24.com\/sk\/wp-json\/wp\/v2\/product_tag?post=1763"}],"curies":[{"name":"wp","href":"https:\/\/api.w.org\/{rel}","templated":true}]}}