{"id":1765,"date":"2025-09-29T16:20:56","date_gmt":"2025-09-29T14:20:56","guid":{"rendered":"https:\/\/eco-market24.com\/product\/parkovy-kos-z-wenge-110-l\/"},"modified":"2025-09-29T20:05:24","modified_gmt":"2025-09-29T18:05:24","slug":"parkovy-kos-z-wenge-110-l","status":"publish","type":"product","link":"https:\/\/eco-market24.com\/sk\/produkt\/parkovy-kos-z-wenge-110-l\/","title":{"rendered":"Parkov\u00fd k\u00f4\u0161 z wenge, 110 l"},"content":{"rendered":"<p>Dreven\u00fd wenge parkov\u00fd k\u00f4\u0161 110 l \u2014 estetick\u00fd pouli\u010dn\u00fd\/mestsk\u00fd odpadkov\u00fd k\u00f4\u0161<\/p>\n<p>Dreven\u00fd wenge parkov\u00fd k\u00f4\u0161 110 l je vynikaj\u00facim rie\u0161en\u00edm pre verejn\u00e9 priestranstv\u00e1. Vyroben\u00fd z pr\u00e1\u0161kovo lakovanej pozinkovanej ocele s lamelami z WPC (drevoplastov\u00fd kompozit) v odtieni borovicov\u00e9ho dreva a oce\u013eov\u00fdmi prvkami v grafitovej farbe (RAL 7016), kombinuje vysok\u00fa odolnos\u0165 s estetick\u00fdm dizajnom, ktor\u00fd dop\u013a\u0148a mestsk\u00e9 a rekrea\u010dn\u00e9 prostredie.<\/p>\n<p>Typick\u00e9 pou\u017eitia<br \/>\n&#8211; Centr\u00e1 miest a obytn\u00e9 oblasti pozd\u013a\u017e pe\u0161\u00edch tr\u00e1s<br \/>\n&#8211; Zast\u00e1vky autobusov, elektri\u010diek a metra<br \/>\n&#8211; N\u00e1mestia, trhovisk\u00e1 a miesta spolo\u010densk\u00e9ho stret\u00e1vania<br \/>\n&#8211; V bl\u00edzkosti \u0161k\u00f4l, kancel\u00e1ri\u00ed, nemocn\u00edc a kni\u017en\u00edc<br \/>\n&#8211; Parky, rekrea\u010dn\u00e9 oblasti, chodn\u00edky, lavi\u010dky a piknikov\u00e9 miesta<\/p>\n<p>K\u013e\u00fa\u010dov\u00e9 vlastnosti<br \/>\n&#8211; Kapacita: 110 litrov<br \/>\n&#8211; Kon\u0161trukcia: pr\u00e1\u0161kovo lakovan\u00e1 pozinkovan\u00e1 oce\u013e<br \/>\n&#8211; Lamele: WPC (drevoplastov\u00fd kompozit), odtie\u0148 borovicov\u00e9ho dreva<br \/>\n&#8211; Oce\u013eov\u00e9 prvky: grafitov\u00e1 (RAL 7016)<br \/>\n&#8211; Vn\u00fatorn\u00fd vlo\u017en\u00fd ko\u0161: pozinkovan\u00fd plech pre jednoduch\u00e9 vysyp\u00e1vanie a \u010distenie<br \/>\n&#8211; Bezpe\u010dnos\u0165: dvierka uzamykate\u013en\u00e9 k\u013e\u00fa\u010dom (pr\u00edstup len pre autorizovan\u00fd person\u00e1l)<br \/>\n&#8211; Upevnenie: mo\u017enos\u0165 kotvenia k zemi<br \/>\n&#8211; Certifik\u00e1ty: ISO, BV a TUV<\/p>\n<p>Trvanlivos\u0165 a \u00fadr\u017eba<br \/>\nK\u00f4\u0161 je odoln\u00fd vo\u010di mechanick\u00e9mu po\u0161kodeniu, UV \u017eiareniu, da\u017e\u010fu, snehu a extr\u00e9mnym teplot\u00e1m. Pozinkovan\u00e1, pr\u00e1\u0161kovo lakovan\u00e1 kon\u0161trukcia a WPC lamely zni\u017euj\u00fa n\u00e1klady na \u00fadr\u017ebu a zvy\u0161uj\u00fa odolnos\u0165 vo\u010di vandalizmu, \u010d\u00edm zabezpe\u010duj\u00fa dobr\u00fd technick\u00fd stav po\u010das mnoh\u00fdch rokov pou\u017e\u00edvania.<\/p>\n<p>Estetika a funk\u010dnos\u0165<br \/>\nDizajn poskytuje ve\u013ek\u00fd vstupn\u00fd otvor pre jednoduch\u00e9 vhadzovanie odpadu a z\u00e1rove\u0148 zapad\u00e1 do okolitej architekt\u00fary. Praktick\u00e9 kon\u0161truk\u010dn\u00e9 rie\u0161enia zaru\u010duj\u00fa pohodlie pou\u017e\u00edvate\u013eov a jednoduch\u00e9 servisn\u00e9 z\u00e1sahy pre \u00fadr\u017ebov\u00fd person\u00e1l.<\/p>\n","protected":false},"excerpt":{"rendered":"<p>Estetick\u00fd pouli\u010dn\u00fd odpadkov\u00fd k\u00f4\u0161 do parkov a mestsk\u00fdch priestorov \u2014 110 l wenge dreven\u00fd parkov\u00fd k\u00f4\u0161 s prvotriednymi materi\u00e1lmi, vysokou odolnos\u0165ou a prepracovan\u00fdm dizajnom, ktor\u00fd dop\u013a\u0148a mestsk\u00fa architekt\u00faru.<\/p>\n","protected":false},"featured_media":1978,"comment_status":"open","ping_status":"closed","template":"","meta":[],"product_brand":[],"product_cat":[171],"product_tag":[],"class_list":{"0":"post-1765","1":"product","2":"type-product","3":"status-publish","4":"has-post-thumbnail","6":"product_cat-poulicne-a-parkove-odpadkove-kose","8":"first","9":"instock","10":"taxable","11":"shipping-taxable","12":"purchasable","13":"product-type-simple"},"_links":{"self":[{"href":"https:\/\/eco-market24.com\/sk\/wp-json\/wp\/v2\/product\/1765","targetHints":{"allow":["GET"]}}],"collection":[{"href":"https:\/\/eco-market24.com\/sk\/wp-json\/wp\/v2\/product"}],"about":[{"href":"https:\/\/eco-market24.com\/sk\/wp-json\/wp\/v2\/types\/product"}],"replies":[{"embeddable":true,"href":"https:\/\/eco-market24.com\/sk\/wp-json\/wp\/v2\/comments?post=1765"}],"wp:featuredmedia":[{"embeddable":true,"href":"https:\/\/eco-market24.com\/sk\/wp-json\/wp\/v2\/media\/1978"}],"wp:attachment":[{"href":"https:\/\/eco-market24.com\/sk\/wp-json\/wp\/v2\/media?parent=1765"}],"wp:term":[{"taxonomy":"product_brand","embeddable":true,"href":"https:\/\/eco-market24.com\/sk\/wp-json\/wp\/v2\/product_brand?post=1765"},{"taxonomy":"product_cat","embeddable":true,"href":"https:\/\/eco-market24.com\/sk\/wp-json\/wp\/v2\/product_cat?post=1765"},{"taxonomy":"product_tag","embeddable":true,"href":"https:\/\/eco-market24.com\/sk\/wp-json\/wp\/v2\/product_tag?post=1765"}],"curies":[{"name":"wp","href":"https:\/\/api.w.org\/{rel}","templated":true}]}}