{"id":1771,"date":"2025-09-29T16:21:27","date_gmt":"2025-09-29T14:21:27","guid":{"rendered":"https:\/\/eco-market24.com\/product\/eco-estri-3-komorovy-recyklacny-kos-3-x-60-l-s-klapkami\/"},"modified":"2025-09-29T20:02:08","modified_gmt":"2025-09-29T18:02:08","slug":"eco-estri-3-komorovy-recyklacny-kos-3-x-60-l-s-klapkami","status":"publish","type":"product","link":"https:\/\/eco-market24.com\/sk\/produkt\/eco-estri-3-komorovy-recyklacny-kos-3-x-60-l-s-klapkami\/","title":{"rendered":"Eco Estri 3-komorov\u00fd recykla\u010dn\u00fd k\u00f4\u0161, 3 \u00d7 60 l, s klapkami"},"content":{"rendered":"<p>Modulov\u00fd recykla\u010dn\u00fd k\u00f4\u0161 \u2014 do kancel\u00e1rie, \u00faradu, \u0161koly alebo obchodu<\/p>\n<p>3\u2011komorov\u00fd ekologick\u00fd recykla\u010dn\u00fd k\u00f4\u0161 Estri 3 x 60 l s klapkami je efekt\u00edvne rie\u0161enie na zavedenie z\u00e1kladn\u00e9ho trieden\u00e9ho zberu odpadu v danom priestore. V\u010faka svojej funk\u010dnosti a estetike ho mo\u017eno pou\u017ei\u0165 takmer kdeko\u013evek. Vn\u00fatorn\u00fd recykla\u010dn\u00fd kontajner je vhodn\u00fd do \u0161k\u00f4l, \u00faradov a \u010fal\u0161\u00edch verejn\u00fdch in\u0161tit\u00faci\u00ed. Je vynikaj\u00facim odpadkov\u00fdm ko\u0161om do kancel\u00e1rie \u2014 mo\u017eno ho umiestni\u0165 v pracovn\u00fdch z\u00f3nach aj v miestnostiach pre zamestnancov alebo komunika\u010dn\u00fdch priestoroch. Dobre obstoj\u00ed aj v obchodoch, n\u00e1kupn\u00fdch centr\u00e1ch a uzavret\u00fdch gar\u00e1\u017each.<\/p>\n<p>Dizajn a farby<br \/>\nModulov\u00fd recykla\u010dn\u00fd k\u00f4\u0161 s objemom 3 x 60 litrov je dostupn\u00fd v grafitovej (RAL 7021). M\u00e1 vie\u010dka vo farb\u00e1ch tried odpadu a ve\u013ek\u00e9 n\u00e1lepky s n\u00e1zvami frakci\u00ed. S\u00fa dostupn\u00e9 aj in\u00e9 konfigur\u00e1cie modulov: 2\u2011komorov\u00e1 a 4\u2011komorov\u00e1 verzia.<\/p>\n<p>Kon\u0161trukcia a odolnos\u0165<br \/>\n3\u2011komorov\u00fd oce\u013eov\u00fd recykla\u010dn\u00fd k\u00f4\u0161 je ur\u010den\u00fd na vn\u00fatorn\u00e9 pou\u017eitie. Je vyroben\u00fd z kvalitnej lakovanej ocele, ktor\u00e1 zabezpe\u010duje pr\u00ed\u0165a\u017eliv\u00fd vzh\u013ead a odolnos\u0165 vo\u010di mechanick\u00e9mu po\u0161kodeniu. Vn\u00fatorn\u00fd recykla\u010dn\u00fd kontajner tak odol\u00e1va n\u00e1hodn\u00fdm n\u00e1razom be\u017en\u00fdm v intenz\u00edvne pou\u017e\u00edvan\u00fdch priestoroch a zachov\u00e1va dobr\u00fd technick\u00fd stav po roky pou\u017e\u00edvania.<\/p>\n<p>Farby triedenia<br \/>\nAby bolo triedenie odpadu jednoduch\u00e9 pre v\u0161etk\u00fdch, k\u00f4\u0161 je jasne ozna\u010den\u00fd. S\u00fa na \u0148om n\u00e1lepky s n\u00e1zvami frakci\u00ed a ka\u017ed\u00e9 vie\u010dko m\u00e1 farbu pod\u013ea druhu odpadu:<\/p>\n<p>  Zelen\u00e1 \u2014 sklo<br \/>\n  Modr\u00e1 \u2014 papier<br \/>\n  \u017dlt\u00e1 \u2014 plasty a kovy<\/p>\n<p>Praktick\u00e9 vlastnosti<br \/>\nInteri\u00e9r mus\u00ed by\u0165 atrakt\u00edvny, funk\u010dn\u00fd a \u013eahko udr\u017eiavate\u013en\u00fd. Modulov\u00fd recykla\u010dn\u00fd k\u00f4\u0161 m\u00e1 vie\u010dka, ktor\u00e9 u\u013eah\u010duj\u00fa triedenie odpadu a pom\u00e1haj\u00fa chr\u00e1ni\u0165 pred nepr\u00edjemn\u00fdmi pachmi. Je vybaven\u00fd praktick\u00fdmi r\u00e1mami na vrecia 120 l, tak\u017ee vrecia zost\u00e1vaj\u00fa na mieste aj pri \u00faplnom naplnen\u00ed, \u010d\u00edm sa zabra\u0148uje nekontrolovan\u00e9mu vysypaniu odpadu. Kancel\u00e1rsky odpadkov\u00fd k\u00f4\u0161 je tak hygienick\u00fd pri pou\u017e\u00edvan\u00ed a jednoduch\u00fd na vypr\u00e1zdnenie a \u010distenie.<br \/>\n3\u2011komorov\u00fd k\u00f4\u0161 stoj\u00ed na \u0161tyroch noh\u00e1ch pre stabilitu. Dvere ku ka\u017edej komore s\u00fa navrhnut\u00e9 tak, aby sa dali uzamkn\u00fa\u0165 visiacim z\u00e1mkom, \u010d\u00edm je jednotka nepr\u00edstupn\u00e1 pre neopr\u00e1vnen\u00e9 osoby. S\u00fa\u010das\u0165ou s\u00fa aj mont\u00e1\u017ene otvory, ktor\u00e9 umo\u017e\u0148uj\u00fa vo\u013ene prep\u00e1ja\u0165 moduly a vytvori\u0165 triediacu stanicu prisp\u00f4soben\u00fa individu\u00e1lnym potreb\u00e1m.<\/p>\n<p>K\u013e\u00fa\u010dov\u00e9 inform\u00e1cie<\/p>\n<p>  Kapacita: 3 x 60 litrov<br \/>\n  Materi\u00e1l: lakovan\u00e1 oce\u013e<br \/>\n  Pou\u017eitie: vn\u00fatorn\u00e9<br \/>\n  Odolnos\u0165: odolnos\u0165 vo\u010di mechanick\u00e9mu po\u0161kodeniu<br \/>\n  Farba: telo v grafitovej (RAL 7021)<br \/>\n  Vie\u010dka: v 3 farb\u00e1ch triedenia<br \/>\n  Ozna\u010denie: ve\u013ek\u00e9 n\u00e1lepky s n\u00e1zvami frakci\u00ed<br \/>\n  Bezpe\u010dnos\u0165: dvere prisp\u00f4soben\u00e9 na in\u0161tal\u00e1ciu visacieho z\u00e1mku<br \/>\n  Vie\u010dka: v\u00fdklopn\u00e9<br \/>\n  Pr\u00edslu\u0161enstvo: r\u00e1my na vrecia 120 l<br \/>\n  Stabilita: stabiliza\u010dn\u00e9 nohy<br \/>\n  Modularita: mont\u00e1\u017ene otvory na prep\u00e1janie modulov<\/p>\n","protected":false},"excerpt":{"rendered":"<p>Modul\u00e1rny k\u00f4\u0161 na triedenie odpadu pre kancel\u00e1rie, \u0161koly, obchody alebo verejn\u00e9 budovy. 3-komorov\u00fd recykla\u010dn\u00fd k\u00f4\u0161 Eco Estri (3 x 60 l) s klapkami pon\u00faka \u00fa\u010dinn\u00e9 a atrakt\u00edvne rie\u0161enie na zavedenie trieden\u00e9ho zberu odpadu v akomko\u013evek priestore.<\/p>\n","protected":false},"featured_media":1983,"comment_status":"open","ping_status":"closed","template":"","meta":[],"product_brand":[],"product_cat":[70],"product_tag":[],"class_list":{"0":"post-1771","1":"product","2":"type-product","3":"status-publish","4":"has-post-thumbnail","6":"product_cat-waste-containers","8":"first","9":"instock","10":"taxable","11":"shipping-taxable","12":"purchasable","13":"product-type-simple"},"_links":{"self":[{"href":"https:\/\/eco-market24.com\/sk\/wp-json\/wp\/v2\/product\/1771","targetHints":{"allow":["GET"]}}],"collection":[{"href":"https:\/\/eco-market24.com\/sk\/wp-json\/wp\/v2\/product"}],"about":[{"href":"https:\/\/eco-market24.com\/sk\/wp-json\/wp\/v2\/types\/product"}],"replies":[{"embeddable":true,"href":"https:\/\/eco-market24.com\/sk\/wp-json\/wp\/v2\/comments?post=1771"}],"wp:featuredmedia":[{"embeddable":true,"href":"https:\/\/eco-market24.com\/sk\/wp-json\/wp\/v2\/media\/1983"}],"wp:attachment":[{"href":"https:\/\/eco-market24.com\/sk\/wp-json\/wp\/v2\/media?parent=1771"}],"wp:term":[{"taxonomy":"product_brand","embeddable":true,"href":"https:\/\/eco-market24.com\/sk\/wp-json\/wp\/v2\/product_brand?post=1771"},{"taxonomy":"product_cat","embeddable":true,"href":"https:\/\/eco-market24.com\/sk\/wp-json\/wp\/v2\/product_cat?post=1771"},{"taxonomy":"product_tag","embeddable":true,"href":"https:\/\/eco-market24.com\/sk\/wp-json\/wp\/v2\/product_tag?post=1771"}],"curies":[{"name":"wp","href":"https:\/\/api.w.org\/{rel}","templated":true}]}}