{"id":1773,"date":"2025-09-29T16:21:12","date_gmt":"2025-09-29T14:21:12","guid":{"rendered":"https:\/\/eco-market24.com\/product\/eco-modular-modularny-recyklacny-kos-3-x-50-l-cierny\/"},"modified":"2025-09-29T20:02:31","modified_gmt":"2025-09-29T18:02:31","slug":"eco-modular-modularny-recyklacny-kos-3-x-50-l-cierny","status":"publish","type":"product","link":"https:\/\/eco-market24.com\/sk\/produkt\/eco-modular-modularny-recyklacny-kos-3-x-50-l-cierny\/","title":{"rendered":"Eco Modular modul\u00e1rny recykla\u010dn\u00fd k\u00f4\u0161, 3 \u00d7 50 l, \u010dierny"},"content":{"rendered":"<p>K\u00f4\u0161 na recykl\u00e1ciu \u2014 ide\u00e1lny pre mest\u00e1, parkovisk\u00e1 a zelen\u00e9 plochy<br \/>\nEko modulov\u00fd k\u00f4\u0161 na trieden\u00fd odpad 3 \u00d7 50 l (\u010dierny, RAL 9005) umo\u017e\u0148uje jednoduch\u00e9 zavedenie z\u00e1kladn\u00e9ho triedenia odpadu v exteri\u00e9roch. V\u010faka kvalitn\u00fdm materi\u00e1lom a minimalistick\u00e9mu dizajnu sa tento trieden\u00fd k\u00f4\u0161 hod\u00ed do verejn\u00fdch priestorov ako kancel\u00e1rske budovy, \u00faradn\u00e9 budovy, \u0161koly, nemocnice, parky, n\u00e1mestia, ihrisk\u00e1, \u0161portovisk\u00e1, k\u00fapalisk\u00e1, parkovisk\u00e1 a obytn\u00e9 s\u00fabory. Jednotka m\u00e1 vo\u013ene stojacu kon\u0161trukciu.<\/p>\n<p>Odoln\u00e1 kon\u0161trukcia vo\u010di po\u010dasiu a po\u0161kodeniu<br \/>\nK\u00f4\u0161 je vyroben\u00fd z pozinkovanej ocele 0,8 mm s pr\u00e1\u0161kov\u00fdm lakovan\u00edm, \u010do zaru\u010duje odolnos\u0165 vo\u010di da\u017e\u010fu, mrazu, UV \u017eiareniu a vysok\u00fdm teplot\u00e1m. Robustn\u00e9 spracovanie rob\u00ed k\u00f4\u0161 dlhodob\u00fdm a odoln\u00fdm proti po\u0161kodeniu, pri\u010dom jeho minimalistick\u00e9 \u010dierne prevedenie (RAL 9005) sa dobre integruje do mestsk\u00e9ho i zelen\u00e9ho prostredia.<\/p>\n<p>Praktick\u00e9 prevedenie pre jednoduch\u00e9 pou\u017e\u00edvanie a \u00fadr\u017ebu<br \/>\n&#8211; Vo\u013ene stojaca kon\u0161trukcia s optim\u00e1lnou hmotnos\u0165ou pre stabilitu a jednoduch\u00fa manipul\u00e1ciu.<br \/>\n&#8211; Pozinkovan\u00e9 vn\u00fatorn\u00e9 vlo\u017eky u\u013eah\u010duj\u00fa vysyp\u00e1vanie a \u010distenie.<br \/>\n&#8211; Ve\u013ek\u00e9 vtokov\u00e9 otvory prij\u00edmaj\u00fa aj v\u00e4\u010d\u0161\u00ed odpad.<br \/>\n&#8211; Odn\u00edmate\u013en\u00e9 veka u\u013eah\u010duj\u00fa vysyp\u00e1vanie kontajnera.<\/p>\n<p>Mo\u017enosti triedenia (\u0161t\u00edtky s\u00fa s\u00fa\u010das\u0165ou)<br \/>\nModul\u00e1rny dizajn umo\u017e\u0148uje v\u00fdber triediacich \u0161t\u00edtkov (dod\u00e1van\u00fdch s ko\u0161om na samolepn\u00e9 nalepenie) v t\u00fdchto farb\u00e1ch a druhoch odpadu:<br \/>\n&#8211; \u010cierna \u2014 zmesov\u00fd odpad<br \/>\n&#8211; Hned\u00e1 \u2014 bioodpad<br \/>\n&#8211; Modr\u00e1 \u2014 papier<br \/>\n&#8211; \u017dlt\u00e1 \u2014 plasty a kovy<br \/>\n&#8211; Zelen\u00e1 \u2014 sklo<\/p>\n<p>K\u013e\u00fa\u010dov\u00e9 \u00fadaje<br \/>\n&#8211; Kapacita: 3 \u00d7 50 l<br \/>\n&#8211; Materi\u00e1l: pozinkovan\u00e1 oce\u013e 0,8 mm<br \/>\n&#8211; Povrchov\u00e1 \u00faprava: pr\u00e1\u0161kov\u00e9 lakovanie, \u010dierna (RAL 9005)<br \/>\n&#8211; Vn\u00fatorn\u00e9 vlo\u017eky: pozinkovan\u00e1 oce\u013e<br \/>\n&#8211; Veko: otv\u00e1rate\u013en\u00e9 \/ odn\u00edmate\u013en\u00e9<br \/>\n&#8211; Kon\u0161trukcia: vo\u013ene stojaca<\/p>\n","protected":false},"excerpt":{"rendered":"<p>K\u00f4\u0161 na recykl\u00e1ciu \u2014 ide\u00e1lny do miest, parkov\u00edsk a zelene. ECO Modular 3\u00d750 l \u010dierny k\u00f4\u0161 na recyklovanie je modul\u00e1rne rie\u0161enie, ktor\u00e9 zjednodu\u0161uje triedenie odpadu v akomko\u013evek vonkaj\u0161om priestore.<\/p>\n","protected":false},"featured_media":1985,"comment_status":"open","ping_status":"closed","template":"","meta":[],"product_brand":[],"product_cat":[70],"product_tag":[],"class_list":{"0":"post-1773","1":"product","2":"type-product","3":"status-publish","4":"has-post-thumbnail","6":"product_cat-waste-containers","8":"first","9":"instock","10":"taxable","11":"shipping-taxable","12":"purchasable","13":"product-type-simple"},"_links":{"self":[{"href":"https:\/\/eco-market24.com\/sk\/wp-json\/wp\/v2\/product\/1773","targetHints":{"allow":["GET"]}}],"collection":[{"href":"https:\/\/eco-market24.com\/sk\/wp-json\/wp\/v2\/product"}],"about":[{"href":"https:\/\/eco-market24.com\/sk\/wp-json\/wp\/v2\/types\/product"}],"replies":[{"embeddable":true,"href":"https:\/\/eco-market24.com\/sk\/wp-json\/wp\/v2\/comments?post=1773"}],"wp:featuredmedia":[{"embeddable":true,"href":"https:\/\/eco-market24.com\/sk\/wp-json\/wp\/v2\/media\/1985"}],"wp:attachment":[{"href":"https:\/\/eco-market24.com\/sk\/wp-json\/wp\/v2\/media?parent=1773"}],"wp:term":[{"taxonomy":"product_brand","embeddable":true,"href":"https:\/\/eco-market24.com\/sk\/wp-json\/wp\/v2\/product_brand?post=1773"},{"taxonomy":"product_cat","embeddable":true,"href":"https:\/\/eco-market24.com\/sk\/wp-json\/wp\/v2\/product_cat?post=1773"},{"taxonomy":"product_tag","embeddable":true,"href":"https:\/\/eco-market24.com\/sk\/wp-json\/wp\/v2\/product_tag?post=1773"}],"curies":[{"name":"wp","href":"https:\/\/api.w.org\/{rel}","templated":true}]}}