{"id":1795,"date":"2025-09-29T16:21:14","date_gmt":"2025-09-29T14:21:14","guid":{"rendered":"https:\/\/eco-market24.com\/product\/eco-modular-recyklacny-kos-5-x-50-l-cierny\/"},"modified":"2025-09-29T20:02:27","modified_gmt":"2025-09-29T18:02:27","slug":"eco-modular-recyklacny-kos-5-x-50-l-cierny","status":"publish","type":"product","link":"https:\/\/eco-market24.com\/sk\/produkt\/eco-modular-recyklacny-kos-5-x-50-l-cierny\/","title":{"rendered":"Eco Modular recykla\u010dn\u00fd k\u00f4\u0161 5 \u00d7 50 l, \u010dierny"},"content":{"rendered":"<p>Recykla\u010dn\u00fd kontajner \u2014 ide\u00e1lny pre mest\u00e1, parkovisk\u00e1 a zelen\u00e9 plochy<br \/>\nEko modul\u00e1rny recykla\u010dn\u00fd kontajner 5 \u00d7 50 l (\u010dierny) umo\u017e\u0148uje jednoduch\u00e9 zavedenie z\u00e1kladn\u00e9ho trieden\u00e9ho zberu odpadu v akomko\u013evek vonkaj\u0161om priestore. V\u010faka kvalitnej kon\u0161trukcii a minimalistick\u00e9mu dizajnu sa hod\u00ed do verejn\u00fdch priestorov, ako s\u00fa administrat\u00edvne budovy, \u00faradn\u00e9 budovy, \u0161koly, nemocnice, parky, n\u00e1mestia, detsk\u00e9 ihrisk\u00e1, \u0161portovisk\u00e1, rekrea\u010dn\u00e9 zariadenia a parkovisk\u00e1.<\/p>\n<p>Vzh\u013ead a prisp\u00f4sobenie<br \/>\n5-komorov\u00fd recykla\u010dn\u00fd kontajner je povrchovo upraven\u00fd v \u010diernej farbe (RAL 9005). Z\u00e1kazn\u00edci dostan\u00fa separa\u010dn\u00e9 n\u00e1lepky na samolepku; farby n\u00e1lepiek zodpovedaj\u00fa odpadov\u00fdm frakci\u00e1m a je mo\u017en\u00e9 ich vybra\u0165 pod\u013ea dohodnutej farebnej sch\u00e9my.<\/p>\n<p>Odolnos\u0165 a odolnos\u0165 vo\u010di poveternostn\u00fdm vplyvom<br \/>\nKontajner je vyroben\u00fd z pozinkovan\u00e9ho plechu 0,8 mm s pr\u00e1\u0161kov\u00fdm n\u00e1strekom, \u010do zabezpe\u010duje odolnos\u0165 vo\u010di da\u017e\u010fu, mrazu, UV \u017eiareniu a vysok\u00fdm teplot\u00e1m. Je vhodn\u00fd na vonkaj\u0161ie pou\u017eitie bez krytu a je vysoko odoln\u00fd a odoln\u00fd proti po\u0161kodeniu.<\/p>\n<p>Praktick\u00fd dizajn<br \/>\n&#8211; Vo\u013ene stojaca kon\u0161trukcia s optim\u00e1lnou hmotnos\u0165ou pre stabilitu a \u013eahk\u00e9 pres\u00favanie\/vyprazd\u0148ovanie<br \/>\n&#8211; Vn\u00fatorn\u00e9 pozinkovan\u00e9 vlo\u017eky pre jednoduch\u0161ie vyprazd\u0148ovanie a \u010distenie<br \/>\n&#8211; Ve\u013ek\u00e9 horn\u00e9 otvory na vhadzovanie v\u00e4\u010d\u0161\u00edch predmetov<br \/>\n&#8211; Odn\u00edmate\u013en\u00e9 kryty u\u013eah\u010duj\u00face vyprazd\u0148ovanie<\/p>\n<p>Dostupn\u00e9 frakcie (farby n\u00e1lepiek)<br \/>\n&#8211; \u010cierna \u2014 zmesov\u00fd odpad<br \/>\n&#8211; Hned\u00e1 \u2014 bioodpad<br \/>\n&#8211; Modr\u00e1 \u2014 papier<br \/>\n&#8211; \u017dlt\u00e1 \u2014 plasty a kov<br \/>\n&#8211; Zelen\u00e1 \u2014 sklo<\/p>\n<p>K\u013e\u00fa\u010dov\u00e9 inform\u00e1cie<br \/>\n&#8211; Kapacita: 5 \u00d7 50 l<br \/>\n&#8211; Materi\u00e1l: pozinkovan\u00fd plech 0,8 mm<br \/>\n&#8211; Povrchov\u00e1 \u00faprava: pr\u00e1\u0161kov\u00e9 lakovanie, \u010dierna (RAL 9005)<br \/>\n&#8211; Vlastnosti: vn\u00fatorn\u00e9 pozinkovan\u00e9 vlo\u017eky, odn\u00edmate\u013en\u00e9 kryty, vo\u013ene stojaca kon\u0161trukcia<\/p>\n","protected":false},"excerpt":{"rendered":"<p>K\u00f4\u0161 na recykl\u00e1ciu \u2014 ide\u00e1lny pre mest\u00e1, parkovisk\u00e1 a zelen\u00e9 plochy. \u010cierny recykla\u010dn\u00fd k\u00f4\u0161 ECO Modular 5\u00d750 l u\u013eah\u010duje zavedenie trieden\u00e9ho zberu odpadu v akomko\u013evek vonkaj\u0161om priestore.<\/p>\n","protected":false},"featured_media":1993,"comment_status":"open","ping_status":"closed","template":"","meta":[],"product_brand":[],"product_cat":[70],"product_tag":[],"class_list":{"0":"post-1795","1":"product","2":"type-product","3":"status-publish","4":"has-post-thumbnail","6":"product_cat-waste-containers","8":"first","9":"instock","10":"taxable","11":"shipping-taxable","12":"purchasable","13":"product-type-simple"},"_links":{"self":[{"href":"https:\/\/eco-market24.com\/sk\/wp-json\/wp\/v2\/product\/1795","targetHints":{"allow":["GET"]}}],"collection":[{"href":"https:\/\/eco-market24.com\/sk\/wp-json\/wp\/v2\/product"}],"about":[{"href":"https:\/\/eco-market24.com\/sk\/wp-json\/wp\/v2\/types\/product"}],"replies":[{"embeddable":true,"href":"https:\/\/eco-market24.com\/sk\/wp-json\/wp\/v2\/comments?post=1795"}],"wp:featuredmedia":[{"embeddable":true,"href":"https:\/\/eco-market24.com\/sk\/wp-json\/wp\/v2\/media\/1993"}],"wp:attachment":[{"href":"https:\/\/eco-market24.com\/sk\/wp-json\/wp\/v2\/media?parent=1795"}],"wp:term":[{"taxonomy":"product_brand","embeddable":true,"href":"https:\/\/eco-market24.com\/sk\/wp-json\/wp\/v2\/product_brand?post=1795"},{"taxonomy":"product_cat","embeddable":true,"href":"https:\/\/eco-market24.com\/sk\/wp-json\/wp\/v2\/product_cat?post=1795"},{"taxonomy":"product_tag","embeddable":true,"href":"https:\/\/eco-market24.com\/sk\/wp-json\/wp\/v2\/product_tag?post=1795"}],"curies":[{"name":"wp","href":"https:\/\/api.w.org\/{rel}","templated":true}]}}