{"id":1810,"date":"2025-09-29T16:21:24","date_gmt":"2025-09-29T14:21:24","guid":{"rendered":"https:\/\/eco-market24.com\/product\/kos-na-triedeny-odpad-5-komorovy-eco-estri-5-x-60-l-pozinkovany\/"},"modified":"2025-09-29T20:02:14","modified_gmt":"2025-09-29T18:02:14","slug":"kos-na-triedeny-odpad-5-komorovy-eco-estri-5-x-60-l-pozinkovany","status":"publish","type":"product","link":"https:\/\/eco-market24.com\/sk\/produkt\/kos-na-triedeny-odpad-5-komorovy-eco-estri-5-x-60-l-pozinkovany\/","title":{"rendered":"K\u00f4\u0161 na trieden\u00fd odpad, 5-komorov\u00fd Eco Estri 5 \u00d7 60 l pozinkovan\u00fd"},"content":{"rendered":"<p>Sada 5 n\u00e1dob na triedenie \u2014 ECO ESTRI 5 x 60 L<\/p>\n<p>Sada 5 n\u00e1dob na triedenie vhodn\u00fdch do exteri\u00e9ru aj interi\u00e9ru \u2014 ECO ESTRI 5 x 60 L je funk\u010dn\u00e9 a estetick\u00e9 rie\u0161enie na zavedenie separovan\u00e9ho zberu odpadu v budov\u00e1ch a verejn\u00fdch priestoroch. Vhodn\u00e9 pre \u0161koly, matersk\u00e9 \u0161koly, kancel\u00e1rie, ambulancie, n\u00e1kupn\u00e9 centr\u00e1, \u010derpacie stanice a ve\u013ek\u00e9 parkovisk\u00e1.<\/p>\n<p>Kon\u0161trukcia a povrchov\u00e1 \u00faprava<br \/>\nMateri\u00e1l: Pozinkovan\u00e1 oce\u013e s protikor\u00f3znymi vlastnos\u0165ami, odoln\u00e1 vo\u010di slne\u010dn\u00e9mu \u017eiareniu, extr\u00e9mnym teplot\u00e1m a da\u017e\u010fu.<br \/>\nTrv\u00e1cnos\u0165: Odoln\u00e1 vo\u010di mechanick\u00e9mu po\u0161kodeniu, vhodn\u00e1 do intenz\u00edvne vyu\u017e\u00edvan\u00fdch priestorov a verejn\u00fdch miest.<br \/>\nFarba: Grafitov\u00e1 (RAL 7021).<\/p>\n<p>Kapacita a konfigur\u00e1cia<br \/>\nPo\u010det kom\u00f4r: 5<br \/>\nKapacita na komoru: 60 l (spolu 5 \u00d7 60 l)<br \/>\nDvierka: 5 zamykate\u013en\u00fdch dvierok (mo\u017enos\u0165 pou\u017eitia visacieho z\u00e1mku)<br \/>\nKr\u00fa\u017eky na vrecia: Prisp\u00f4soben\u00e9 pre 120 l vrecia, zabra\u0148uj\u00fa sk\u013aznutiu vreca a vn\u00fatorn\u00e9mu zne\u010disteniu<br \/>\nPrepojenie modulov: Mo\u017enos\u0165 spoji\u0165 moduly pomocou mont\u00e1\u017enych otvorov<\/p>\n<p>Farby triedenia a \u0161t\u00edtky<br \/>\nDvierka nes\u00fa \u0161t\u00edtky s n\u00e1zvami frakci\u00ed v \u0161tandardn\u00fdch farb\u00e1ch (E\u00da \/ Ministerstvo \u017eivotn\u00e9ho prostredia):<\/p>\n<p>  Zmesov\u00fd odpad: Siv\u00e1<br \/>\n  Plasty a kov: \u017dlt\u00e1<br \/>\n  Papier: Modr\u00e1<br \/>\n  Sklo: Zelen\u00e1<br \/>\n  Bioodpad: Hned\u00e1<\/p>\n<p>Pozn\u00e1mka: \u0160t\u00edtky s\u00fa zasielan\u00e9 osobitne na samolepen\u00fa aplik\u00e1ciu a mo\u017en\u00fa \u00fapravu z\u00e1kazn\u00edkom.<\/p>\n<p>K\u013e\u00fa\u010dov\u00e9 inform\u00e1cie<br \/>\nProdukt: ECO ESTRI 5 \u00d7 60 L<br \/>\nKapacita: 5 \u00d7 60 l<br \/>\nFarba: Grafitov\u00e1 (RAL 7021)<br \/>\nMateri\u00e1l: Pozinkovan\u00e1 oce\u013e<br \/>\nPou\u017eitie: Interi\u00e9r a exteri\u00e9r<br \/>\nObsah balenia: Farebn\u00e9 \u0161t\u00edtky (zasielan\u00e9 osobitne), kr\u00fa\u017eky na vrecia, zamykate\u013en\u00e9 dvierka<\/p>\n","protected":false},"excerpt":{"rendered":"<p>Sada piatich 60 l priehradiek \u2014 recykla\u010dn\u00fd kontajner Eco Estri s piatimi 60 l priehradkami kombinuje funk\u010dn\u00fd a estetick\u00fd dizajn pre vn\u00fatorn\u00e9 i vonkaj\u0161ie pou\u017eitie a umo\u017e\u0148uje jednoduch\u00e9 zavedenie trieden\u00e9ho zberu odpadu v budov\u00e1ch a verejn\u00fdch priestoroch.<\/p>\n","protected":false},"featured_media":2162,"comment_status":"open","ping_status":"closed","template":"","meta":[],"product_brand":[],"product_cat":[70],"product_tag":[],"class_list":{"0":"post-1810","1":"product","2":"type-product","3":"status-publish","4":"has-post-thumbnail","6":"product_cat-waste-containers","8":"first","9":"instock","10":"taxable","11":"shipping-taxable","12":"purchasable","13":"product-type-simple"},"_links":{"self":[{"href":"https:\/\/eco-market24.com\/sk\/wp-json\/wp\/v2\/product\/1810","targetHints":{"allow":["GET"]}}],"collection":[{"href":"https:\/\/eco-market24.com\/sk\/wp-json\/wp\/v2\/product"}],"about":[{"href":"https:\/\/eco-market24.com\/sk\/wp-json\/wp\/v2\/types\/product"}],"replies":[{"embeddable":true,"href":"https:\/\/eco-market24.com\/sk\/wp-json\/wp\/v2\/comments?post=1810"}],"wp:featuredmedia":[{"embeddable":true,"href":"https:\/\/eco-market24.com\/sk\/wp-json\/wp\/v2\/media\/2162"}],"wp:attachment":[{"href":"https:\/\/eco-market24.com\/sk\/wp-json\/wp\/v2\/media?parent=1810"}],"wp:term":[{"taxonomy":"product_brand","embeddable":true,"href":"https:\/\/eco-market24.com\/sk\/wp-json\/wp\/v2\/product_brand?post=1810"},{"taxonomy":"product_cat","embeddable":true,"href":"https:\/\/eco-market24.com\/sk\/wp-json\/wp\/v2\/product_cat?post=1810"},{"taxonomy":"product_tag","embeddable":true,"href":"https:\/\/eco-market24.com\/sk\/wp-json\/wp\/v2\/product_tag?post=1810"}],"curies":[{"name":"wp","href":"https:\/\/api.w.org\/{rel}","templated":true}]}}