{"id":2143,"date":"2025-09-29T16:21:30","date_gmt":"2025-09-29T14:21:30","guid":{"rendered":"https:\/\/eco-market24.com\/product\/dvojkomorovy-recyklacny-kos-eco-star-2-x-60-l\/"},"modified":"2025-09-29T20:01:12","modified_gmt":"2025-09-29T18:01:12","slug":"dvojkomorovy-recyklacny-kos-eco-star-2-x-60-l","status":"publish","type":"product","link":"https:\/\/eco-market24.com\/sk\/produkt\/dvojkomorovy-recyklacny-kos-eco-star-2-x-60-l\/","title":{"rendered":"Dvojkomorov\u00fd recykla\u010dn\u00fd k\u00f4\u0161 Eco Star 2 x 60 l"},"content":{"rendered":"<p>Odpadkov\u00fd k\u00f4\u0161 s 2-komorami \u2014 do vn\u00fatorn\u00e9ho pou\u017eitia<br \/>\nRecykla\u010dn\u00fd k\u00f4\u0161 Eco Star 2 x 60 l s 2 komorami je kombin\u00e1ciou kvalitn\u00fdch materi\u00e1lov, funk\u010dnosti a estetiky. Je vynikaj\u00facim rie\u0161en\u00edm pre firmy, ktor\u00e9 chc\u00fa zavies\u0165 z\u00e1kladn\u00fd trieden\u00fd zber na svojich priestoroch, a je vhodn\u00fd do kancel\u00e1ri\u00ed, \u0161k\u00f4l a \u010fal\u0161\u00edch verejn\u00fdch in\u0161tit\u00faci\u00ed. Vn\u00fatorn\u00fd recykla\u010dn\u00fd kontajner sa hod\u00ed do pracovn\u00fdch priestorov, \u0161atn\u00ed, chodieb, n\u00e1kupn\u00fdch centier, vlakov\u00fdch stan\u00edc a podzemn\u00fdch gar\u00e1\u017e\u00ed.<\/p>\n<p>Kapacita a vzh\u013ead<br \/>\nTriediaci k\u00f4\u0161 pozost\u00e1va z 2 n\u00e1dob, ka\u017ed\u00e1 s objemom 60 litrov. Skrinka je povrchovo upraven\u00e1 v grafitovej farbe (RAL 7024) a plniace otvory s\u00fa dostupn\u00e9 v recykla\u010dn\u00fdch farb\u00e1ch. Dodato\u010dn\u00fa identifik\u00e1ciu zabezpe\u010duj\u00fa n\u00e1lepky s n\u00e1zvami frakci\u00ed. S\u00fa dostupn\u00e9 aj modely s viacer\u00fdmi modulmi: Eco Star 3 x 60 l (3-komorov\u00fd), Eco Star 4 x 60 l (4-komorov\u00fd) a Eco Star 5 x 60 l (5-komorov\u00fd).<\/p>\n<p>Pevn\u00fd vn\u00fatorn\u00fd recykla\u010dn\u00fd kontajner<br \/>\n2-komorov\u00fd recykla\u010dn\u00fd k\u00f4\u0161 je ur\u010den\u00fd na vn\u00fatorn\u00e9 pou\u017eitie a je vyroben\u00fd z lakovanej ocele pre dlhodob\u00fa technick\u00fa odolnos\u0165. T\u00e1to kon\u0161trukcia poskytuje vysok\u00fa odolnos\u0165 proti mechanick\u00e9mu po\u0161kodeniu, v\u010faka \u010domu je vhodn\u00fd do frekventovan\u00fdch priestorov, ako s\u00fa \u0161kolsk\u00e9 chodby, prechody v administrat\u00edvnych budov\u00e1ch, \u0161t\u00e1tne \u00farady a verejn\u00e9 in\u0161tit\u00facie.<\/p>\n<p>Kancel\u00e1rsky k\u00f4\u0161 \u2014 recykla\u010dn\u00e9 farby<br \/>\nKontajner je navrhnut\u00fd tak, aby zjednodu\u0161il ka\u017edodenn\u00e9 triedenie odpadu. Moduly s\u00fa ozna\u010den\u00e9 ve\u013ek\u00fdmi n\u00e1lepkami s n\u00e1zvami jednotliv\u00fdch frakci\u00ed a maj\u00fa plniace otvory v recykla\u010dn\u00fdch farb\u00e1ch. 2-komorov\u00fd recykla\u010dn\u00fd k\u00f4\u0161 mo\u017eno pou\u017ei\u0165 pre:<\/p>\n<p>  Sklo (zelen\u00e1)<br \/>\n  Papier (modr\u00e1)<br \/>\n  Plasty a kovy (\u017elt\u00e1)<br \/>\n  Bioodpad (hned\u00e1)<br \/>\n  Zmesov\u00fd odpad (grafitov\u00e1)<\/p>\n<p>\u013dahk\u00e9 \u010distenie<br \/>\nVn\u00fatorn\u00fd recykla\u010dn\u00fd kontajner je vybaven\u00fd r\u00e1mami na vrecia (objem 120 l), ktor\u00e9 ich dr\u017eia na mieste aj pri plnom za\u0165a\u017een\u00ed, \u010d\u00edm zabra\u0148uj\u00fa roz\u0161\u00edreniu odpadu vo vn\u00fatri n\u00e1dob a u\u013eah\u010duj\u00fa ich vypr\u00e1zd\u0148ovanie a \u010distenie. Triediaci k\u00f4\u0161 poskytuje stabilitu v\u010faka stabiliza\u010dn\u00fdm noh\u00e1m a obsahuje mont\u00e1\u017ene otvory na sp\u00e1janie modulov pre vytvorenie vlastnej stanice na triedenie odpadu. Dvere je mo\u017en\u00e9 vybavi\u0165 z\u00e1mkom, aby sa zabr\u00e1nilo neopr\u00e1vnen\u00e9mu pr\u00edstupu.<\/p>\n<p>K\u013e\u00fa\u010dov\u00e9 inform\u00e1cie \u2014 2-komorov\u00fd recykla\u010dn\u00fd k\u00f4\u0161<\/p>\n<p>  Kapacita: 2 x 60 litrov<br \/>\n  Materi\u00e1l: lakovan\u00e1 oce\u013e<br \/>\n  Ur\u010denie: vn\u00fatorn\u00e9 pou\u017eitie<br \/>\n  Odolnos\u0165: odoln\u00fd proti mechanick\u00e9mu po\u0161kodeniu<br \/>\n  Farba skrinky: grafitov\u00e1 (RAL 7024)<br \/>\n  Plniace otvory: dostupn\u00e9 v 5 recykla\u010dn\u00fdch farb\u00e1ch<br \/>\n  Identifik\u00e1cia: n\u00e1lepky s n\u00e1zvami frakci\u00ed<br \/>\n  Bezpe\u010dnos\u0165: dvere je mo\u017en\u00e9 vybavi\u0165 z\u00e1mkom<br \/>\n  Pr\u00edslu\u0161enstvo: r\u00e1my na vrecia (120 l)<br \/>\n  Stabilita: stabiliza\u010dn\u00e9 nohy<br \/>\n  Modularita: mont\u00e1\u017ene otvory na sp\u00e1janie modulov<\/p>\n","protected":false},"excerpt":{"rendered":"<p>N\u00e1doba na trieden\u00fd odpad, dvojkomorov\u00e1 \u2014 do vn\u00fatorn\u00e9ho pou\u017eitia. Eco Star 2\u00d760 l sp\u00e1ja vysokokvalitn\u00e9 materi\u00e1ly, praktick\u00fa funk\u010dnos\u0165 a elegantn\u00fd dizajn \u2014 ide\u00e1lne rie\u0161enie pre firmy zav\u00e1dzaj\u00face z\u00e1kladn\u00e9 triedenie odpadu na mieste.<\/p>\n","protected":false},"featured_media":2149,"comment_status":"open","ping_status":"closed","template":"","meta":[],"product_brand":[],"product_cat":[70],"product_tag":[],"class_list":{"0":"post-2143","1":"product","2":"type-product","3":"status-publish","4":"has-post-thumbnail","6":"product_cat-waste-containers","8":"first","9":"instock","10":"taxable","11":"shipping-taxable","12":"purchasable","13":"product-type-simple"},"_links":{"self":[{"href":"https:\/\/eco-market24.com\/sk\/wp-json\/wp\/v2\/product\/2143","targetHints":{"allow":["GET"]}}],"collection":[{"href":"https:\/\/eco-market24.com\/sk\/wp-json\/wp\/v2\/product"}],"about":[{"href":"https:\/\/eco-market24.com\/sk\/wp-json\/wp\/v2\/types\/product"}],"replies":[{"embeddable":true,"href":"https:\/\/eco-market24.com\/sk\/wp-json\/wp\/v2\/comments?post=2143"}],"wp:featuredmedia":[{"embeddable":true,"href":"https:\/\/eco-market24.com\/sk\/wp-json\/wp\/v2\/media\/2149"}],"wp:attachment":[{"href":"https:\/\/eco-market24.com\/sk\/wp-json\/wp\/v2\/media?parent=2143"}],"wp:term":[{"taxonomy":"product_brand","embeddable":true,"href":"https:\/\/eco-market24.com\/sk\/wp-json\/wp\/v2\/product_brand?post=2143"},{"taxonomy":"product_cat","embeddable":true,"href":"https:\/\/eco-market24.com\/sk\/wp-json\/wp\/v2\/product_cat?post=2143"},{"taxonomy":"product_tag","embeddable":true,"href":"https:\/\/eco-market24.com\/sk\/wp-json\/wp\/v2\/product_tag?post=2143"}],"curies":[{"name":"wp","href":"https:\/\/api.w.org\/{rel}","templated":true}]}}