{"id":2151,"date":"2025-09-29T16:21:29","date_gmt":"2025-09-29T14:21:29","guid":{"rendered":"https:\/\/eco-market24.com\/product\/kos-na-recyklaciu-5-komorovy-eco-estri-5-x-60-l-s-klapkami\/"},"modified":"2025-09-29T20:01:14","modified_gmt":"2025-09-29T18:01:14","slug":"kos-na-recyklaciu-5-komorovy-eco-estri-5-x-60-l-s-klapkami","status":"publish","type":"product","link":"https:\/\/eco-market24.com\/sk\/produkt\/kos-na-recyklaciu-5-komorovy-eco-estri-5-x-60-l-s-klapkami\/","title":{"rendered":"K\u00f4\u0161 na recykl\u00e1ciu, 5-komorov\u00fd ECO Estri, 5 \u00d7 60 l s klapkami"},"content":{"rendered":"<p>5-komorov\u00fd eco Estri 5 x 60 l kontajner na trieden\u00fd odpad s klapkami<\/p>\n<p>5-komorov\u00fd eco Estri 5 x 60 l kontajner na trieden\u00fd odpad s klapkami je estetick\u00e9 a funk\u010dn\u00e9 rie\u0161enie pre vn\u00fatorn\u00e9 triedenie odpadu v kancel\u00e1ri\u00e1ch, \u0161kol\u00e1ch, \u0161t\u00e1tnych in\u0161tit\u00faci\u00e1ch alebo predajniach, ktor\u00e9 umo\u017e\u0148uje z\u00e1kladn\u00e9 ekologick\u00e9 n\u00e1vyky v zvolenom vn\u00fatornom priestore. Je ide\u00e1lny do pracov\u00edsk, miestnost\u00ed pre person\u00e1l, chodieb a \u010fal\u0161\u00edch \u010dasto vyu\u017e\u00edvan\u00fdch spolo\u010dn\u00fdch priestorov. Jednotka je kombin\u00e1ciou 2- a 3-modulov\u00fdch n\u00e1dob \u2014 ka\u017ed\u00fd modul m\u00e1 kapacitu 60 litrov. Korpus je v preveden\u00ed grafit (RAL 7021) a vie\u010dka s\u00fa v farb\u00e1ch pod\u013ea triedenia. Dodato\u010dn\u00e9 ozna\u010denie zabezpe\u010duj\u00fa n\u00e1lepky s n\u00e1zvom frakcie.<\/p>\n<p>Konstrukcia a odolnos\u0165<br \/>\nVyroben\u00e9 z lakovan\u00e9ho plechu, tento kancel\u00e1rsky kontajner na triedenie je navrhnut\u00fd pre pohodln\u00e9 a bezpe\u010dn\u00e9 vn\u00fatorn\u00e9 pou\u017eitie. Kvalitn\u00e1 lakovan\u00e1 oce\u013eov\u00e1 kon\u0161trukcia poskytuje vysok\u00fa odolnos\u0165 proti mechanick\u00e9mu po\u0161kodeniu be\u017en\u00e9mu v \u010dasto vyu\u017e\u00edvan\u00fdch priestoroch, preto je vhodn\u00fd do \u0161k\u00f4l, verejn\u00fdch in\u0161tit\u00faci\u00ed a chodieb s vysokou frekvenciou pohybu os\u00f4b.<\/p>\n<p>Farby triedenia a ozna\u010denie<br \/>\n60 l moduly s\u00fa vybaven\u00e9 ve\u013ek\u00fdmi n\u00e1lepkami zobrazuj\u00facimi n\u00e1zov frakcie a vie\u010dkami sfarben\u00fdmi pod\u013ea sch\u00e9my triedenia ur\u010denej Ministerstvom klimatick\u00e9ho a environment\u00e1lneho riadenia. Kontajner podporuje triedenie:<\/p>\n<p>  Sklo (zelen\u00e1)<br \/>\n  Papier (modr\u00e1)<br \/>\n  Plasty a kovy (\u017elt\u00e1)<br \/>\n  Bioodpad (hned\u00e1)<br \/>\n  Zmesov\u00fd odpad (siv\u00e1)<\/p>\n<p>Funk\u010dn\u00fd dizajn<\/p>\n<p>  Kombin\u00e1cia 2- a 3-modulov\u00fdch ko\u0161ov so \u0161peci\u00e1lnymi mont\u00e1\u017enymi otvormi pre vytvorenie vlastnej stanice na triedenie odpadu<br \/>\n  Stabiln\u00e9 nohy zabra\u0148uj\u00face prevrhnutiu<br \/>\n  Mo\u017enos\u0165 uzamknutia ka\u017ed\u00e9ho modulu visiacim z\u00e1mkom proti neopr\u00e1vnen\u00e9mu pr\u00edstupu<br \/>\n  Hygienick\u00e9 vyprazd\u0148ovanie a jednoduch\u00e9 \u010distenie<br \/>\n  Praktick\u00e9 r\u00e1m\u010deky na vrecia (pre 120 l vrecia) udr\u017eiavaj\u00fa vrecia na mieste a zabra\u0148uj\u00fa vysypaniu<br \/>\n  Vie\u010dka na p\u00e1ntoch obmedzuj\u00fa \u0161\u00edrenie nepr\u00edjemn\u00fdch z\u00e1pachov<\/p>\n<p>K\u013e\u00fa\u010dov\u00e9 inform\u00e1cie<\/p>\n<p>  Kapacita: 2 x 60 + 3 x 60 litrov<br \/>\n  Materi\u00e1l: lakovan\u00fd plech<br \/>\n  Ur\u010denie: vn\u00fatorn\u00e9 pou\u017eitie<br \/>\n  Povrchov\u00e1 \u00faprava: korpus v grafitovej farbe (RAL 7021)<br \/>\n  Vie\u010dka: dostupn\u00e9 v 5 farb\u00e1ch triedenia<br \/>\n  Ozna\u010denie: n\u00e1lepky s n\u00e1zvami frakci\u00ed<br \/>\n  Bezpe\u010dnos\u0165: dvierka upraven\u00e9 pre in\u0161tal\u00e1ciu visacieho z\u00e1mku<br \/>\n  Vlastnosti: p\u00e1ntov\u00e9 vie\u010dka, r\u00e1m\u010deky na vrecia, stabiliza\u010dn\u00e9 nohy, mont\u00e1\u017ene otvory na sp\u00e1janie modulov<\/p>\n","protected":false},"excerpt":{"rendered":"<p>A estetick\u00e9 a funk\u010dn\u00e9 vn\u00fatorn\u00e9 rie\u0161enie na triedenie odpadu pre kancel\u00e1rie, \u0161koly, verejn\u00e9 budovy a obchody \u2014 p\u00e4\u0165komorov\u00fd k\u00f4\u0161 na trieden\u00fd odpad Eco Estri (5 \u00d7 60 l) s klapkami podporuje jednoduch\u00e9 proekologick\u00e9 n\u00e1vyky; ide\u00e1lny pre \u0161koly a kancel\u00e1rie.<\/p>\n","protected":false},"featured_media":2273,"comment_status":"open","ping_status":"closed","template":"","meta":[],"product_brand":[],"product_cat":[70],"product_tag":[],"class_list":{"0":"post-2151","1":"product","2":"type-product","3":"status-publish","4":"has-post-thumbnail","6":"product_cat-waste-containers","8":"first","9":"instock","10":"taxable","11":"shipping-taxable","12":"purchasable","13":"product-type-simple"},"_links":{"self":[{"href":"https:\/\/eco-market24.com\/sk\/wp-json\/wp\/v2\/product\/2151","targetHints":{"allow":["GET"]}}],"collection":[{"href":"https:\/\/eco-market24.com\/sk\/wp-json\/wp\/v2\/product"}],"about":[{"href":"https:\/\/eco-market24.com\/sk\/wp-json\/wp\/v2\/types\/product"}],"replies":[{"embeddable":true,"href":"https:\/\/eco-market24.com\/sk\/wp-json\/wp\/v2\/comments?post=2151"}],"wp:featuredmedia":[{"embeddable":true,"href":"https:\/\/eco-market24.com\/sk\/wp-json\/wp\/v2\/media\/2273"}],"wp:attachment":[{"href":"https:\/\/eco-market24.com\/sk\/wp-json\/wp\/v2\/media?parent=2151"}],"wp:term":[{"taxonomy":"product_brand","embeddable":true,"href":"https:\/\/eco-market24.com\/sk\/wp-json\/wp\/v2\/product_brand?post=2151"},{"taxonomy":"product_cat","embeddable":true,"href":"https:\/\/eco-market24.com\/sk\/wp-json\/wp\/v2\/product_cat?post=2151"},{"taxonomy":"product_tag","embeddable":true,"href":"https:\/\/eco-market24.com\/sk\/wp-json\/wp\/v2\/product_tag?post=2151"}],"curies":[{"name":"wp","href":"https:\/\/api.w.org\/{rel}","templated":true}]}}