{"id":2158,"date":"2025-09-29T16:21:26","date_gmt":"2025-09-29T14:21:26","guid":{"rendered":"https:\/\/eco-market24.com\/product\/kos-na-recyklovanie-2-komorovy-eco-estri-2-x-60-l-s-klapkami\/"},"modified":"2025-09-29T20:02:10","modified_gmt":"2025-09-29T18:02:10","slug":"kos-na-recyklovanie-2-komorovy-eco-estri-2-x-60-l-s-klapkami","status":"publish","type":"product","link":"https:\/\/eco-market24.com\/sk\/produkt\/kos-na-recyklovanie-2-komorovy-eco-estri-2-x-60-l-s-klapkami\/","title":{"rendered":"K\u00f4\u0161 na recyklovanie 2-komorov\u00fd eco Estri 2 x 60 L s klapkami"},"content":{"rendered":"<p>Eco Estri 2-komorov\u00fd recykla\u010dn\u00fd kontajner \u2014 2 x 60 l s klapkami<br \/>\nEstetick\u00fd vn\u00fatorn\u00fd kontajner na triedenie odpadu kombinuje elegantn\u00fd dizajn a kvalitn\u00e9 spracovanie. Predov\u0161etk\u00fdm poskytuje osved\u010den\u00e9 rie\u0161enie pre zavedenie separovan\u00e9ho zberu v interi\u00e9roch, ako s\u00fa \u0161koly, \u0161t\u00e1tne \u00farady, verejn\u00e9 in\u0161tit\u00facie, obchody, n\u00e1kupn\u00e9 centr\u00e1, kryt\u00e9 parkovisk\u00e1, chodby a z\u00e1vodn\u00e9 jed\u00e1lne. Jednotka je dostupn\u00e1 v grafitovej farbe (RAL 7021). Na ozna\u010denie frakci\u00ed sa pou\u017e\u00edvaj\u00fa farebn\u00e9 vie\u010dka a ve\u013ek\u00e9 n\u00e1lepky s n\u00e1zvami \u2014 z\u00e1kazn\u00edk si m\u00f4\u017ee zvoli\u0165 2 z 5 z\u00e1kladn\u00fdch farieb. S\u00fa dostupn\u00e9 aj verzie s viacer\u00fdmi modulmi.<\/p>\n<p>Kon\u0161trukcia a odolnos\u0165<br \/>\nTento odoln\u00fd 2-komorov\u00fd recykla\u010dn\u00fd kontajner (2 x 60 l) je vyroben\u00fd z kvalitn\u00e9ho lakovan\u00e9ho plechu, \u010do poskytuje atrakt\u00edvne rie\u0161enie do vn\u00fatorn\u00fdch priestorov s vysokou odolnos\u0165ou proti mechanick\u00e9mu po\u0161kodeniu. Odol\u00e1va n\u00e1razom, ktor\u00e9 s\u00fa be\u017en\u00e9 v intenz\u00edvne vyu\u017e\u00edvan\u00fdch \u0161kolsk\u00fdch alebo kancel\u00e1rskych priestoroch, a je vhodn\u00fd do miest s ve\u013ek\u00fdm pohybom os\u00f4b, ako s\u00fa n\u00e1kupn\u00e9 centr\u00e1.<\/p>\n<p>Dostupn\u00e9 farby triedenia<br \/>\n2-komorov\u00fd kontajner je jasne ozna\u010den\u00fd na u\u013eah\u010denie separovan\u00e9ho zberu. Identifik\u00e1cia zah\u0155\u0148a farebn\u00e9 vie\u010dka zakr\u00fdvaj\u00face vstupn\u00e9 otvory a n\u00e1lepky s n\u00e1zvami frakci\u00ed v s\u00falade s platn\u00fdmi predpismi (napr\u00edklad):<\/p>\n<p>  Hned\u00e1 \u2014 biologicky rozlo\u017eite\u013en\u00fd odpad<br \/>\n  Grafitov\u00e1 \u2014 zmie\u0161an\u00fd odpad<\/p>\n<p>Funk\u010dnos\u0165 a hygiena<br \/>\nNavrhnut\u00fd do vn\u00fatorn\u00fdch priestorov, kde z\u00e1le\u017e\u00ed na estetike, funk\u010dnosti a hygiene, kontajner m\u00e1 praktick\u00e9 p\u00e1ntov\u00e9 vie\u010dka, ktor\u00e9 zjednodu\u0161uj\u00fa triedenie a pom\u00e1haj\u00fa zadr\u017eiava\u0165 pachy. Jednotka obsahuje r\u00e1my na vrecia 120 l, ktor\u00e9 udr\u017euj\u00fa vrecia na mieste bez oh\u013eadu na naplnenie a u\u013eah\u010duj\u00fa vypr\u00e1zd\u0148ovanie a \u010distenie.<\/p>\n<p>Bezpe\u010dnos\u0165 a in\u0161tal\u00e1cia<\/p>\n<p>  Stoj\u00ed na \u0161tyroch stabiliza\u010dn\u00fdch noh\u00e1ch pre kon\u0161truk\u010dn\u00fa stabilitu<br \/>\n  Dvere ka\u017ed\u00e9ho modulu s\u00fa pripraven\u00e9 na in\u0161tal\u00e1ciu visacieho z\u00e1mku na zabr\u00e1nenie neopr\u00e1vnen\u00e9mu pr\u00edstupu<br \/>\n  Vybaven\u00fd mont\u00e1\u017enymi otvormi pre prepojenie modulov pod\u013ea potreby<\/p>\n<p>K\u013e\u00fa\u010dov\u00e9 inform\u00e1cie<\/p>\n<p>  Kapacita: 2 x 60 litrov<br \/>\n  Materi\u00e1l: lakovan\u00fd plech<br \/>\n  Pou\u017eitie: vn\u00fatorn\u00e9<br \/>\n  Odolnos\u0165: odoln\u00fd proti mechanick\u00e9mu po\u0161kodeniu<br \/>\n  Farba skrine: grafitov\u00e1 (RAL 7021)<br \/>\n  Triediace vie\u010dka: v\u00fdber 2 z 5 farieb<br \/>\n  N\u00e1lepky: n\u00e1zvy frakci\u00ed zahrnut\u00e9<br \/>\n  Bezpe\u010dnos\u0165: dvere pripraven\u00e9 na visacie z\u00e1mky<br \/>\n  Vie\u010dka: p\u00e1ntov\u00e9<br \/>\n  Pr\u00edslu\u0161enstvo: r\u00e1my na vrecia 120 l<br \/>\n  Nohy: stabiliza\u010dn\u00e9<br \/>\n  Prepojenie: mont\u00e1\u017ene otvory na sp\u00e1janie modulov<\/p>\n","protected":false},"excerpt":{"rendered":"<p>Estetick\u00fd vn\u00fatorn\u00fd dvojkomorov\u00fd recykla\u010dn\u00fd k\u00f4\u0161 (2 \u00d7 60 l) s klapkami \u2014 sp\u00e1ja \u0161t\u00fdlov\u00fd dizajn a vysok\u00fa kvalitu spracovania pre jednoduch\u00e9 a efekt\u00edvne triedenie odpadu v akomko\u013evek vn\u00fatornom priestore.<\/p>\n","protected":false},"featured_media":2282,"comment_status":"open","ping_status":"closed","template":"","meta":[],"product_brand":[],"product_cat":[70],"product_tag":[],"class_list":{"0":"post-2158","1":"product","2":"type-product","3":"status-publish","4":"has-post-thumbnail","6":"product_cat-waste-containers","8":"first","9":"instock","10":"taxable","11":"shipping-taxable","12":"purchasable","13":"product-type-simple"},"_links":{"self":[{"href":"https:\/\/eco-market24.com\/sk\/wp-json\/wp\/v2\/product\/2158","targetHints":{"allow":["GET"]}}],"collection":[{"href":"https:\/\/eco-market24.com\/sk\/wp-json\/wp\/v2\/product"}],"about":[{"href":"https:\/\/eco-market24.com\/sk\/wp-json\/wp\/v2\/types\/product"}],"replies":[{"embeddable":true,"href":"https:\/\/eco-market24.com\/sk\/wp-json\/wp\/v2\/comments?post=2158"}],"wp:featuredmedia":[{"embeddable":true,"href":"https:\/\/eco-market24.com\/sk\/wp-json\/wp\/v2\/media\/2282"}],"wp:attachment":[{"href":"https:\/\/eco-market24.com\/sk\/wp-json\/wp\/v2\/media?parent=2158"}],"wp:term":[{"taxonomy":"product_brand","embeddable":true,"href":"https:\/\/eco-market24.com\/sk\/wp-json\/wp\/v2\/product_brand?post=2158"},{"taxonomy":"product_cat","embeddable":true,"href":"https:\/\/eco-market24.com\/sk\/wp-json\/wp\/v2\/product_cat?post=2158"},{"taxonomy":"product_tag","embeddable":true,"href":"https:\/\/eco-market24.com\/sk\/wp-json\/wp\/v2\/product_tag?post=2158"}],"curies":[{"name":"wp","href":"https:\/\/api.w.org\/{rel}","templated":true}]}}