{"id":2189,"date":"2025-09-29T16:21:11","date_gmt":"2025-09-29T14:21:11","guid":{"rendered":"https:\/\/eco-market24.com\/product\/eco-modular-modularny-recyklacny-kos-2-x-50-l-cierny\/"},"modified":"2025-09-29T20:02:33","modified_gmt":"2025-09-29T18:02:33","slug":"eco-modular-modularny-recyklacny-kos-2-x-50-l-cierny","status":"publish","type":"product","link":"https:\/\/eco-market24.com\/sk\/produkt\/eco-modular-modularny-recyklacny-kos-2-x-50-l-cierny\/","title":{"rendered":"Eco Modular modul\u00e1rny recykla\u010dn\u00fd k\u00f4\u0161, 2 \u00d7 50 l, \u010dierny"},"content":{"rendered":"<p>S\u00faprava na triedenie odpadu \u2014 2-komorov\u00e1<br \/>\nVhodn\u00e9 pre: mest\u00e1, parkovisk\u00e1, zele\u0148, administrat\u00edvne budovy, verejn\u00e9 in\u0161tit\u00facie (\u0161koly, nemocnice), parky, n\u00e1mestia, detsk\u00e9 ihrisk\u00e1, \u0161portovisk\u00e1, rekrea\u010dn\u00e9 are\u00e1ly a obytn\u00e9 s\u00fabory.<\/p>\n<p>Preh\u013ead produktu<br \/>\nEkomodul\u00e1rny 2 \u00d7 50 l \u010dierny kontajner na recykl\u00e1ciu umo\u017e\u0148uje jednoduch\u00e9 zavedenie z\u00e1kladn\u00e9ho triedenia odpadu vonku. V\u010faka kvalitn\u00e9mu spracovaniu a minimalistick\u00e9mu dizajnu sa perfektne hod\u00ed do verejn\u00e9ho priestoru.<\/p>\n<p>Vzh\u013ead a prisp\u00f4sobenie<br \/>\nFarba: \u010dierna (RAL 9005). Pou\u017e\u00edvatelia si m\u00f4\u017eu zvoli\u0165 ak\u00fako\u013evek n\u00e1lepku \u201ena triedenie\u201c (v s\u00falade s farbami frakci\u00ed) na samolepenie. 2-komorov\u00e1 s\u00faprava m\u00e1 samostatne stojacu kon\u0161trukciu.<\/p>\n<p>Kon\u0161trukcia a odolnos\u0165<br \/>\nTento modul\u00e1rny kontajner na recykl\u00e1ciu odoln\u00fd vo\u010di po\u010dasiu a po\u0161kodeniu je vyroben\u00fd z pozinkovanej ocele 0,8 mm s pr\u00e1\u0161kov\u00fdm n\u00e1strekom. Odol\u00e1va da\u017e\u010fu, mrazu, UV \u017eiareniu a v\u00fdkyvom tepl\u00f4t, tak\u017ee ho mo\u017eno pou\u017e\u00edva\u0165 vonku bez pr\u00edstre\u0161ku. Produkt si dlhodobo zachov\u00e1va dobr\u00fd technick\u00fd stav a vysok\u00fa odolnos\u0165 proti po\u0161kodeniu.<\/p>\n<p>Praktick\u00e9 rie\u0161enie<\/p>\n<p>&#8211; Samostatne stojaci a optim\u00e1lne vyv\u00e1\u017een\u00fd \u2014 \u013eahko prenosn\u00fd a vypr\u00e1zdnite\u013en\u00fd, pritom stabiln\u00fd pri pou\u017e\u00edvan\u00ed.<br \/>\n&#8211; Obsahuje praktick\u00fd vn\u00fatorn\u00fd pozinkovan\u00fd oce\u013eov\u00fd vlo\u017eku pre jednoduch\u0161ie vypr\u00e1zd\u0148ovanie a \u010distenie.<br \/>\n&#8211; Ve\u013ek\u00fd otvor umo\u017e\u0148uje vhadzovanie v\u00e4\u010d\u0161\u00edch predmetov.<br \/>\n&#8211; Odn\u00edmate\u013en\u00e9 vieko pre jednoduch\u0161ie vypr\u00e1zd\u0148ovanie.<\/p>\n<p>Farby n\u00e1lepiek na triedenie<br \/>\nModul\u00e1rna s\u00faprava podporuje vytvorenie stanice na triedenie odpadu pod\u013ea potrieb. N\u00e1lepky zasielan\u00e9 s kontajnerom na samolepenie:<\/p>\n<p>&#8211; \u010cierna \u2014 zmie\u0161an\u00fd odpad<br \/>\n&#8211; Hned\u00e1 \u2014 bioodpad<br \/>\n&#8211; Modr\u00e1 \u2014 papier<br \/>\n&#8211; \u017dlt\u00e1 \u2014 plasty a kovy<br \/>\n&#8211; Zelen\u00e1 \u2014 sklo<\/p>\n<p>K\u013e\u00fa\u010dov\u00e9 inform\u00e1cie<\/p>\n<p>&#8211; Kapacita: 2 \u00d7 50 l<br \/>\n&#8211; Materi\u00e1l: pozinkovan\u00e1 oce\u013e 0,8 mm, pr\u00e1\u0161kov\u00fd n\u00e1strek<br \/>\n&#8211; Farba: \u010dierna (RAL 9005)<br \/>\n&#8211; Vn\u00fatorn\u00e9 vlo\u017eky: pozinkovan\u00e1 oce\u013e<br \/>\n&#8211; Otv\u00e1rate\u013en\u00e9 vieka<br \/>\n&#8211; Samostatne stojaca kon\u0161trukcia<\/p>\n","protected":false},"excerpt":{"rendered":"<p>Set na triedenie odpadu s dvoma komorami \u2014 ide\u00e1lny pre mest\u00e1, parkovisk\u00e1 a zelen\u00e9 plochy. Modul\u00e1rny Eco 2 \u00d7 50 l \u010dierny recykla\u010dn\u00fd k\u00f4\u0161 u\u013eah\u010duje zavedenie z\u00e1kladn\u00e9ho selekt\u00edvneho zberu odpadu v akomko\u013evek vonkaj\u0161om priestore.<\/p>\n","protected":false},"featured_media":2309,"comment_status":"open","ping_status":"closed","template":"","meta":[],"product_brand":[],"product_cat":[70],"product_tag":[],"class_list":{"0":"post-2189","1":"product","2":"type-product","3":"status-publish","4":"has-post-thumbnail","6":"product_cat-waste-containers","8":"first","9":"instock","10":"taxable","11":"shipping-taxable","12":"purchasable","13":"product-type-simple"},"_links":{"self":[{"href":"https:\/\/eco-market24.com\/sk\/wp-json\/wp\/v2\/product\/2189","targetHints":{"allow":["GET"]}}],"collection":[{"href":"https:\/\/eco-market24.com\/sk\/wp-json\/wp\/v2\/product"}],"about":[{"href":"https:\/\/eco-market24.com\/sk\/wp-json\/wp\/v2\/types\/product"}],"replies":[{"embeddable":true,"href":"https:\/\/eco-market24.com\/sk\/wp-json\/wp\/v2\/comments?post=2189"}],"wp:featuredmedia":[{"embeddable":true,"href":"https:\/\/eco-market24.com\/sk\/wp-json\/wp\/v2\/media\/2309"}],"wp:attachment":[{"href":"https:\/\/eco-market24.com\/sk\/wp-json\/wp\/v2\/media?parent=2189"}],"wp:term":[{"taxonomy":"product_brand","embeddable":true,"href":"https:\/\/eco-market24.com\/sk\/wp-json\/wp\/v2\/product_brand?post=2189"},{"taxonomy":"product_cat","embeddable":true,"href":"https:\/\/eco-market24.com\/sk\/wp-json\/wp\/v2\/product_cat?post=2189"},{"taxonomy":"product_tag","embeddable":true,"href":"https:\/\/eco-market24.com\/sk\/wp-json\/wp\/v2\/product_tag?post=2189"}],"curies":[{"name":"wp","href":"https:\/\/api.w.org\/{rel}","templated":true}]}}