{"id":2191,"date":"2025-09-29T16:21:09","date_gmt":"2025-09-29T14:21:09","guid":{"rendered":"https:\/\/eco-market24.com\/product\/eco-modular-modularny-kos-na-triedeny-odpad-5-x-40-l-biely\/"},"modified":"2025-09-29T20:02:35","modified_gmt":"2025-09-29T18:02:35","slug":"eco-modular-modularny-kos-na-triedeny-odpad-5-x-40-l-biely","status":"publish","type":"product","link":"https:\/\/eco-market24.com\/sk\/produkt\/eco-modular-modularny-kos-na-triedeny-odpad-5-x-40-l-biely\/","title":{"rendered":"Eco Modular modul\u00e1rny k\u00f4\u0161 na trieden\u00fd odpad 5 \u00d7 40 l biely"},"content":{"rendered":"<p>Sada 5 triediacich n\u00e1dob \u2014 Eco modul\u00e1rny recykla\u010dn\u00fd k\u00f4\u0161 5 \u00d7 40 l (biela)<\/p>\n<p>Ide\u00e1lne pre: n\u00e1kupn\u00e9 centr\u00e1, stanice, letisk\u00e1, kancel\u00e1rie, nemocnice, \u0161koly, \u010derpacie stanice a in\u00e9 verejne frekventovan\u00e9 priestory.<\/p>\n<p>Popis<br \/>\nEco modul\u00e1rny recykla\u010dn\u00fd k\u00f4\u0161 (5 \u00d7 40 l) podporuje proekologick\u00e9 spr\u00e1vanie na verejn\u00fdch priestranstv\u00e1ch. Vyroben\u00fd z br\u00fasen\u00e9ho oce\u013eov\u00e9ho plechu hr\u00fabky 0,8 mm s pr\u00e1\u0161kov\u00fdm matn\u00fdm n\u00e1strekom, vo\u013ene stojace jednotky s\u00fa vhodn\u00e9 do interi\u00e9ru aj exteri\u00e9ru a navrhnut\u00e9 tak, aby odol\u00e1vali intenz\u00edvnemu pou\u017e\u00edvaniu a mechanick\u00e9mu po\u0161kodeniu. Br\u00fasen\u00fd povrch zvy\u0161uje odolnos\u0165 proti drobn\u00fdm \u0161krabancom.<\/p>\n<p>Dizajn a odolnos\u0165<\/p>\n<p>  Materi\u00e1l: br\u00fasen\u00e1 pozinkovan\u00e1 oce\u013e 0,8 mm, pr\u00e1\u0161kov\u00e9 lakovanie<br \/>\n  Povrchov\u00e1 \u00faprava: jednotn\u00e1 matn\u00e1 biela<br \/>\n  Kon\u0161trukcia: vo\u013ene stojaca, modul\u00e1rna<br \/>\n  Odolnos\u0165: odoln\u00e9 vo\u010di prelia\u010din\u00e1m, deform\u00e1ci\u00e1m a ka\u017edodenn\u00e9mu intenz\u00edvnemu pou\u017e\u00edvaniu<\/p>\n<p>Praktick\u00e9 vlastnosti<\/p>\n<p>  Kapacita: 5 \u00d7 40 litrov<br \/>\n  Vn\u00fatorn\u00e9 vlo\u017eky: pozinkovan\u00e9 oce\u013eov\u00e9 vlo\u017eky s dr\u017eiakmi na vrecia (zost\u00e1vaj\u00fa na mieste aj ke\u010f s\u00fa pln\u00e9)<br \/>\n  Veka: odn\u00edmate\u013en\u00e9 horn\u00e9 veka pre ka\u017ed\u00e9 priehradku \u2014 zdvihn\u00fa\u0165 na vypr\u00e1zdnenie<br \/>\n  \u00dadr\u017eba: hladk\u00e9 vn\u00fatorn\u00e9 povrchy pre \u013eahk\u00e9 \u010distenie<\/p>\n<p>Triedenie a ozna\u010dovanie<br \/>\nSada obsahuje p\u00e4\u0165 priehradok na vytrieden\u00fd odpad. S\u00fa\u010das\u0165ou je sada samolepiacich n\u00e1lepiek na ozna\u010denie frakci\u00ed. \u0160tandardn\u00e9 farebn\u00e9 mo\u017enosti ozna\u010denia:<\/p>\n<p>  \u010cierna \u2014 zmesov\u00fd odpad<br \/>\n  \u017dlt\u00e1 \u2014 plasty a kovy<br \/>\n  Modr\u00e1 \u2014 papier<br \/>\n  Hned\u00e1 \u2014 bioodpad<br \/>\n  Zelen\u00e1 \u2014 sklo<\/p>\n<p>K\u013e\u00fa\u010dov\u00e9 inform\u00e1cie<\/p>\n<p>  Kapacita: 5 \u00d7 40 l<br \/>\n  Materi\u00e1l: br\u00fasen\u00e1 pozinkovan\u00e1 oce\u013e 0,8 mm<br \/>\n  Povrchov\u00e1 \u00faprava: pr\u00e1\u0161kov\u00e9 matn\u00e9 biele<br \/>\n  Vn\u00fatorn\u00e9 pozinkovan\u00e9 oce\u013eov\u00e9 vlo\u017eky s dr\u017eiakmi na vrecia<br \/>\n  Odn\u00edmate\u013en\u00e9 horn\u00e9 veka<br \/>\n  Vo\u013ene stojaca modul\u00e1rna kon\u0161trukcia<br \/>\n  Obsahuje n\u00e1lepky na samolepenie<\/p>\n","protected":false},"excerpt":{"rendered":"<p>Sada 5 modul\u00e1rnych 40 l kontajnerov na recykl\u00e1ciu \u2014 ide\u00e1lne pre n\u00e1kupn\u00e9 centr\u00e1, \u017eelezni\u010dn\u00e9 stanice a letisk\u00e1. Biely syst\u00e9m Eco Modular podporuje spr\u00e1vne ekologick\u00e9 spr\u00e1vanie na verejn\u00fdch priestranstv\u00e1ch.<\/p>\n","protected":false},"featured_media":2311,"comment_status":"open","ping_status":"closed","template":"","meta":[],"product_brand":[],"product_cat":[70],"product_tag":[],"class_list":{"0":"post-2191","1":"product","2":"type-product","3":"status-publish","4":"has-post-thumbnail","6":"product_cat-waste-containers","8":"first","9":"instock","10":"taxable","11":"shipping-taxable","12":"purchasable","13":"product-type-simple"},"_links":{"self":[{"href":"https:\/\/eco-market24.com\/sk\/wp-json\/wp\/v2\/product\/2191","targetHints":{"allow":["GET"]}}],"collection":[{"href":"https:\/\/eco-market24.com\/sk\/wp-json\/wp\/v2\/product"}],"about":[{"href":"https:\/\/eco-market24.com\/sk\/wp-json\/wp\/v2\/types\/product"}],"replies":[{"embeddable":true,"href":"https:\/\/eco-market24.com\/sk\/wp-json\/wp\/v2\/comments?post=2191"}],"wp:featuredmedia":[{"embeddable":true,"href":"https:\/\/eco-market24.com\/sk\/wp-json\/wp\/v2\/media\/2311"}],"wp:attachment":[{"href":"https:\/\/eco-market24.com\/sk\/wp-json\/wp\/v2\/media?parent=2191"}],"wp:term":[{"taxonomy":"product_brand","embeddable":true,"href":"https:\/\/eco-market24.com\/sk\/wp-json\/wp\/v2\/product_brand?post=2191"},{"taxonomy":"product_cat","embeddable":true,"href":"https:\/\/eco-market24.com\/sk\/wp-json\/wp\/v2\/product_cat?post=2191"},{"taxonomy":"product_tag","embeddable":true,"href":"https:\/\/eco-market24.com\/sk\/wp-json\/wp\/v2\/product_tag?post=2191"}],"curies":[{"name":"wp","href":"https:\/\/api.w.org\/{rel}","templated":true}]}}