{"id":2193,"date":"2025-09-29T16:21:08","date_gmt":"2025-09-29T14:21:08","guid":{"rendered":"https:\/\/eco-market24.com\/product\/modularny-recyklacny-kos-eco-modular-3-x-40-l-biely\/"},"modified":"2025-09-29T20:02:37","modified_gmt":"2025-09-29T18:02:37","slug":"modularny-recyklacny-kos-eco-modular-3-x-40-l-biely","status":"publish","type":"product","link":"https:\/\/eco-market24.com\/sk\/produkt\/modularny-recyklacny-kos-eco-modular-3-x-40-l-biely\/","title":{"rendered":"Modul\u00e1rny recykla\u010dn\u00fd k\u00f4\u0161 Eco Modular 3 x 40 l biely"},"content":{"rendered":"<p>3-komorov\u00fd kontajner na odpad na triedenie \u2014 Eco Modular Recycling Bin 3 \u00d7 40 l (biely)<\/p>\n<p>Pou\u017eitie: Navrhnut\u00e9 pre obchodn\u00e9 centr\u00e1, stanice, letisk\u00e1 a in\u00e9 verejn\u00e9 priestory. Vhodn\u00e9 do interi\u00e9ru aj exteri\u00e9ru \u2014 ide\u00e1lne pre \u0161t\u00e1tne in\u0161tit\u00facie, nemocnice, \u0161koly, administrat\u00edvne budovy a \u010derpacie stanice.<\/p>\n<p>Kon\u0161trukcia a materi\u00e1ly<\/p>\n<p>  Kapacita: 3 \u00d7 40 litrov<br \/>\n  Materi\u00e1l: pozinkovan\u00e1 oce\u013e 0,8 mm, pr\u00e1\u0161kovo lakovan\u00e1<br \/>\n  Povrchov\u00e1 \u00faprava: br\u00fasen\u00fd oce\u013eov\u00fd povrch s matn\u00fdm pr\u00e1\u0161kov\u00fdm n\u00e1strekom pre jednotn\u00fa farbu a vy\u0161\u0161iu odolnos\u0165 proti po\u0161kriabaniu<br \/>\n  Dizajn: samostatne stojaci, pevn\u00fd a odoln\u00fd proti prelia\u010din\u00e1m, deform\u00e1ci\u00e1m a intenz\u00edvnemu pou\u017e\u00edvaniu<\/p>\n<p>Funk\u010dn\u00e9 vlastnosti<\/p>\n<p>  Vn\u00fatorn\u00e9 vlo\u017eky: pozinkovan\u00e9 oce\u013eov\u00e9 vlo\u017eky s dr\u017eiakmi na vrecia, ktor\u00e9 udr\u017eia vrecia na mieste aj pri plnom za\u0165a\u017een\u00ed<br \/>\n  \u010cistenie a \u00fadr\u017eba: hladk\u00e9 vn\u00fatorn\u00e9 povrchy pre jednoduch\u00e9 \u010distenie<br \/>\n  Vypr\u00e1zd\u0148ovanie: odn\u00edmate\u013en\u00e9 vrchn\u00e9 veka \u2014 zdvihnite veko nad pr\u00edslu\u0161nou komorou pre vypr\u00e1zdnenie<\/p>\n<p>Triedenie a ozna\u010denie<br \/>\nNavrhnut\u00e9 pre trieden\u00fd zber odpadu s tromi komorami. Kontajner sa dod\u00e1va so s\u00fapravou n\u00e1lepiek na vlastn\u00fa aplik\u00e1ciu. Dostupn\u00e9 farebn\u00e9 mo\u017enosti n\u00e1lepiek pre frakcie:<\/p>\n<p>  \u010cierna: Zmie\u0161an\u00fd odpad<br \/>\n  \u017dlt\u00e1: Plasty a kovy<br \/>\n  Modr\u00e1: Papier<br \/>\n  Hned\u00e1: Bioodpad<br \/>\n  Zelen\u00e1: Sklo<\/p>\n<p>K\u013e\u00fa\u010dov\u00e9 inform\u00e1cie<\/p>\n<p>  Kapacita: 3 \u00d7 40 l<br \/>\n  Materi\u00e1l: pozinkovan\u00e1 oce\u013e 0,8 mm, pr\u00e1\u0161kovo lakovan\u00e1<br \/>\n  Farba: biela<br \/>\n  Vn\u00fatorn\u00e9 pozinkovan\u00e9 oce\u013eov\u00e9 vlo\u017eky s dr\u017eiakmi na vrecia<br \/>\n  Odn\u00edmate\u013en\u00e9 vrchn\u00e9 veka<br \/>\n  Samostatne stojaca kon\u0161trukcia<br \/>\n  N\u00e1lepky s n\u00e1zvami frakci\u00ed na vlastn\u00fa aplik\u00e1ciu<\/p>\n","protected":false},"excerpt":{"rendered":"<p>Biely ekologick\u00fd modul\u00e1rny zbern\u00fd k\u00f4\u0161 na trieden\u00fd odpad \u2014 3 priehradky \u00d7 40 l. Ide\u00e1lny do obchodn\u00fdch centier, vlakov\u00fdch stan\u00edc a let\u00edsk na podporu spr\u00e1vneho triedenia odpadu na verejn\u00fdch priestranstv\u00e1ch.<\/p>\n","protected":false},"featured_media":2313,"comment_status":"open","ping_status":"closed","template":"","meta":[],"product_brand":[],"product_cat":[70],"product_tag":[],"class_list":{"0":"post-2193","1":"product","2":"type-product","3":"status-publish","4":"has-post-thumbnail","6":"product_cat-waste-containers","8":"first","9":"instock","10":"taxable","11":"shipping-taxable","12":"purchasable","13":"product-type-simple"},"_links":{"self":[{"href":"https:\/\/eco-market24.com\/sk\/wp-json\/wp\/v2\/product\/2193","targetHints":{"allow":["GET"]}}],"collection":[{"href":"https:\/\/eco-market24.com\/sk\/wp-json\/wp\/v2\/product"}],"about":[{"href":"https:\/\/eco-market24.com\/sk\/wp-json\/wp\/v2\/types\/product"}],"replies":[{"embeddable":true,"href":"https:\/\/eco-market24.com\/sk\/wp-json\/wp\/v2\/comments?post=2193"}],"wp:featuredmedia":[{"embeddable":true,"href":"https:\/\/eco-market24.com\/sk\/wp-json\/wp\/v2\/media\/2313"}],"wp:attachment":[{"href":"https:\/\/eco-market24.com\/sk\/wp-json\/wp\/v2\/media?parent=2193"}],"wp:term":[{"taxonomy":"product_brand","embeddable":true,"href":"https:\/\/eco-market24.com\/sk\/wp-json\/wp\/v2\/product_brand?post=2193"},{"taxonomy":"product_cat","embeddable":true,"href":"https:\/\/eco-market24.com\/sk\/wp-json\/wp\/v2\/product_cat?post=2193"},{"taxonomy":"product_tag","embeddable":true,"href":"https:\/\/eco-market24.com\/sk\/wp-json\/wp\/v2\/product_tag?post=2193"}],"curies":[{"name":"wp","href":"https:\/\/api.w.org\/{rel}","templated":true}]}}