{"id":2198,"date":"2025-09-29T16:21:07","date_gmt":"2025-09-29T14:21:07","guid":{"rendered":"https:\/\/eco-market24.com\/product\/modularny-recyklacny-kos-eco-modular-2-x-40-l-biely\/"},"modified":"2025-09-29T20:02:41","modified_gmt":"2025-09-29T18:02:41","slug":"modularny-recyklacny-kos-eco-modular-2-x-40-l-biely","status":"publish","type":"product","link":"https:\/\/eco-market24.com\/sk\/produkt\/modularny-recyklacny-kos-eco-modular-2-x-40-l-biely\/","title":{"rendered":"Modul\u00e1rny recykla\u010dn\u00fd k\u00f4\u0161 Eco Modular 2 x 40 l, biely"},"content":{"rendered":"<p>Modul\u00e1rny recykla\u010dn\u00fd kontajner eco modular 2 \u00d7 40 l \u2014 biely<\/p>\n<p>Kontajner na triedenie odpadu pre n\u00e1kupn\u00e9 centr\u00e1, stanice, letisk\u00e1 a in\u00e9 verejn\u00e9 priestory. Modul\u00e1rny recykla\u010dn\u00fd kontajner eco modular 2 \u00d7 40 l (biely) podporuje spr\u00e1vne environment\u00e1lne spr\u00e1vanie a v\u010faka kvalitn\u00fdm materi\u00e1lom je vhodn\u00fd na vn\u00fatorn\u00e9 aj vonkaj\u0161ie pou\u017eitie.<\/p>\n<p>Pou\u017eitie<\/p>\n<p>  N\u00e1kupn\u00e9 centr\u00e1, stanice, letisk\u00e1<br \/>\n  Kancel\u00e1rie, nemocnice, \u0161koly a verejn\u00e9 in\u0161tit\u00facie<br \/>\n  Administrat\u00edvne budovy a \u010derpacie stanice<br \/>\n  Ak\u00e9ko\u013evek frekventovan\u00e9 vn\u00fatorn\u00e9 alebo vonkaj\u0161ie priestory<\/p>\n<p>Kon\u0161trukcia a odolnos\u0165<br \/>\nKontajner je vyroben\u00fd z br\u00fasen\u00e9ho oce\u013eov\u00e9ho plechu hr\u00fabky 0,8 mm s pr\u00e1\u0161kov\u00fdm lakovan\u00edm, ktor\u00e9 zabezpe\u010duje jednotn\u00fd matn\u00fd vzh\u013ead a elegantn\u00fd modern\u00fd dizajn. Je dostato\u010dne pevn\u00fd, aby odolal intenz\u00edvnemu pou\u017e\u00edvaniu, mechanick\u00e9mu po\u0161kodeniu, prelia\u010deniam a deform\u00e1ci\u00e1m. Povrch z br\u00fasenej ocele zvy\u0161uje odolnos\u0165 vo\u010di drobn\u00fdm po\u0161kriabaniam a zn\u00e1mkam pou\u017e\u00edvania.<\/p>\n<p>Praktick\u00e9 vlastnosti<\/p>\n<p>  Vo\u013ene stojaca kon\u0161trukcia<br \/>\n  Vn\u00fatorn\u00e9 pozinkovan\u00e9 oce\u013eov\u00e9 vlo\u017eky s dr\u017eiakmi na vrecia \u2014 zost\u00e1vaj\u00fa na mieste aj ke\u010f s\u00fa pln\u00e9<br \/>\n  Hladk\u00e9 povrchy vlo\u017eiek pre jednoduch\u00e9 \u010distenie<br \/>\n  Odn\u00edmate\u013en\u00e9 horn\u00e9 kryty pre jednoduch\u00e9 vysyp\u00e1vanie (zdvihnite kryt nad pr\u00edslu\u0161n\u00fd priestor)<\/p>\n<p>Farby pre triedenie (n\u00e1lepky v balen\u00ed)<br \/>\nKontajner m\u00e1 2 priehradky na trieden\u00fd zber odpadu. S\u00fa\u010das\u0165ou je sada n\u00e1lepiek na samolepn\u00e9 ozna\u010denie. Dostupn\u00e9 farby frakci\u00ed:<\/p>\n<p>  \u010cierna \u2014 zmesov\u00fd odpad<br \/>\n  \u017dlt\u00e1 \u2014 plasty a kovy<br \/>\n  Modr\u00e1 \u2014 papier<br \/>\n  Hned\u00e1 \u2014 bioodpad<br \/>\n  Zelen\u00e1 \u2014 sklo<\/p>\n<p>K\u013e\u00fa\u010dov\u00e9 inform\u00e1cie<\/p>\n<p>  Kapacita: 2 \u00d7 40 litrov<br \/>\n  Kon\u0161trukcia: br\u00fasen\u00e1 oce\u013e 0,8 mm, pozinkovan\u00e9 vn\u00fatorn\u00e9 vlo\u017eky<br \/>\n  Povrchov\u00e1 \u00faprava: pr\u00e1\u0161kov\u00e9 lakovanie, biela<br \/>\n  Vlastnosti: dr\u017eiaky na vrecia, odn\u00edmate\u013en\u00e9 horn\u00e9 kryty, vo\u013ene stojaca kon\u0161trukcia<br \/>\n  Obsah balenia: n\u00e1lepky s n\u00e1zvami frakci\u00ed na samolepenie<\/p>\n","protected":false},"excerpt":{"rendered":"<p>Kontajner na trieden\u00fd odpad pre obchodn\u00e9 centr\u00e1, stanice a letisk\u00e1 \u2014 modul\u00e1rny Eco Modular 2 x 40 l biely k\u00f4\u0161 podporuje proekologick\u00e9 spr\u00e1vanie na verejn\u00fdch priestranstv\u00e1ch.<\/p>\n","protected":false},"featured_media":2318,"comment_status":"open","ping_status":"closed","template":"","meta":[],"product_brand":[],"product_cat":[70],"product_tag":[],"class_list":{"0":"post-2198","1":"product","2":"type-product","3":"status-publish","4":"has-post-thumbnail","6":"product_cat-waste-containers","8":"first","9":"instock","10":"taxable","11":"shipping-taxable","12":"purchasable","13":"product-type-simple"},"_links":{"self":[{"href":"https:\/\/eco-market24.com\/sk\/wp-json\/wp\/v2\/product\/2198","targetHints":{"allow":["GET"]}}],"collection":[{"href":"https:\/\/eco-market24.com\/sk\/wp-json\/wp\/v2\/product"}],"about":[{"href":"https:\/\/eco-market24.com\/sk\/wp-json\/wp\/v2\/types\/product"}],"replies":[{"embeddable":true,"href":"https:\/\/eco-market24.com\/sk\/wp-json\/wp\/v2\/comments?post=2198"}],"wp:featuredmedia":[{"embeddable":true,"href":"https:\/\/eco-market24.com\/sk\/wp-json\/wp\/v2\/media\/2318"}],"wp:attachment":[{"href":"https:\/\/eco-market24.com\/sk\/wp-json\/wp\/v2\/media?parent=2198"}],"wp:term":[{"taxonomy":"product_brand","embeddable":true,"href":"https:\/\/eco-market24.com\/sk\/wp-json\/wp\/v2\/product_brand?post=2198"},{"taxonomy":"product_cat","embeddable":true,"href":"https:\/\/eco-market24.com\/sk\/wp-json\/wp\/v2\/product_cat?post=2198"},{"taxonomy":"product_tag","embeddable":true,"href":"https:\/\/eco-market24.com\/sk\/wp-json\/wp\/v2\/product_tag?post=2198"}],"curies":[{"name":"wp","href":"https:\/\/api.w.org\/{rel}","templated":true}]}}