{"id":2205,"date":"2025-09-29T16:21:04","date_gmt":"2025-09-29T14:21:04","guid":{"rendered":"https:\/\/eco-market24.com\/product\/ulica-bin-mestska-bali-65-l\/"},"modified":"2025-09-29T20:05:09","modified_gmt":"2025-09-29T18:05:09","slug":"ulica-bin-mestska-bali-65-l","status":"publish","type":"product","link":"https:\/\/eco-market24.com\/sk\/produkt\/ulica-bin-mestska-bali-65-l\/","title":{"rendered":"Ulica Bin mestsk\u00e1 Bali 65 L"},"content":{"rendered":"<p>Bin Street s krytom pre mest\u00e1, parky a firemn\u00e9 are\u00e1ly<\/p>\n<p>Bin Street urban Bali 65 L je praktick\u00e9 rie\u0161enie pre r\u00f4zne vonkaj\u0161ie priestory, ktor\u00e9 vy\u017eaduj\u00fa odoln\u00e9 a estetick\u00e9 vybavenie. Je ide\u00e1lny do mestsk\u00fdch centier, na chodn\u00edky, zast\u00e1vky verejnej dopravy a v bl\u00edzkosti obchodov a slu\u017eieb. V zelen\u00fdch ploch\u00e1ch, napr\u00edklad v parkoch, na n\u00e1mestiach, v botanick\u00fdch z\u00e1hrad\u00e1ch alebo na promen\u00e1dach, sa Bin Street s krytom diskr\u00e9tne za\u010dlen\u00ed do prostredia a pom\u00e1ha udr\u017eiava\u0165 poriadok. V\u010faka univerz\u00e1lnemu dizajnu sa hod\u00ed aj do hotelov\u00fdch dvorov, obytn\u00fdch s\u00faborov, detsk\u00fdch ihr\u00edsk a rekrea\u010dn\u00fdch oblast\u00ed ako \u0161portovisk\u00e1 \u010di rekrea\u010dn\u00e9 zariadenia.<\/p>\n<p>Konstrukcia a povrchov\u00e1 \u00faprava<br \/>\nExteri\u00e9rov\u00fd k\u00f4\u0161 Wooden v na\u0161ej ponuke m\u00e1 \u010dierny r\u00e1m (RAL 9005) a lamely z tmavohned\u00e9ho kompozitn\u00e9ho dreva (WPC). D\u00e1 sa pripevni\u0165 k zemi. Vysokoodoln\u00fd, nad\u010dasov\u00fd Bin Street urban je vyroben\u00fd z kvalitnej pozinkovanej ocele, ktor\u00e1 zaru\u010duje vynikaj\u00facu odolnos\u0165 proti kor\u00f3zii a mechanick\u00e9mu po\u0161kodeniu. Dodato\u010dn\u00e1 pr\u00e1\u0161kov\u00e1 povrchov\u00e1 \u00faprava v elegantnej \u010diernej farbe (RAL 9005) nielen zvy\u0161uje \u017eivotnos\u0165 ko\u0161a, ale aj chr\u00e1ni pred UV \u017eiaren\u00edm a nepriazniv\u00fdm po\u010das\u00edm, ako je d\u00e1\u017e\u010f alebo mr\u00e1z. V\u010faka tomu zost\u00e1va Bin Street s krytom spo\u013eahliv\u00fd aj pri intenz\u00edvnom pou\u017e\u00edvan\u00ed na verejn\u00fdch priestranstv\u00e1ch.<\/p>\n<p>Dizajn<br \/>\nExteri\u00e9rov\u00fd k\u00f4\u0161 Wooden pon\u00faka nad\u010dasov\u00fd \u0161t\u00fdl, ktor\u00fd harmonicky kombinuje hlbok\u00fa \u010diernu pozinkovan\u00fa oce\u013e s dvierkami upraven\u00fdmi lamelami pripom\u00ednaj\u00facimi drevo z kompozitn\u00e9ho materi\u00e1lu (WPC). Drevo-podobn\u00fd efekt dod\u00e1va kon\u0161trukcii tepl\u00fd, prirodzen\u00fd vzh\u013ead, ktor\u00fd sa obzvl\u00e1\u0161\u0165 dobre hod\u00ed do zelen\u00fdch priestorov. Bin Street s krytom vyzer\u00e1 skvele aj v modernej mestskej architekt\u00fare. T\u00e1to \u00faprava zv\u00fdraz\u0148uje d\u00f4raz na detail a estetiku a d\u00e1va ko\u0161u charakter vhodn\u00fd pre ak\u00fdko\u013evek typ priestoru.<\/p>\n<p>Funk\u010dnos\u0165<br \/>\nPrakticky navrhnut\u00fd exteri\u00e9rov\u00fd k\u00f4\u0161 Wooden Bin Street s krytom pon\u00faka mno\u017estvo praktick\u00fdch rie\u0161en\u00ed zabezpe\u010duj\u00facich funk\u010dnos\u0165. Vn\u00fatorn\u00fd vlo\u017en\u00fd k\u00f4\u0161 z pozinkovanej ocele s hladk\u00fdm povrchom umo\u017e\u0148uje r\u00fdchle a hygienick\u00e9 vypr\u00e1zd\u0148ovanie a jednoduch\u00e9 \u010distenie. Dvierka uzamykate\u013en\u00e9 na k\u013e\u00fa\u010d chr\u00e1nia obsah pred neopr\u00e1vnen\u00fdm pr\u00edstupom a zabezpe\u010duj\u00fa poriadok. Kryt, integrovan\u00fd do kon\u0161trukcie ko\u0161a, \u00fa\u010dinne chr\u00e1ni odpad pred zr\u00e1\u017ekami, \u010d\u00edm zvy\u0161uje jeho funk\u010dnos\u0165 za ak\u00e9hoko\u013evek po\u010dasia. V\u0161etky tieto vlastnosti robia exteri\u00e9rov\u00fd k\u00f4\u0161 Wooden spo\u013eahliv\u00fdm rie\u0161en\u00edm pre ka\u017ed\u00fd verejn\u00fd priestor.<\/p>\n<p>K\u013e\u00fa\u010dov\u00e9 inform\u00e1cie<\/p>\n<p>  Kapacita: 65 litrov<br \/>\n  Kon\u0161trukcia: pozinkovan\u00e1 oce\u013e, hr\u00fabka 3,0 mm<br \/>\n  Povrchov\u00e1 \u00faprava: pr\u00e1\u0161kov\u00e9 lakovanie \u010dierne (RAL 9005)<br \/>\n  Lamely: kompozitn\u00e9 drevo (WPC)<br \/>\n  Vn\u00fatorn\u00fd vlo\u017en\u00fd k\u00f4\u0161: pozinkovan\u00e1 oce\u013e<br \/>\n  Bezpe\u010dnos\u0165: dvierka uzamykate\u013en\u00e9 na k\u013e\u00fa\u010d<br \/>\n  Prvok: kon\u0161trukcia vybaven\u00e1 krytom<br \/>\n  Mont\u00e1\u017e: mo\u017enos\u0165 pripevnenia k zemi pomocou skrutky<\/p>\n","protected":false},"excerpt":{"rendered":"<p>Bin Street Municipal Bali 65 l s pr\u00edstre\u0161kom \u2014 odoln\u00fd, atrakt\u00edvny 65 l vonkaj\u0161\u00ed k\u00f4\u0161 ide\u00e1lny pre mestsk\u00e9 centr\u00e1, parky, chodn\u00edky a are\u00e1ly firiem.<\/p>\n","protected":false},"featured_media":2338,"comment_status":"open","ping_status":"closed","template":"","meta":[],"product_brand":[],"product_cat":[106,171],"product_tag":[],"class_list":{"0":"post-2205","1":"product","2":"type-product","3":"status-publish","4":"has-post-thumbnail","6":"product_cat-kontajnery-na-odpad","7":"product_cat-poulicne-a-parkove-odpadkove-kose","9":"first","10":"instock","11":"taxable","12":"shipping-taxable","13":"purchasable","14":"product-type-simple"},"_links":{"self":[{"href":"https:\/\/eco-market24.com\/sk\/wp-json\/wp\/v2\/product\/2205","targetHints":{"allow":["GET"]}}],"collection":[{"href":"https:\/\/eco-market24.com\/sk\/wp-json\/wp\/v2\/product"}],"about":[{"href":"https:\/\/eco-market24.com\/sk\/wp-json\/wp\/v2\/types\/product"}],"replies":[{"embeddable":true,"href":"https:\/\/eco-market24.com\/sk\/wp-json\/wp\/v2\/comments?post=2205"}],"wp:featuredmedia":[{"embeddable":true,"href":"https:\/\/eco-market24.com\/sk\/wp-json\/wp\/v2\/media\/2338"}],"wp:attachment":[{"href":"https:\/\/eco-market24.com\/sk\/wp-json\/wp\/v2\/media?parent=2205"}],"wp:term":[{"taxonomy":"product_brand","embeddable":true,"href":"https:\/\/eco-market24.com\/sk\/wp-json\/wp\/v2\/product_brand?post=2205"},{"taxonomy":"product_cat","embeddable":true,"href":"https:\/\/eco-market24.com\/sk\/wp-json\/wp\/v2\/product_cat?post=2205"},{"taxonomy":"product_tag","embeddable":true,"href":"https:\/\/eco-market24.com\/sk\/wp-json\/wp\/v2\/product_tag?post=2205"}],"curies":[{"name":"wp","href":"https:\/\/api.w.org\/{rel}","templated":true}]}}