{"id":2210,"date":"2025-09-29T16:22:44","date_gmt":"2025-09-29T14:22:44","guid":{"rendered":"https:\/\/eco-market24.com\/product\/nastenny-drziak-na-bicykel-do-garaze-prag\/"},"modified":"2025-09-29T20:05:11","modified_gmt":"2025-09-29T18:05:11","slug":"nastenny-drziak-na-bicykel-do-garaze-prag","status":"publish","type":"product","link":"https:\/\/eco-market24.com\/sk\/produkt\/nastenny-drziak-na-bicykel-do-garaze-prag\/","title":{"rendered":"N\u00e1stenn\u00fd dr\u017eiak na bicykel do gar\u00e1\u017ee prag"},"content":{"rendered":"<p>PRAG stojan na bicykel do gar\u00e1\u017ee (na stenu)<\/p>\n<p>Univerz\u00e1lny stojan na bicykel na stenu \u2014 PRAG je pevn\u00e9 a funk\u010dn\u00e9 rie\u0161enie pre pohodln\u00e9 a bezpe\u010dn\u00e9 uskladnenie bicykla v gar\u00e1\u017ei, pivnici, skladovacej bunke alebo dielni. Vyroben\u00fd z oh\u00fdban\u00e9ho pozinkovan\u00e9ho oce\u013eov\u00e9ho potrubia, pon\u00faka vysok\u00fa odolnos\u0165 proti kor\u00f3zii a po\u0161kodeniu a zachov\u00e1va svoje vlastnosti dlh\u00e9 roky, aj v priestoroch s vy\u0161\u0161ou vlhkos\u0165ou.<\/p>\n<p>Hlavn\u00e9 technick\u00e9 \u00fadaje<\/p>\n<p>  Po\u010det upevnen\u00ed: 1<br \/>\n  Typ: N\u00e1stenn\u00e9<br \/>\n  Materi\u00e1l: Oh\u00fdban\u00e9 pozinkovan\u00e9 oce\u013eov\u00e9 potrubie (\u00f8 12 mm)<br \/>\n  V\u00fd\u0161ka:<br \/>\n    Pri mont\u00e1\u017ei na stenu: 35 cm<br \/>\n    Pri osaden\u00ed do bet\u00f3nu: 73 cm<br \/>\n    Pri priskrutkovan\u00ed k podlahe: 53 cm<br \/>\n  \u0160\u00edrka: 22 cm<br \/>\n  Hmotnos\u0165:<br \/>\n    N\u00e1stenn\u00e1 verzia: 2 kg<br \/>\n    Verzia do bet\u00f3nu: 3,5 kg<br \/>\n    Verzia priskrutkovan\u00e1 k podlahe: 3,2 kg<br \/>\n  Mo\u017enosti in\u0161tal\u00e1cie: Na stenu pod uhlom 45\u00b0, na stenu pod uhlom 90\u00b0, osadenie do bet\u00f3nu, priskrutkovanie k podlahe<\/p>\n<p>4 sp\u00f4soby upevnenia \u2014 prisp\u00f4sobte sa svojmu priestoru<\/p>\n<p>  Osadenie do bet\u00f3nu: Trval\u00e9 ukotvenie stojana v bet\u00f3novom z\u00e1klade pre maxim\u00e1lnu stabilitu a bezpe\u010dnos\u0165 \u2014 ide\u00e1lne pre podzemn\u00e9 gar\u00e1\u017ee a parkovisk\u00e1.<br \/>\n  Priskrutkovanie k podlahe: Vhodn\u00e9 do s\u00fakromn\u00fdch gar\u00e1\u017e\u00ed a skladovac\u00edch priestorov; r\u00fdchla in\u0161tal\u00e1cia s bezpe\u010dnou podporou bicykla.<br \/>\n  N\u00e1stenn\u00e1 mont\u00e1\u017e pod uhlom 45\u00b0: \u0160etr\u00ed miesto a umo\u017e\u0148uje radenie bicyklov ved\u013ea seba \u2014 praktick\u00e9 do \u00fazkych priestorov.<br \/>\n  N\u00e1stenn\u00e1 mont\u00e1\u017e pod uhlom 90\u00b0: Umo\u017e\u0148uje vertik\u00e1lne ulo\u017eenie bicykla \u2014 ide\u00e1lne pre mal\u00e9 gar\u00e1\u017ee a pivnice, kde je d\u00f4le\u017eit\u00e9 maximalizova\u0165 priestor.<\/p>\n<p>Pre\u010do si vybra\u0165 PRAG?<\/p>\n<p>  Univerz\u00e1lne upevnenie: \u0160tyri in\u0161tala\u010dn\u00e9 met\u00f3dy prisp\u00f4sobite\u013en\u00e9 r\u00f4znym priestorom<br \/>\n  Odolnos\u0165: Pozinkovan\u00e1 oce\u013e chr\u00e1niaca pred kor\u00f3ziou a po\u0161koden\u00edm<br \/>\n  \u00daspora miesta: N\u00e1stenn\u00e9 mo\u017enosti pri 45\u00b0 alebo 90\u00b0<br \/>\n  Stabilita: Bezpe\u010dn\u00e1 podpora bicykla bez oh\u013eadu na sp\u00f4sob mont\u00e1\u017ee<br \/>\n  Univerz\u00e1lne pou\u017eitie: Vhodn\u00e9 do gar\u00e1\u017e\u00ed, pivn\u00edc, skladovac\u00edch buniek a dieln\u00ed<\/p>\n<p>Stojan na bicykel PRAG do gar\u00e1\u017ee je praktick\u00e9 a trv\u00e1cne rie\u0161enie, ktor\u00e9 kombinuje jednoduch\u00e9 pou\u017e\u00edvanie s ve\u013ekou mont\u00e1\u017enou flexibilitou a zabezpe\u010duje bezpe\u010dn\u00e9 a pohodln\u00e9 uskladnenie bicykla.<\/p>\n","protected":false},"excerpt":{"rendered":"<p>Jednomiestny n\u00e1stenn\u00fd dr\u017eiak z oh\u00fdban\u00e9ho \u017eiarovo pozinkovan\u00e9ho oce\u013eov\u00e9ho r\u00faru (\u00d8 12 mm). Rozmery: v\u00fd\u0161ka 35 cm (na stenu) \/ 73 cm (do bet\u00f3nu) \/ 53 cm (priskrutkovan\u00e9 k podkladu); \u0161\u00edrka 22 cm. Hmotnos\u0165: n\u00e1stenn\u00e1 verzia 2 kg.<\/p>\n","protected":false},"featured_media":2343,"comment_status":"open","ping_status":"closed","template":"","meta":[],"product_brand":[],"product_cat":[165],"product_tag":[],"class_list":{"0":"post-2210","1":"product","2":"type-product","3":"status-publish","4":"has-post-thumbnail","6":"product_cat-stojany-na-bicykle","8":"first","9":"instock","10":"taxable","11":"shipping-taxable","12":"purchasable","13":"product-type-simple"},"_links":{"self":[{"href":"https:\/\/eco-market24.com\/sk\/wp-json\/wp\/v2\/product\/2210","targetHints":{"allow":["GET"]}}],"collection":[{"href":"https:\/\/eco-market24.com\/sk\/wp-json\/wp\/v2\/product"}],"about":[{"href":"https:\/\/eco-market24.com\/sk\/wp-json\/wp\/v2\/types\/product"}],"replies":[{"embeddable":true,"href":"https:\/\/eco-market24.com\/sk\/wp-json\/wp\/v2\/comments?post=2210"}],"wp:featuredmedia":[{"embeddable":true,"href":"https:\/\/eco-market24.com\/sk\/wp-json\/wp\/v2\/media\/2343"}],"wp:attachment":[{"href":"https:\/\/eco-market24.com\/sk\/wp-json\/wp\/v2\/media?parent=2210"}],"wp:term":[{"taxonomy":"product_brand","embeddable":true,"href":"https:\/\/eco-market24.com\/sk\/wp-json\/wp\/v2\/product_brand?post=2210"},{"taxonomy":"product_cat","embeddable":true,"href":"https:\/\/eco-market24.com\/sk\/wp-json\/wp\/v2\/product_cat?post=2210"},{"taxonomy":"product_tag","embeddable":true,"href":"https:\/\/eco-market24.com\/sk\/wp-json\/wp\/v2\/product_tag?post=2210"}],"curies":[{"name":"wp","href":"https:\/\/api.w.org\/{rel}","templated":true}]}}