{"id":2221,"date":"2025-09-29T16:20:58","date_gmt":"2025-09-29T14:20:58","guid":{"rendered":"https:\/\/eco-market24.com\/product\/eco-modular-modularny-recyklacny-kos-40-l-biely\/"},"modified":"2025-09-29T20:05:20","modified_gmt":"2025-09-29T18:05:20","slug":"eco-modular-modularny-recyklacny-kos-40-l-biely","status":"publish","type":"product","link":"https:\/\/eco-market24.com\/sk\/produkt\/eco-modular-modularny-recyklacny-kos-40-l-biely\/","title":{"rendered":"Eco Modular modul\u00e1rny recykla\u010dn\u00fd k\u00f4\u0161, 40 l, biely"},"content":{"rendered":"<p>K\u00f4\u0161 na recyklovanie Modular Eco Modular 40 L \u2014 biely<\/p>\n<p>Popis: Modul\u00e1rny 40 l k\u00f4\u0161 na triedenie podpory proekologick\u00e9 spr\u00e1vanie na verejn\u00fdch priestranstv\u00e1ch. Vyroben\u00fd z kvalitn\u00fdch materi\u00e1lov, vhodn\u00fd do interi\u00e9ru aj exteri\u00e9ru, ide\u00e1lny do n\u00e1kupn\u00fdch centier, vlakov\u00fdch stan\u00edc, let\u00edsk, \u0161t\u00e1tnych \u00faradov, nemocn\u00edc, \u0161k\u00f4l, administrat\u00edvnych budov a \u010derpac\u00edch stan\u00edc.<\/p>\n<p>Pevn\u00e1 kon\u0161trukcia<\/p>\n<p>  Materi\u00e1l: pozinkovan\u00e1 oce\u013e 0,8 mm s pr\u00e1\u0161kov\u00fdm n\u00e1strekom<br \/>\n  Povrch: vzh\u013ead br\u00fasen\u00e9ho kovu s matnou, jednotnou farbou<br \/>\n  Odolnos\u0165: odoln\u00fd proti prelia\u010deniu, deform\u00e1cii a drobn\u00fdm \u0161krabancom \u2014 vhodn\u00fd do oblast\u00ed s vysokou frekvenciou pou\u017e\u00edvania<br \/>\n  Dizajn: elegantn\u00fd, modern\u00fd vzh\u013ead, ktor\u00fd zapad\u00e1 do s\u00fa\u010dasn\u00fdch mestsk\u00fdch a kancel\u00e1rskych prostred\u00ed<\/p>\n<p>Praktick\u00e9 vlastnosti<\/p>\n<p>  Kapacita: 40 litrov<br \/>\n  Konfigur\u00e1cia: samostatne stojaca kon\u0161trukcia<br \/>\n  Vn\u00fatorn\u00fd vlo\u017eka: pozinkovan\u00e1 vn\u00fatorn\u00e1 vlo\u017eka s dr\u017eiakmi na vrecia, aby vrecia dr\u017eali na mieste<br \/>\n  \u00dadr\u017eba: vn\u00fatorn\u00e1 vlo\u017eka s hladk\u00fdm povrchom pre jednoduch\u00e9 \u010distenie<br \/>\n  Pr\u00edstup: odn\u00edmate\u013en\u00fd horn\u00fd kryt pre jednoduch\u00e9 vypr\u00e1zd\u0148ovanie<br \/>\n  Farba: biela<\/p>\n","protected":false},"excerpt":{"rendered":"<p>Modul\u00e1rny 40 l eko recykla\u010dn\u00fd k\u00f4\u0161 v bielej \u2014 ide\u00e1lny do obchodn\u00fdch centier, vlakov\u00fdch stan\u00edc a let\u00edsk; podporuje proekologick\u00e9 spr\u00e1vanie na verejn\u00fdch priestranstv\u00e1ch.<\/p>\n","protected":false},"featured_media":2354,"comment_status":"open","ping_status":"closed","template":"","meta":[],"product_brand":[],"product_cat":[159],"product_tag":[],"class_list":{"0":"post-2221","1":"product","2":"type-product","3":"status-publish","4":"has-post-thumbnail","6":"product_cat-kose-na-triedenie-odpadu","8":"first","9":"instock","10":"taxable","11":"shipping-taxable","12":"purchasable","13":"product-type-simple"},"_links":{"self":[{"href":"https:\/\/eco-market24.com\/sk\/wp-json\/wp\/v2\/product\/2221","targetHints":{"allow":["GET"]}}],"collection":[{"href":"https:\/\/eco-market24.com\/sk\/wp-json\/wp\/v2\/product"}],"about":[{"href":"https:\/\/eco-market24.com\/sk\/wp-json\/wp\/v2\/types\/product"}],"replies":[{"embeddable":true,"href":"https:\/\/eco-market24.com\/sk\/wp-json\/wp\/v2\/comments?post=2221"}],"wp:featuredmedia":[{"embeddable":true,"href":"https:\/\/eco-market24.com\/sk\/wp-json\/wp\/v2\/media\/2354"}],"wp:attachment":[{"href":"https:\/\/eco-market24.com\/sk\/wp-json\/wp\/v2\/media?parent=2221"}],"wp:term":[{"taxonomy":"product_brand","embeddable":true,"href":"https:\/\/eco-market24.com\/sk\/wp-json\/wp\/v2\/product_brand?post=2221"},{"taxonomy":"product_cat","embeddable":true,"href":"https:\/\/eco-market24.com\/sk\/wp-json\/wp\/v2\/product_cat?post=2221"},{"taxonomy":"product_tag","embeddable":true,"href":"https:\/\/eco-market24.com\/sk\/wp-json\/wp\/v2\/product_tag?post=2221"}],"curies":[{"name":"wp","href":"https:\/\/api.w.org\/{rel}","templated":true}]}}