{"id":2224,"date":"2025-09-29T16:20:57","date_gmt":"2025-09-29T14:20:57","guid":{"rendered":"https:\/\/eco-market24.com\/product\/kos-na-odpad-s-popolnikom-strasburg-70-l\/"},"modified":"2025-09-29T20:05:22","modified_gmt":"2025-09-29T18:05:22","slug":"kos-na-odpad-s-popolnikom-strasburg-70-l","status":"publish","type":"product","link":"https:\/\/eco-market24.com\/sk\/produkt\/kos-na-odpad-s-popolnikom-strasburg-70-l\/","title":{"rendered":"K\u00f4\u0161 na odpad s popoln\u00edkom Strasburg 70 l"},"content":{"rendered":"<p>Minimalistick\u00fd dreven\u00fd mestsk\u00fd k\u00f4\u0161 &#8211; ide\u00e1lny pre mesto a zelen\u00e9 plochy<\/p>\n<p>K\u00f4\u0161 na odpad s popoln\u00edkom Strasburg 70 l je kombin\u00e1ciou minimalistick\u00e9ho dizajnu a nepochybnej funk\u010dnosti. Jeho nad\u010dasov\u00e1 estetika a praktick\u00e9 rie\u0161enia ho robia najlep\u0161ou vo\u013ebou pre mestsk\u00e9 priestory. Mestsk\u00fd k\u00f4\u0161 mo\u017eno \u00faspe\u0161ne pou\u017ei\u0165 na ve\u013ek\u00fdch parkovisk\u00e1ch a v okol\u00ed obchodov, dobre funguje aj pri autobusov\u00fdch a elektri\u010dkov\u00fdch zast\u00e1vkach. Pouli\u010dn\u00fd k\u00f4\u0161 je v\u00fdbornou vo\u013ebou pre pe\u0161ie a dopravn\u00e9 trasy v verejn\u00fdch priestoroch, chodn\u00edky, promen\u00e1dy, mal\u00e9 n\u00e1mestia, parky a pr\u00edmestsk\u00e9 lesy.<\/p>\n<p>K\u013e\u00fa\u010dov\u00e9 vlastnosti<\/p>\n<p>  Kapacita: 70 litrov<br \/>\n  Farba: grafitov\u00e1 (RAL 7016)<br \/>\n  Kon\u0161trukcia: pozinkovan\u00e1 oce\u013e 1,2 mm s pr\u00e1\u0161kov\u00fdm n\u00e1strekom<br \/>\n  Vn\u00fatorn\u00fd vlo\u017eka: pozinkovan\u00e1 oce\u013e, u\u013eah\u010duje vypr\u00e1zd\u0148ovanie a \u00fadr\u017ebu<br \/>\n  Kryt: uzamykate\u013en\u00fd na k\u013e\u00fa\u010d (pr\u00edstup len pre opr\u00e1vnen\u00fd person\u00e1l)<br \/>\n  Popoln\u00edk: integrovan\u00fd oce\u013eov\u00fd popoln\u00edk na zabr\u00e1nenie rozh\u00e1dzan\u00fdch pou\u017eit\u00fdch cig\u00e1r<br \/>\n  Mont\u00e1\u017e: mo\u017enos\u0165 pripevnenia k zemi pre maxim\u00e1lnu stabilitu<br \/>\n  Certifik\u00e1ty: ISO, BV, TUV<\/p>\n<p>Odolnos\u0165 a dizajn<br \/>\nPouli\u010dn\u00fd k\u00f4\u0161 je vyroben\u00fd z materi\u00e1lov vysokej kvality, ktor\u00e9 poskytuj\u00fa mechanick\u00fa pevnos\u0165 a odolnos\u0165 vo\u010di vonkaj\u0161\u00edm vplyvom. Nedeformuje sa pri UV \u017eiaren\u00ed, da\u017edi, snehu ani pri extr\u00e9mnych teplot\u00e1ch, \u010do ho rob\u00ed vhodn\u00fdm pre vonkaj\u0161ie pou\u017eitie a oblasti n\u00e1chyln\u00e9 na n\u00e1hodn\u00e9 po\u0161kodenie. Hladk\u00e9 vn\u00fatorn\u00e9 a vonkaj\u0161ie povrchy zabezpe\u010duj\u00fa jednoduch\u00e9 \u010distenie, zatia\u013e \u010do tlmen\u00fd grafitov\u00fd povrch umo\u017e\u0148uje ko\u0161u splyn\u00fa\u0165 s prostred\u00edm bez negat\u00edvneho vplyvu na vzh\u013ead oblasti.<\/p>\n<p>Pou\u017eitie<br \/>\nVhodn\u00fd pre mestsk\u00e9 a zelen\u00e9 plochy vr\u00e1tane ul\u00edc, parkov\u00edsk, okolia obchodov, autobusov\u00fdch a elektri\u010dkov\u00fdch zast\u00e1vok, chodn\u00edkov, promen\u00e1d, mal\u00fdch n\u00e1mest\u00ed, parkov a pr\u00edmestsk\u00fdch lesov.<\/p>\n","protected":false},"excerpt":{"rendered":"<p>Minimalistick\u00fd dreven\u00fd parkov\u00fd k\u00f4\u0161 ide\u00e1lny pre mestsk\u00e9 a zelen\u00e9 oblasti. Odpadkov\u00fd k\u00f4\u0161 Strasburg 70 l s popoln\u00edkom sp\u00e1ja nad\u010dasov\u00fa estetiku so spo\u013eahlivou funk\u010dnos\u0165ou, \u010do z neho rob\u00ed ide\u00e1lnu vo\u013ebu pre mestsk\u00e9 priestory.<\/p>\n","protected":false},"featured_media":2357,"comment_status":"open","ping_status":"closed","template":"","meta":[],"product_brand":[],"product_cat":[171],"product_tag":[],"class_list":{"0":"post-2224","1":"product","2":"type-product","3":"status-publish","4":"has-post-thumbnail","6":"product_cat-poulicne-a-parkove-odpadkove-kose","8":"first","9":"instock","10":"taxable","11":"shipping-taxable","12":"purchasable","13":"product-type-simple"},"_links":{"self":[{"href":"https:\/\/eco-market24.com\/sk\/wp-json\/wp\/v2\/product\/2224","targetHints":{"allow":["GET"]}}],"collection":[{"href":"https:\/\/eco-market24.com\/sk\/wp-json\/wp\/v2\/product"}],"about":[{"href":"https:\/\/eco-market24.com\/sk\/wp-json\/wp\/v2\/types\/product"}],"replies":[{"embeddable":true,"href":"https:\/\/eco-market24.com\/sk\/wp-json\/wp\/v2\/comments?post=2224"}],"wp:featuredmedia":[{"embeddable":true,"href":"https:\/\/eco-market24.com\/sk\/wp-json\/wp\/v2\/media\/2357"}],"wp:attachment":[{"href":"https:\/\/eco-market24.com\/sk\/wp-json\/wp\/v2\/media?parent=2224"}],"wp:term":[{"taxonomy":"product_brand","embeddable":true,"href":"https:\/\/eco-market24.com\/sk\/wp-json\/wp\/v2\/product_brand?post=2224"},{"taxonomy":"product_cat","embeddable":true,"href":"https:\/\/eco-market24.com\/sk\/wp-json\/wp\/v2\/product_cat?post=2224"},{"taxonomy":"product_tag","embeddable":true,"href":"https:\/\/eco-market24.com\/sk\/wp-json\/wp\/v2\/product_tag?post=2224"}],"curies":[{"name":"wp","href":"https:\/\/api.w.org\/{rel}","templated":true}]}}