{"id":2231,"date":"2025-09-29T16:20:55","date_gmt":"2025-09-29T14:20:55","guid":{"rendered":"https:\/\/eco-market24.com\/product\/mestsky-dreveny-odpadkovy-kos-z-iroka-100-l\/"},"modified":"2025-09-29T20:05:26","modified_gmt":"2025-09-29T18:05:26","slug":"mestsky-dreveny-odpadkovy-kos-z-iroka-100-l","status":"publish","type":"product","link":"https:\/\/eco-market24.com\/sk\/produkt\/mestsky-dreveny-odpadkovy-kos-z-iroka-100-l\/","title":{"rendered":"Mestsk\u00fd dreven\u00fd odpadkov\u00fd k\u00f4\u0161 z iroka 100 l"},"content":{"rendered":"<p>Modern\u00fd mestsk\u00fd odpadkov\u00fd k\u00f4\u0161 wooden &#8211; pre mesto, park a obytn\u00e9 z\u00f3ny<\/p>\n<p>Preh\u013ead<br \/>\nMestsk\u00fd odpadkov\u00fd k\u00f4\u0161 wooden iroko 100 l kombinuje modern\u00fd dizajn a funk\u010dn\u00e9 rie\u0161enia. Vhodn\u00fd do verejn\u00fdch priestorov ako s\u00fa administrat\u00edvne budovy, parky, n\u00e1mestia, mestsk\u00e9 \u00farady, \u0161koly, stanice, autobusov\u00e9 termin\u00e1ly, obchody, ve\u013ek\u00e9 parkovisk\u00e1 a obytn\u00e9 z\u00f3ny.<\/p>\n<p>Kon\u0161trukcia a materi\u00e1ly<br \/>\nVonkaj\u0161\u00ed odpadkov\u00fd k\u00f4\u0161 wooden m\u00e1 telo z pozinkovan\u00e9ho oce\u013eov\u00e9ho plechu s pr\u00e1\u0161kov\u00fdm lakovan\u00edm v grafitovej farbe (RAL 7016) a dvierka z kompozitn\u00e9ho dreva (WPC) v farbe borovice. Obsahuje vn\u00fatorn\u00fd vlo\u017en\u00fd k\u00f4\u0161 z pozinkovan\u00e9ho plechu a ochrann\u00fa strechu. Uli\u010dn\u00fd odpadkov\u00fd k\u00f4\u0161 je mo\u017en\u00e9 pripevni\u0165 k zemi skrutkovan\u00edm.<\/p>\n<p>Trv\u00e1cnos\u0165 a v\u00fdkonnos\u0165<br \/>\nMechanicky odoln\u00fd a navrhnut\u00fd pre intenz\u00edvne pou\u017e\u00edvanie, k\u00f4\u0161 je odoln\u00fd vo\u010di poveternostn\u00fdm vplyvom \u2014 odol\u00e1va deform\u00e1cii pri vysok\u00fdch teplot\u00e1ch, vyblednutiu UV \u017eiaren\u00edm a kor\u00f3zii, tak\u017ee je vhodn\u00fd na celoro\u010dn\u00e9 vonkaj\u0161ie pou\u017eitie.<\/p>\n<p>Funk\u010dnos\u0165 a dizajn<br \/>\nUli\u010dn\u00fd k\u00f4\u0161 so strechou pon\u00faka dve ve\u013ek\u00e9 vstupn\u00e9 otvory a dvierka, ktor\u00e9 zabezpe\u010duj\u00fa a zjednodu\u0161uj\u00fa vybratie vn\u00fatorn\u00e9ho kovov\u00e9ho vlo\u017en\u00e9ho ko\u0161a, u\u013eah\u010duj\u00fac vypr\u00e1zd\u0148ovanie a \u010distenie. Strecha chr\u00e1ni pred da\u017e\u010fom a vetrom a pom\u00e1ha zabr\u00e1ni\u0165 vhadzovaniu nadrozmern\u00e9ho odpadu.<\/p>\n<p>Hlavn\u00e9 \u0161pecifik\u00e1cie<br \/>\n  Kapacita: 100 litrov<br \/>\n  Certifik\u00e1ty: ISO, BV, TUV<br \/>\n  Telo: Pozinkovan\u00e1 oce\u013e, pr\u00e1\u0161kov\u00e9 lakovanie<br \/>\n  Farba: Grafitov\u00e1 (RAL 7016)<br \/>\n  Dvierka: Kompozitn\u00e9 drevo (WPC), farba borovice<br \/>\n  Vn\u00fatorn\u00fd vlo\u017en\u00fd k\u00f4\u0161: Pozinkovan\u00fd plech<br \/>\n  Vlastnosti: Strecha, 2 ve\u013ek\u00e9 vstupn\u00e9 otvory<br \/>\n  Mont\u00e1\u017e: K zemi skrutkovan\u00edm<\/p>\n","protected":false},"excerpt":{"rendered":"<p>Modern\u00fd smetn\u00fd k\u00f4\u0161 z iroka \u2014 100 l; \u0161t\u00fdlov\u00e9, odoln\u00e9 a funk\u010dn\u00e9 rie\u0161enie odpadov\u00e9ho hospod\u00e1rstva pre ulice, parky a obytn\u00e9 s\u00fabory.<\/p>\n","protected":false},"featured_media":2364,"comment_status":"open","ping_status":"closed","template":"","meta":[],"product_brand":[],"product_cat":[171],"product_tag":[],"class_list":{"0":"post-2231","1":"product","2":"type-product","3":"status-publish","4":"has-post-thumbnail","6":"product_cat-poulicne-a-parkove-odpadkove-kose","8":"first","9":"instock","10":"taxable","11":"shipping-taxable","12":"purchasable","13":"product-type-simple"},"_links":{"self":[{"href":"https:\/\/eco-market24.com\/sk\/wp-json\/wp\/v2\/product\/2231","targetHints":{"allow":["GET"]}}],"collection":[{"href":"https:\/\/eco-market24.com\/sk\/wp-json\/wp\/v2\/product"}],"about":[{"href":"https:\/\/eco-market24.com\/sk\/wp-json\/wp\/v2\/types\/product"}],"replies":[{"embeddable":true,"href":"https:\/\/eco-market24.com\/sk\/wp-json\/wp\/v2\/comments?post=2231"}],"wp:featuredmedia":[{"embeddable":true,"href":"https:\/\/eco-market24.com\/sk\/wp-json\/wp\/v2\/media\/2364"}],"wp:attachment":[{"href":"https:\/\/eco-market24.com\/sk\/wp-json\/wp\/v2\/media?parent=2231"}],"wp:term":[{"taxonomy":"product_brand","embeddable":true,"href":"https:\/\/eco-market24.com\/sk\/wp-json\/wp\/v2\/product_brand?post=2231"},{"taxonomy":"product_cat","embeddable":true,"href":"https:\/\/eco-market24.com\/sk\/wp-json\/wp\/v2\/product_cat?post=2231"},{"taxonomy":"product_tag","embeddable":true,"href":"https:\/\/eco-market24.com\/sk\/wp-json\/wp\/v2\/product_tag?post=2231"}],"curies":[{"name":"wp","href":"https:\/\/api.w.org\/{rel}","templated":true}]}}