{"id":2234,"date":"2025-09-29T16:20:55","date_gmt":"2025-09-29T14:20:55","guid":{"rendered":"https:\/\/eco-market24.com\/product\/odpadkovy-kos-modern-street-lyon-100-l\/"},"modified":"2025-09-29T20:05:28","modified_gmt":"2025-09-29T18:05:28","slug":"odpadkovy-kos-modern-street-lyon-100-l","status":"publish","type":"product","link":"https:\/\/eco-market24.com\/sk\/produkt\/odpadkovy-kos-modern-street-lyon-100-l\/","title":{"rendered":"Odpadkov\u00fd k\u00f4\u0161 Modern Street Lyon 100 l"},"content":{"rendered":"<p>Bin Street Metal \u2014 Lyon 100 L<\/p>\n<p>Modern\u00fd Bin Street Metal pre mestsk\u00e9 a rekrea\u010dn\u00e9 oblasti efekt\u00edvne kombinuje funk\u010dnos\u0165 s estetikou. Kvalitn\u00e9 materi\u00e1ly zaru\u010duj\u00fa dlh\u00fa \u017eivotnos\u0165, zatia\u013e \u010do ve\u013ek\u00e1 kapacita poskytuje pohodlie pou\u017e\u00edvate\u013eov. Jeho minimalistick\u00fd, elegantn\u00fd dizajn dop\u013a\u0148a mestsk\u00fd vzh\u013ead a zelen\u00e9 plochy.<\/p>\n<p>Pou\u017eitie<\/p>\n<p>  Parky a rekrea\u010dn\u00e9 oblasti<br \/>\n  Detsk\u00e9 ihrisk\u00e1 a \u0161portovisk\u00e1<br \/>\n  Mestsk\u00e9 pl\u00e1\u017ee, bulv\u00e1ry a n\u00e1mestia<br \/>\n  V bl\u00edzkosti verejn\u00fdch in\u0161tit\u00faci\u00ed (\u0161koly, nemocnice, \u00farady)<br \/>\n  Dopravn\u00e9 uzly (vlakov\u00e9, autobusov\u00e9, elektri\u010dkov\u00e9 termin\u00e1ly)<br \/>\n  Bytov\u00e9 komplexy a rekrea\u010dn\u00e9 stredisk\u00e1<\/p>\n<p>Kon\u0161trukcia a materi\u00e1ly<\/p>\n<p>  Telo: pozinkovan\u00e1 oce\u013e s pr\u00e1\u0161kov\u00fdm n\u00e1strekom 1,4 mm<br \/>\n  Vn\u00fatorn\u00fd vlo\u017eka: pozinkovan\u00fd plech<br \/>\n  Povrchov\u00e1 \u00faprava: \u010dierna (RAL 9005)<br \/>\n  Odoln\u00fd vo\u010di kor\u00f3zii a po\u0161kodeniu<br \/>\n  Relat\u00edvne \u013eahk\u00fd, no robustn\u00fd, odoln\u00fd vo\u010di vandalizmu<\/p>\n<p>Kapacita a rozmery<\/p>\n<p>  Kapacita: 100 litrov<br \/>\n  Ve\u013ek\u00fd vtok pre pohodln\u00e9 pou\u017e\u00edvanie<\/p>\n<p>Bezpe\u010dnos\u0165 a \u00fadr\u017eba<\/p>\n<p>  Uzamykate\u013en\u00e9 veko \u2014 pr\u00edstup len pre autorizovan\u00fd person\u00e1l<br \/>\n  Hladk\u00e9 steny pre jednoduch\u00e9 \u010distenie<br \/>\n  Pozinkovan\u00e1 vn\u00fatorn\u00e1 vlo\u017eka pre jednoduch\u00e9 vypr\u00e1zd\u0148ovanie<\/p>\n<p>In\u0161tal\u00e1cia<\/p>\n<p>  Vo\u013ene stojaca kon\u0161trukcia \u2014 mo\u017en\u00e9 presun\u00fa\u0165 pod\u013ea potreby<br \/>\n  Mo\u017enos\u0165 priskrutkova\u0165 k zemi pre trval\u00fa in\u0161tal\u00e1ciu<\/p>\n<p>Certifik\u00e1ty<\/p>\n<p>  ISO<br \/>\n  BV<br \/>\n  T\u00dcV<\/p>\n<p>K\u013e\u00fa\u010dov\u00e9 vlastnosti<\/p>\n<p>  Kapacita 100 l<br \/>\n  Kon\u0161trukcia z pozinkovanej ocele s pr\u00e1\u0161kovou \u00fapravou 1,4 mm<br \/>\n  \u010cierna (RAL 9005)<br \/>\n  Pozinkovan\u00e1 vn\u00fatorn\u00e1 vlo\u017eka z ocele<br \/>\n  Uzamykate\u013en\u00e9 veko<br \/>\n  Mo\u017enos\u0165 priskrutkova\u0165 k zemi<br \/>\n  Certifikovan\u00e9: ISO, BV, T\u00dcV<\/p>\n","protected":false},"excerpt":{"rendered":"<p>Modern\u00fd Bin Street Metal Lyon 100 l kombinuje funk\u010dnos\u0165 a \u0161t\u00fdl pre mestsk\u00e9 a rekrea\u010dn\u00e9 priestory. Vysokokvalitn\u00e9 materi\u00e1ly zabezpe\u010duj\u00fa dlhodob\u00fa odolnos\u0165, jeho kapacita 100 l pon\u00faka jednoduchos\u0165 pou\u017e\u00edvania a modern\u00fd dizajn sa hladko za\u010dle\u0148uje do mestsk\u00e9ho prostredia.<\/p>\n","protected":false},"featured_media":2366,"comment_status":"open","ping_status":"closed","template":"","meta":[],"product_brand":[],"product_cat":[106,159],"product_tag":[],"class_list":{"0":"post-2234","1":"product","2":"type-product","3":"status-publish","4":"has-post-thumbnail","6":"product_cat-kontajnery-na-odpad","7":"product_cat-kose-na-triedenie-odpadu","9":"first","10":"instock","11":"taxable","12":"shipping-taxable","13":"purchasable","14":"product-type-simple"},"_links":{"self":[{"href":"https:\/\/eco-market24.com\/sk\/wp-json\/wp\/v2\/product\/2234","targetHints":{"allow":["GET"]}}],"collection":[{"href":"https:\/\/eco-market24.com\/sk\/wp-json\/wp\/v2\/product"}],"about":[{"href":"https:\/\/eco-market24.com\/sk\/wp-json\/wp\/v2\/types\/product"}],"replies":[{"embeddable":true,"href":"https:\/\/eco-market24.com\/sk\/wp-json\/wp\/v2\/comments?post=2234"}],"wp:featuredmedia":[{"embeddable":true,"href":"https:\/\/eco-market24.com\/sk\/wp-json\/wp\/v2\/media\/2366"}],"wp:attachment":[{"href":"https:\/\/eco-market24.com\/sk\/wp-json\/wp\/v2\/media?parent=2234"}],"wp:term":[{"taxonomy":"product_brand","embeddable":true,"href":"https:\/\/eco-market24.com\/sk\/wp-json\/wp\/v2\/product_brand?post=2234"},{"taxonomy":"product_cat","embeddable":true,"href":"https:\/\/eco-market24.com\/sk\/wp-json\/wp\/v2\/product_cat?post=2234"},{"taxonomy":"product_tag","embeddable":true,"href":"https:\/\/eco-market24.com\/sk\/wp-json\/wp\/v2\/product_tag?post=2234"}],"curies":[{"name":"wp","href":"https:\/\/api.w.org\/{rel}","templated":true}]}}