{"id":2238,"date":"2025-09-29T16:20:54","date_gmt":"2025-09-29T14:20:54","guid":{"rendered":"https:\/\/eco-market24.com\/product\/poulicny-kos-na-stlpe-monaco-40-l\/"},"modified":"2025-09-29T20:05:30","modified_gmt":"2025-09-29T18:05:30","slug":"poulicny-kos-na-stlpe-monaco-40-l","status":"publish","type":"product","link":"https:\/\/eco-market24.com\/sk\/produkt\/poulicny-kos-na-stlpe-monaco-40-l\/","title":{"rendered":"Pouli\u010dn\u00fd k\u00f4\u0161 na st\u013ape Monaco 40 l"},"content":{"rendered":"<p>Popolnica na st\u013ape \u2014 Monaco 40 l<\/p>\n<p>Popolnica na st\u013ape Monaco 40 l je kombin\u00e1ciou elegancie a vysokej kvality, ide\u00e1lna pre mestsk\u00e9 verejn\u00e9 priestory a drobn\u00fa mestsk\u00fa architekt\u00faru. Je vhodn\u00e1 pre miesta s vysokou pe\u0161ou prem\u00e1vkou, ako s\u00fa zast\u00e1vky, dopravn\u00e9 uzly, stanice, parky, n\u00e1mestia, administrat\u00edvne budovy, \u00farady a obytn\u00e9 s\u00fabory.<\/p>\n<p>K\u013e\u00fa\u010dov\u00e9 vlastnosti<\/p>\n<p>  Kapacita: 40 litrov<br \/>\n  Materi\u00e1l: pozinkovan\u00e1 oce\u013e 1,5 mm s pr\u00e1\u0161kov\u00fdm n\u00e1strekom<br \/>\n  Farba: grafitov\u00e1 (RAL 7016)<br \/>\n  Certifik\u00e1ty: ISO, BV, T\u00dcV<br \/>\n  Mont\u00e1\u017e: kon\u0161trukcia na st\u013ape, pripevnenie k zemi skrutkami<br \/>\n  Odolnos\u0165: vysoko odoln\u00e1 proti mechanick\u00e9mu po\u0161kodeniu a nepriazniv\u00e9mu po\u010dasiu (UV, d\u00e1\u017e\u010f, sneh, extr\u00e9mne teploty)<\/p>\n<p>Dizajn a praktickos\u0165<\/p>\n<p>  Ve\u013ek\u00fd otvor s odn\u00edmate\u013en\u00fdm krytom, ktor\u00fd chr\u00e1ni pred vetrom a zr\u00e1\u017ekami a umo\u017e\u0148uje jednoduch\u00e9 vypr\u00e1zd\u0148ovanie<br \/>\n  Vn\u00fatorn\u00e1 pozinkovan\u00e1 vlo\u017eka pre jednoduch\u0161ie vypr\u00e1zd\u0148ovanie a \u010distenie<br \/>\n  Uzamykate\u013en\u00e9 vie\u010dko (na k\u013e\u00fa\u010d) pre zabr\u00e1nenie neopr\u00e1vnen\u00e9mu z\u00e1sahu<br \/>\n  Odoln\u00fd, nen\u00e1ro\u010dn\u00fd povrch s elegantn\u00fdm, nad\u010dasov\u00fdm vzh\u013eadom, ktor\u00fd dobre zapad\u00e1 do mestskej architekt\u00fary<br \/>\n  Stabiln\u00e1 kon\u0161trukcia napriek n\u00edzkej hmotnosti v\u010faka trval\u00e9mu pripevneniu k zemi<\/p>\n","protected":false},"excerpt":{"rendered":"<p>Ko\u0161 Bin Street na st\u013ape Monaco 40 L sp\u00e1ja elegantn\u00fd dizajn a pr\u00e9miov\u00fa odolnos\u0165, v\u010faka \u010domu je ide\u00e1lny pre mestsk\u00e9 verejn\u00e9 priestranstv\u00e1 a zelen\u00e9 plochy \u2014 dokonale zapad\u00e1 do men\u0161ej architekt\u00fary.<\/p>\n","protected":false},"featured_media":2370,"comment_status":"open","ping_status":"closed","template":"","meta":[],"product_brand":[],"product_cat":[171],"product_tag":[],"class_list":{"0":"post-2238","1":"product","2":"type-product","3":"status-publish","4":"has-post-thumbnail","6":"product_cat-poulicne-a-parkove-odpadkove-kose","8":"first","9":"instock","10":"taxable","11":"shipping-taxable","12":"purchasable","13":"product-type-simple"},"_links":{"self":[{"href":"https:\/\/eco-market24.com\/sk\/wp-json\/wp\/v2\/product\/2238","targetHints":{"allow":["GET"]}}],"collection":[{"href":"https:\/\/eco-market24.com\/sk\/wp-json\/wp\/v2\/product"}],"about":[{"href":"https:\/\/eco-market24.com\/sk\/wp-json\/wp\/v2\/types\/product"}],"replies":[{"embeddable":true,"href":"https:\/\/eco-market24.com\/sk\/wp-json\/wp\/v2\/comments?post=2238"}],"wp:featuredmedia":[{"embeddable":true,"href":"https:\/\/eco-market24.com\/sk\/wp-json\/wp\/v2\/media\/2370"}],"wp:attachment":[{"href":"https:\/\/eco-market24.com\/sk\/wp-json\/wp\/v2\/media?parent=2238"}],"wp:term":[{"taxonomy":"product_brand","embeddable":true,"href":"https:\/\/eco-market24.com\/sk\/wp-json\/wp\/v2\/product_brand?post=2238"},{"taxonomy":"product_cat","embeddable":true,"href":"https:\/\/eco-market24.com\/sk\/wp-json\/wp\/v2\/product_cat?post=2238"},{"taxonomy":"product_tag","embeddable":true,"href":"https:\/\/eco-market24.com\/sk\/wp-json\/wp\/v2\/product_tag?post=2238"}],"curies":[{"name":"wp","href":"https:\/\/api.w.org\/{rel}","templated":true}]}}