{"id":2246,"date":"2025-09-29T16:20:53","date_gmt":"2025-09-29T14:20:53","guid":{"rendered":"https:\/\/eco-market24.com\/product\/kos-na-triedeny-odpad-3-komorovy-eco-smart-3-x-30-l\/"},"modified":"2025-09-29T20:05:34","modified_gmt":"2025-09-29T18:05:34","slug":"kos-na-triedeny-odpad-3-komorovy-eco-smart-3-x-30-l","status":"publish","type":"product","link":"https:\/\/eco-market24.com\/sk\/produkt\/kos-na-triedeny-odpad-3-komorovy-eco-smart-3-x-30-l\/","title":{"rendered":"K\u00f4\u0161 na trieden\u00fd odpad, 3-komorov\u00fd Eco Smart, 3 \u00d7 30 l"},"content":{"rendered":"<p>Tri-komorov\u00fd recykla\u010dn\u00fd kontajner na pou\u017eitie v meste, v parkoch a na firemn\u00fdch pozemkoch<\/p>\n<p>Preh\u013ead<br \/>\nTrojkomorov\u00fd eco smart recykla\u010dn\u00fd kontajner 3 \u00d7 30 l je nevyhnutn\u00fdm rie\u0161en\u00edm v\u0161ade tam, kde s\u00fa d\u00f4le\u017eit\u00e9 \u010distota a ochrana \u017eivotn\u00e9ho prostredia. Ide\u00e1lny do mestsk\u00fdch centier, obytn\u00fdch s\u00faborov, parkov, detsk\u00fdch ihr\u00edsk, firemn\u00fdch are\u00e1lov, n\u00e1kupn\u00fdch centier a univerzitn\u00fdch kampusov. Odoln\u00fd vo\u010di poveternostn\u00fdm vplyvom a trv\u00e1cny, \u00fazky vonkaj\u0161\u00ed kontajner je mo\u017en\u00e9 pou\u017e\u00edva\u0165 celoro\u010dne na udr\u017eiavanie verejn\u00fdch priestorov v poriadku.<\/p>\n<p>Vzh\u013ead a povrchov\u00e1 \u00faprava<br \/>\nKontajner je v grafitovej farbe (RAL 7016). M\u00e1 tri komory po 30 litrov a je vybaven\u00fd pozinkovan\u00fdmi vn\u00fatorn\u00fdmi vlo\u017ekami. Ka\u017ed\u00fd modul je ozna\u010den\u00fd n\u00e1lepkou zobrazuj\u00facou triedu odpadu. Kvalita produktu je potvrden\u00e1 certifik\u00e1tmi ISO, BV a TUV.<\/p>\n<p>Oce\u013eov\u00e1 kon\u0161trukcia \u2014 pevnos\u0165 a nad\u010dasov\u00e1 elegancia<br \/>\nVyroben\u00fd z 1,5 mm pr\u00e1\u0161kovo lakovanej pozinkovanej ocele, kontajner je mimoriadne odoln\u00fd a pevn\u00fd, ide\u00e1lny na vonkaj\u0161ie pou\u017eitie v r\u00f4znych poveternostn\u00fdch podmienkach. Pozinkovan\u00e1 oce\u013e poskytuje v\u00fdnimo\u010dn\u00fa odolnos\u0165 vo\u010di kor\u00f3zii a pr\u00e1\u0161kov\u00e1 \u00faprava zvy\u0161uje odolnos\u0165 povrchu, chr\u00e1ni pred po\u0161kriaban\u00edm, UV \u017eiaren\u00edm a in\u00fdmi vonkaj\u0161\u00edmi vplyvmi.<br \/>\nPr\u00e1\u0161kov\u00e1 grafitov\u00e1 povrchov\u00e1 \u00faprava dod\u00e1va nad\u010dasov\u00fd, neutr\u00e1lny a nen\u00e1padn\u00fd vzh\u013ead, ktor\u00fd sa dobre hod\u00ed k r\u00f4znym dizajnom verejn\u00fdch priestorov, vhodn\u00fd pre modern\u00e9 aj klasick\u00e9 prostredia.<\/p>\n<p>Praktick\u00e9 vlastnosti<br \/>\nKontajner pon\u00faka ve\u013ek\u00e9 vhadzovacie otvory pre pohodln\u00e9 vyhadzovanie a pozinkovan\u00e9 vn\u00fatorn\u00e9 vlo\u017eky pr\u00edstupn\u00e9 cez zamykate\u013en\u00e9 bo\u010dn\u00e9 dvierka (na oboch stran\u00e1ch). Je jasne ozna\u010den\u00fd; n\u00e1lepky s n\u00e1zvami frakci\u00ed v \u0161tandardn\u00fdch farb\u00e1ch s\u00fa s\u00fa\u010das\u0165ou balenia na vlastn\u00fa aplik\u00e1ciu. Z\u00e1kazn\u00edk si m\u00f4\u017ee vybra\u0165 3 z 4 typov: zmesov\u00fd odpad, plasty, papier, sklo.<\/p>\n<p>K\u013e\u00fa\u010dov\u00e9 inform\u00e1cie<\/p>\n<p>Kapacita: 3 \u00d7 30 litrov<br \/>\nCertifik\u00e1ty: ISO, BV, TUV<br \/>\nTelo: 1,5 mm pr\u00e1\u0161kovo lakovan\u00e1 pozinkovan\u00e1 oce\u013e<br \/>\nFarba: Grafit (RAL 7016)<br \/>\nVn\u00fatorn\u00e9 vlo\u017eky: Pozinkovan\u00e9<br \/>\nVhadzovacie otvory: 3<br \/>\nDvierka: 2 zamykate\u013en\u00e9 bo\u010dn\u00e9 dvierka<br \/>\nOzna\u010denie: N\u00e1lepky na ozna\u010denie trieden\u00fdch frakci\u00ed (v cene)<br \/>\nUpevnenie: Upevnenie k zemi skrutkovan\u00edm<\/p>\n","protected":false},"excerpt":{"rendered":"<p>Trojkomorov\u00fd k\u00f4\u0161 na trieden\u00fd odpad pre mestsk\u00e9 pou\u017eitie, parky a firemn\u00e9 are\u00e1ly. Eco Smart 3 \u00d7 30 l je nevyhnutn\u00e9 rie\u0161enie tam, kde z\u00e1le\u017e\u00ed na \u010distote a ochrane \u017eivotn\u00e9ho prostredia.<\/p>\n","protected":false},"featured_media":2377,"comment_status":"open","ping_status":"closed","template":"","meta":[],"product_brand":[],"product_cat":[70],"product_tag":[],"class_list":{"0":"post-2246","1":"product","2":"type-product","3":"status-publish","4":"has-post-thumbnail","6":"product_cat-waste-containers","8":"first","9":"instock","10":"taxable","11":"shipping-taxable","12":"purchasable","13":"product-type-simple"},"_links":{"self":[{"href":"https:\/\/eco-market24.com\/sk\/wp-json\/wp\/v2\/product\/2246","targetHints":{"allow":["GET"]}}],"collection":[{"href":"https:\/\/eco-market24.com\/sk\/wp-json\/wp\/v2\/product"}],"about":[{"href":"https:\/\/eco-market24.com\/sk\/wp-json\/wp\/v2\/types\/product"}],"replies":[{"embeddable":true,"href":"https:\/\/eco-market24.com\/sk\/wp-json\/wp\/v2\/comments?post=2246"}],"wp:featuredmedia":[{"embeddable":true,"href":"https:\/\/eco-market24.com\/sk\/wp-json\/wp\/v2\/media\/2377"}],"wp:attachment":[{"href":"https:\/\/eco-market24.com\/sk\/wp-json\/wp\/v2\/media?parent=2246"}],"wp:term":[{"taxonomy":"product_brand","embeddable":true,"href":"https:\/\/eco-market24.com\/sk\/wp-json\/wp\/v2\/product_brand?post=2246"},{"taxonomy":"product_cat","embeddable":true,"href":"https:\/\/eco-market24.com\/sk\/wp-json\/wp\/v2\/product_cat?post=2246"},{"taxonomy":"product_tag","embeddable":true,"href":"https:\/\/eco-market24.com\/sk\/wp-json\/wp\/v2\/product_tag?post=2246"}],"curies":[{"name":"wp","href":"https:\/\/api.w.org\/{rel}","templated":true}]}}