{"id":2256,"date":"2025-09-29T16:20:50","date_gmt":"2025-09-29T14:20:50","guid":{"rendered":"https:\/\/eco-market24.com\/product\/kos-na-recyklaciu-4-komorovy-bonsai-4-x-60-l\/"},"modified":"2025-09-29T20:05:37","modified_gmt":"2025-09-29T18:05:37","slug":"kos-na-recyklaciu-4-komorovy-bonsai-4-x-60-l","status":"publish","type":"product","link":"https:\/\/eco-market24.com\/sk\/produkt\/kos-na-recyklaciu-4-komorovy-bonsai-4-x-60-l\/","title":{"rendered":"K\u00f4\u0161 na recykl\u00e1ciu, 4-komorov\u00fd Bonsai, 4 \u00d7 60 l"},"content":{"rendered":"<p>K\u00f4\u0161 na recykl\u00e1ciu, 4-komorov\u00fd, do parkov a miest<\/p>\n<p>4-komorov\u00fd recykla\u010dn\u00fd k\u00f4\u0161 Bonsai 4 x 60 l je univerz\u00e1lne rie\u0161enie ide\u00e1lne pre parky, mestsk\u00e9 verejn\u00e9 priestranstv\u00e1, parkovisk\u00e1 pri obchodoch a \u010fal\u0161ie frekventovan\u00e9 miesta. Rozdelen\u00fd na \u0161tyri samostatn\u00e9 priehradky umo\u017e\u0148uje pohodln\u00e9 triedenie odpadu, u\u013eah\u010duje recykl\u00e1ciu a zni\u017euje mno\u017estvo odpadu ukladan\u00e9ho na skl\u00e1dky. Venkovn\u00e9 triediace kontajnery s\u00fa praktick\u00e9 a estetick\u00e9, zapadaj\u00fa do mestsk\u00e9ho prostredia a pom\u00e1haj\u00fa udr\u017eiava\u0165 verejn\u00e9 priestranstv\u00e1 \u010dist\u00e9. K\u00f4\u0161 je vhodn\u00fd pre obytn\u00e9 s\u00fabory, administrat\u00edvne budovy, \u010derpacie stanice a \u010fal\u0161ie miesta s vysokou dennou frekvenciou n\u00e1v\u0161tev.<\/p>\n<p>Konstrukcia a materi\u00e1ly<br \/>\nK\u00f4\u0161 v drevenom vzh\u013eade m\u00e1 \u0161tyri 60 l priehradky. Oce\u013eov\u00e9 prvky s\u00fa povrchovo upraven\u00e9 \u010diernou farbou (RAL 9005) a dekorat\u00edvne laty z WPC s\u00fa v tmavohnedom preveden\u00ed. Pou\u017e\u00edvatelia si m\u00f4\u017eu vybra\u0165 4 z 5 farieb triedenia (dod\u00e1van\u00e9 ako n\u00e1lepky na samolepenie na kovov\u00e9 prvky). Kvalita produktu je potvrden\u00e1 certifik\u00e1tom ISO 9001.<\/p>\n<p>Odolnos\u0165 a vzh\u013ead<br \/>\nNavrhnut\u00fd pre pou\u017eitie vonku, k\u00f4\u0161 je vyroben\u00fd z kvalitnej pozinkovanej ocele s matn\u00fdm pr\u00e1\u0161kov\u00fdm n\u00e1strekom a hr\u00fabkou plechu 3 mm, \u010do zais\u0165uje odolnos\u0165 proti mechanick\u00e9mu po\u0161kodeniu a nepriazniv\u00e9mu po\u010dasiu. WPC laty poskytuj\u00fa elegantn\u00fd, pr\u00edrodn\u00fd vzh\u013ead, ktor\u00fd lad\u00ed s modern\u00fdm i tradi\u010dn\u00fdm prostred\u00edm, v\u010faka \u010domu je k\u00f4\u0161 funk\u010dn\u00fdm a atrakt\u00edvnym prvkom vo verejn\u00fdch priestoroch.<\/p>\n<p>Praktick\u00e9 funkcie<\/p>\n<p>  4 pozinkovan\u00e9 vn\u00fatorn\u00e9 vlo\u017eky z ocele s pohodln\u00fdmi rukov\u00e4\u0165ami pre jednoduch\u00e9 vysyp\u00e1vanie<br \/>\n  Zdv\u00edhacie veko na ochranu proti da\u017e\u010fu a vetru a zabr\u00e1nenie rozptylu odpadu<br \/>\n  Farebn\u00e9 n\u00e1lepky na ozna\u010denie frakci\u00ed (samolepi\u0165 na vertik\u00e1lne kovov\u00e9 platne): papier \u2014 modr\u00e1; plasty a kovy \u2014 \u017elt\u00e1; sklo \u2014 zelen\u00e1; zmesov\u00fd odpad \u2014 \u010dierna<br \/>\n  Mo\u017enos\u0165 ukotvenia k zemi<\/p>\n<p>K\u013e\u00fa\u010dov\u00e9 \u0161pecifik\u00e1cie<\/p>\n<p>  Kapacita: 4 x 60 litrov<br \/>\n  Certifik\u00e1t: ISO 9001<br \/>\n  Materi\u00e1l: pozinkovan\u00e1 oce\u013e, pr\u00e1\u0161kovo lakovan\u00e1 \u010dierna (RAL 9005)<br \/>\n  Hr\u00fabka plechu: 3 mm<br \/>\n  Povrchov\u00e1 \u00faprava: WPC dreven\u00e9 laty, tmavohned\u00e9<br \/>\n  Farby triedenia: 4 (n\u00e1lepky dod\u00e1van\u00e9)<br \/>\n  Vn\u00fatorn\u00e9 vlo\u017eky: 4 pozinkovan\u00e9 oce\u013eov\u00e9 s rukov\u00e4\u0165ami<br \/>\n  Veko: zdv\u00edhacie<br \/>\n  Ukotvenie: mo\u017en\u00e9<\/p>\n","protected":false},"excerpt":{"rendered":"<p>N\u00e1doba na trieden\u00fd odpad Bonsai so 4 komorami (4\u00d760 l) \u2014 v\u0161estrann\u00e9 rie\u0161enie ide\u00e1lne do parkov, mestsk\u00fdch verejn\u00fdch priestorov, n\u00e1kupn\u00fdch centier, parkov\u00edsk pri obchodoch a in\u00fdch oblast\u00ed s vysokou prem\u00e1vkou.<\/p>\n","protected":false},"featured_media":2392,"comment_status":"open","ping_status":"closed","template":"","meta":[],"product_brand":[],"product_cat":[159,171],"product_tag":[],"class_list":{"0":"post-2256","1":"product","2":"type-product","3":"status-publish","4":"has-post-thumbnail","6":"product_cat-kose-na-triedenie-odpadu","7":"product_cat-poulicne-a-parkove-odpadkove-kose","9":"first","10":"instock","11":"taxable","12":"shipping-taxable","13":"purchasable","14":"product-type-simple"},"_links":{"self":[{"href":"https:\/\/eco-market24.com\/sk\/wp-json\/wp\/v2\/product\/2256","targetHints":{"allow":["GET"]}}],"collection":[{"href":"https:\/\/eco-market24.com\/sk\/wp-json\/wp\/v2\/product"}],"about":[{"href":"https:\/\/eco-market24.com\/sk\/wp-json\/wp\/v2\/types\/product"}],"replies":[{"embeddable":true,"href":"https:\/\/eco-market24.com\/sk\/wp-json\/wp\/v2\/comments?post=2256"}],"wp:featuredmedia":[{"embeddable":true,"href":"https:\/\/eco-market24.com\/sk\/wp-json\/wp\/v2\/media\/2392"}],"wp:attachment":[{"href":"https:\/\/eco-market24.com\/sk\/wp-json\/wp\/v2\/media?parent=2256"}],"wp:term":[{"taxonomy":"product_brand","embeddable":true,"href":"https:\/\/eco-market24.com\/sk\/wp-json\/wp\/v2\/product_brand?post=2256"},{"taxonomy":"product_cat","embeddable":true,"href":"https:\/\/eco-market24.com\/sk\/wp-json\/wp\/v2\/product_cat?post=2256"},{"taxonomy":"product_tag","embeddable":true,"href":"https:\/\/eco-market24.com\/sk\/wp-json\/wp\/v2\/product_tag?post=2256"}],"curies":[{"name":"wp","href":"https:\/\/api.w.org\/{rel}","templated":true}]}}