{"id":236,"date":"2025-09-28T12:27:26","date_gmt":"2025-09-28T10:27:26","guid":{"rendered":"https:\/\/eco-market24.com\/product\/1100-l-cierny-kontajner-na-odpad-ese\/"},"modified":"2025-10-15T08:28:54","modified_gmt":"2025-10-15T06:28:54","slug":"1100-l-cierny-kontajner-na-odpad-ese","status":"publish","type":"product","link":"https:\/\/eco-market24.com\/sk\/produkt\/1100-l-cierny-kontajner-na-odpad-ese\/","title":{"rendered":"1100 l \u010dierny kontajner na odpad ESE"},"content":{"rendered":"\n<p>Kontajner na odpad 1100 l \u2013 zaru\u010den\u00e1 kvalita v\u00fdrobku<\/p>\n\n<p>\u00da\u010dinn\u00e9 triedenie odpadu v komer\u010dn\u00fdch prev\u00e1dzkach vy\u017eaduje vhodn\u00e9 1100 l kontajnery, ktor\u00e9 s\u00fa odoln\u00e9, navrhnut\u00e9 na \u010dast\u00e9 pou\u017e\u00edvanie a \u013eahko sa vypr\u00e1zd\u0148uj\u00fa a udr\u017eiavaj\u00fa.<\/p>\n\n<p>Kontajner 1100 l je vyroben\u00fd z odoln\u00e9ho plastu PE\u2011HD pomocou technol\u00f3gie vstrekovania. Polyetyl\u00e9n s vysokou hustotou zaru\u010duje dlhodob\u00fa farebn\u00fa intenzitu kontajnera MGB.<\/p>\n\n<p>Materi\u00e1l kontajnera je odoln\u00fd vo\u010di UV \u017eiareniu a znesie \u0161irok\u00fd rozsah tepl\u00f4t. To umo\u017e\u0148uje skladova\u0165 kontajner 1100 l vonku za v\u0161etk\u00fdch poveternostn\u00fdch podmienok.<\/p>\n\n<p>Kontajner ESE 1100 l sa vyzna\u010duje aj vynikaj\u00facou chemickou odolnos\u0165ou. Kontajner 1100 l m\u00f4\u017ee skladova\u0165 priemyseln\u00fd odpad obsahuj\u00faci zvy\u0161ky \u010distiacich prostriedkov a in\u00fdch chemick\u00fdch pr\u00edpravkov. Plastov\u00fd materi\u00e1l sa pod ich vplyvom nedeformuje ani nereaguje s chemik\u00e1liami.<\/p>\n\n<p>Kontajner na odpad 1100\u00a0l \u2013 pohodlie a funk\u010dnos\u0165<\/p>\n\n<p>Kontajner MGB 1100 nemeckej zna\u010dky ESE je funk\u010dn\u00fd, odoln\u00fd a esteticky pr\u00ed\u0165a\u017eliv\u00fd. Kontajner je vybaven\u00fd ploch\u00fdm vekom a pohodln\u00fdm, tich\u00fdm syst\u00e9mom gumen\u00fdch kolies s priemerom 20 cm, zosilnen\u00fdmi ochrann\u00fdmi krytmi a brzdami na predn\u00fdch koles\u00e1ch. V\u010faka tomu sa 1100-litrov\u00fd kontajner \u013eahko pres\u00fava a vypr\u00e1zd\u0148uje.<\/p>\n\n<p>Korpus kontajnera 1100 l je dodato\u010dne spevnen\u00fd, najm\u00e4 v oblastiach najviac vystaven\u00fdch za\u0165a\u017eeniu. Ka\u017ed\u00fd odpadov\u00fd kontajner ESE s objemom 1100 l je po\u010das v\u00fdroby po\u010d\u00edta\u010dovo testovan\u00fd na odolnos\u0165.<\/p>\n\n<p>1100-litrov\u00fd kontajner m\u00e1 bo\u010dn\u00e9 \u010dapy vystu\u017een\u00e9 kovov\u00fdmi r\u00farkami, \u0161tyri ergonomick\u00e9 dr\u017eadl\u00e1 na bo\u010dn\u00fdch sten\u00e1ch a odtokov\u00fd otvor na spodku.<\/p>\n\n<p>Odpadov\u00fd k\u00f4\u0161 ESE 1100 l je dostupn\u00fd vo v\u0161etk\u00fdch farb\u00e1ch na triedenie:<\/p>\n\n<ul class=\"wp-block-list\">\n<li>\u010cierna \u2013 na zmie\u0161an\u00fd odpad<\/li>\n\n\n\n<li>Modr\u00fd 1100 l kontajner na papier<\/li>\n\n\n\n<li>\u017dlt\u00e1 \u2013 na plasty<\/li>\n\n\n\n<li>Zelen\u00fd 1100 l kontajner na sklo<\/li>\n\n\n\n<li>Hned\u00e1 \u2013 na biologick\u00fd odpad<\/li>\n\n\n\n<li>\u010cerven\u00e1 \u2013 pre kov<\/li>\n<\/ul>\n\n<p>Kontajner ESE 1100 l \u2013 normy a certifik\u00e1ty<\/p>\n\n<p>Potvrden\u00edm vysokej odolnosti vo\u010di prostrediu, ktor\u00e1 odli\u0161uje \u010dierny kontajner ESE 1100 l, je s\u00falad s eur\u00f3pskou normou PN-EN 840 a najvy\u0161\u0161ou medzin\u00e1rodnou zn\u00e1mkou kvality RAL-GZ951\/1. Kontajner 1100 l z\u00edskal aj certifik\u00e1ty potvrdzuj\u00face splnenie po\u017eiadaviek na ochranu pred hlukom a nesie ozna\u010denie CE.<\/p>\n\n<p>1100-litrov\u00fd kontajner prisp\u00f4soben\u00fd na vypr\u00e1zd\u0148ovanie hrebe\u0148ov\u00fdm mechanizmom<\/p>\n\n<p>Toto je jedna z najd\u00f4le\u017eitej\u0161\u00edch vlastnost\u00ed kontajnerov 1100 l. Odpadov\u00fd kontajner ESE 1100 l je prisp\u00f4soben\u00fd na upevnenie na hrebe\u0148ov\u00e9 vypr\u00e1zd\u0148ovacie mechanizmy aj na vypr\u00e1zd\u0148ovanie typu DIN. Kontajnery ESE na komun\u00e1lny odpad s\u00fa kompatibiln\u00e9 so v\u0161etk\u00fdmi tradi\u010dn\u00fdmi smetiarskymi vozidlami p\u00f4sobiacimi po celom Po\u013esku.<\/p>\n\n<p>Rozmery a hmotnos\u0165 kontajnera 1100\u00a0l<\/p>\n\n<p>Kontajner ESE 1100 l na odpad m\u00e1 nasleduj\u00face rozmery:<\/p>\n\n<ul class=\"wp-block-list\">\n<li>V\u00fd\u0161ka \u2013 137 cm<\/li>\n\n\n\n<li>\u0160\u00edrka \u2013 137,5 cm<\/li>\n\n\n\n<li>H\u013abka \u2013 107,5 cm<\/li>\n<\/ul>\n\n<p>Ko\u013eko v\u00e1\u017ei kontajner 1100 l? Skuto\u010dn\u00e1 hmotnos\u0165 1100-litrov\u00e9ho odpadov\u00e9ho kontajnera je 49 kg. Av\u0161ak nomin\u00e1lna hmotnos\u0165 kontajnera 1100 l po nalo\u017een\u00ed m\u00f4\u017ee dosiahnu\u0165 a\u017e 510 kg, \u010do je najvy\u0161\u0161ia nomin\u00e1lna kapacita spomedzi v\u0161etk\u00fdch 1100-litrov\u00fdch plastov\u00fdch odpadov\u00fdch kontajnerov na eur\u00f3pskom trhu.<\/p>\n","protected":false},"excerpt":{"rendered":"<ul>\n<li class=\"whitespace-normal break-words\"><strong>Odoln\u00fd materi\u00e1l PE-HD<\/strong> \u2013 odoln\u00fd vo\u010di UV \u017eiareniu a \u0161irok\u00e9mu rozsahu tepl\u00f4t, ide\u00e1lny na pou\u017eitie v exteri\u00e9ri<\/li>\n<li class=\"whitespace-normal break-words\"><strong>Menovit\u00e1 nosnos\u0165 a\u017e 510 kg<\/strong> \u2013 najvy\u0161\u0161ia medzi 1100 l kontajnermi na eur\u00f3pskom trhu<\/li>\n<li class=\"whitespace-normal break-words\"><strong>Syst\u00e9m gumov\u00fdch kolies \u00d8 20 cm s brzdami a zosilnen\u00fdmi krytmi<\/strong> \u2013 tich\u00fd a jednoduch\u00fd transport<\/li>\n<li class=\"whitespace-normal break-words\"><strong>Zosilnen\u00e1 kon\u0161trukcia s kovov\u00fdmi vlo\u017ekami v bo\u010dn\u00fdch \u010dapoch a ergonomick\u00fdmi dr\u017eadlami<\/strong><\/li>\n<li class=\"whitespace-normal break-words\"><strong>Kompatibilita so zberov\u00fdm vozidlom<\/strong> \u2013 prisp\u00f4soben\u00fd pre hrebe\u0148ov\u00fd a DIN typ vypr\u00e1zd\u0148ovania<\/li>\n<li class=\"whitespace-normal break-words\"><strong>Kompletn\u00e1 farebn\u00e1 \u0161k\u00e1la pre triedenie<\/strong> \u2013 \u010dierna, modr\u00e1, \u017elt\u00e1, zelen\u00e1, hned\u00e1, \u010derven\u00e1<\/li>\n<li class=\"whitespace-normal break-words\"><strong>Certifik\u00e1ty kvality<\/strong> \u2013 sp\u013a\u0148a normu PN-EN 840 a ozna\u010denie RAL-GZ951\/1, certifik\u00e1t CE<\/li>\n<\/ul>\n","protected":false},"featured_media":227,"comment_status":"open","ping_status":"closed","template":"","meta":[],"product_brand":[77],"product_cat":[107,106],"product_tag":[],"class_list":{"0":"post-236","1":"product","2":"type-product","3":"status-publish","4":"has-post-thumbnail","6":"product_brand-ese","7":"product_cat-4-kolesove-kontajnery-na-odpad-1100-l","8":"product_cat-kontajnery-na-odpad","10":"first","11":"instock","12":"taxable","13":"shipping-taxable","14":"purchasable","15":"product-type-simple"},"_links":{"self":[{"href":"https:\/\/eco-market24.com\/sk\/wp-json\/wp\/v2\/product\/236","targetHints":{"allow":["GET"]}}],"collection":[{"href":"https:\/\/eco-market24.com\/sk\/wp-json\/wp\/v2\/product"}],"about":[{"href":"https:\/\/eco-market24.com\/sk\/wp-json\/wp\/v2\/types\/product"}],"replies":[{"embeddable":true,"href":"https:\/\/eco-market24.com\/sk\/wp-json\/wp\/v2\/comments?post=236"}],"wp:featuredmedia":[{"embeddable":true,"href":"https:\/\/eco-market24.com\/sk\/wp-json\/wp\/v2\/media\/227"}],"wp:attachment":[{"href":"https:\/\/eco-market24.com\/sk\/wp-json\/wp\/v2\/media?parent=236"}],"wp:term":[{"taxonomy":"product_brand","embeddable":true,"href":"https:\/\/eco-market24.com\/sk\/wp-json\/wp\/v2\/product_brand?post=236"},{"taxonomy":"product_cat","embeddable":true,"href":"https:\/\/eco-market24.com\/sk\/wp-json\/wp\/v2\/product_cat?post=236"},{"taxonomy":"product_tag","embeddable":true,"href":"https:\/\/eco-market24.com\/sk\/wp-json\/wp\/v2\/product_tag?post=236"}],"curies":[{"name":"wp","href":"https:\/\/api.w.org\/{rel}","templated":true}]}}