{"id":370,"date":"2025-09-28T18:40:02","date_gmt":"2025-09-28T16:40:02","guid":{"rendered":"https:\/\/eco-market24.com\/product\/1100l-green-waste-container-ese\/"},"modified":"2025-09-28T20:27:35","modified_gmt":"2025-09-28T18:27:35","slug":"1100l-green-waste-container-ese","status":"publish","type":"product","link":"https:\/\/eco-market24.com\/sk\/produkt\/1100l-green-waste-container-ese\/","title":{"rendered":"1100 l kontajner na zelen\u00fd odpad ESE"},"content":{"rendered":"\n<p>Tu je anglick\u00fd preklad:<\/p>\n\n<p>Kontajner ESE s ozna\u010den\u00edm kvality RAL-GZ951\/1<\/p>\n\n<p>Potvrden\u00edm najvy\u0161\u0161ej kvality komun\u00e1lnych kontajnerov zna\u010dky ESE a ich odolnosti vo\u010di vonkaj\u0161\u00edm vplyvom prostredia je ich ozna\u010denie zna\u010dkou kvality RAL-GZ951\/1 a s\u00falad s eur\u00f3pskou normou PN-EN 840. Kontajnery zna\u010dky ESE s\u00fa ozna\u010den\u00e9 zna\u010dkou CE a maj\u00fa certifik\u00e1ty preukazuj\u00face s\u00falad s po\u017eiadavkami na ochranu proti hluku.<\/p>\n\n<p>Zelen\u00fd kontajner 1100 l vyr\u00e1ban\u00fd nemeckou zna\u010dkou ESE je najfunk\u010dnej\u0161\u00ed, najodolnej\u0161\u00ed a z\u00e1rove\u0148 najestetickej\u0161\u00ed vonkaj\u0161\u00ed mestsk\u00fd kontajner na odpad dostupn\u00fd na po\u013eskom trhu. Kontajner ESE m\u00e1 ploch\u00e9, \u013eahk\u00e9 veko a praktick\u00fa sadu \u0161tyroch gumov\u00fdch kolies s dodato\u010dn\u00fdm spev\u0148uj\u00facim krytom a brzdami na predn\u00fdch koles\u00e1ch, \u010do ho rob\u00ed \u013eahk\u00fdm na pou\u017e\u00edvanie a tich\u00fdm pri preprave.<\/p>\n\n<p>Vysok\u00e1 kvalita odpadov\u00e9ho kontajnera ESE 1100 l<\/p>\n\n<p>Triedenie priemyseln\u00e9ho odpadu v spolo\u010dnosti si vy\u017eaduje pou\u017eitie profesion\u00e1lnych kontajnerov, ktor\u00e9 vydr\u017eia \u010dast\u00e9 pou\u017e\u00edvanie a vyu\u017e\u00edvanie. Kontajnery MGB by mali by\u0165 vyroben\u00e9 z hrub\u00e9ho materi\u00e1lu odoln\u00e9ho vo\u010di po\u0161kodeniu a z\u00e1rove\u0148 \u013eahko prepravite\u013en\u00e9 a vypr\u00e1zdnite\u013en\u00e9.<\/p>\n\n<p>Nemeck\u00e9 komun\u00e1lne kontajnery zna\u010dky ESE maj\u00fa vlastnosti, ktor\u00e9 ich odli\u0161uj\u00fa od in\u00fdch kontajnerov vysokou kvalitou a odolnos\u0165ou.<\/p>\n\n<ul class=\"wp-block-list\">\n<li>Kontajnery ESE s\u00fa vyroben\u00e9 z vysokohustotn\u00e9ho polyetyl\u00e9nu (PE-HD), v\u010faka \u010domu cel\u00e1 kon\u0161trukcia n\u00e1doby \u2013 steny, dno a kryt \u2013 odol\u00e1va deform\u00e1ci\u00e1m a prelia\u010din\u00e1m.<\/li>\n\n\n\n<li>Kontejnery s\u00fa odoln\u00e9 vo\u010di slne\u010dn\u00e9mu \u017eiareniu a maj\u00fa vysok\u00fa toleranciu na n\u00edzke a vysok\u00e9 teploty. 1100 l mestsk\u00e9 odpadov\u00e9 kontajnery s\u00fa navrhnut\u00e9 na triedenie odpadu vonku za v\u0161etk\u00fdch poveternostn\u00fdch podmienok.<\/li>\n\n\n\n<li>Vysokohustotn\u00fd polyetyl\u00e9n pou\u017eit\u00fd pri v\u00fdrobe n\u00e1dob ESE 1100L zaru\u010duje zachovanie intenzity zelenej farby.<\/li>\n\n\n\n<li>Odpadov\u00e9 kontajnery zna\u010dky ESE sa tie\u017e vyzna\u010duj\u00fa odolnos\u0165ou vo\u010di chemik\u00e1li\u00e1m skladovan\u00fdm v nich. Kontajnery je mo\u017en\u00e9 pou\u017ei\u0165 na triedenie odpadu po v\u00fdrobe, ktor\u00fd obsahuje zvy\u0161ky \u010distiacich prostriedkov alebo in\u00fdch podobn\u00fdch l\u00e1tok, ktor\u00e9 m\u00f4\u017eu by\u0165 pova\u017eovan\u00e9 za nebezpe\u010dn\u00e9.<\/li>\n<\/ul>\n\n<p>Kontajnery ESE prisp\u00f4soben\u00e9 pre vyp\u00fa\u0161\u0165anie pl\u00e1stov<\/p>\n\n<p>Kontajnery ESE 1100 l na komun\u00e1lny odpad s\u00fa prisp\u00f4soben\u00e9 vysyp\u00e1vaniu pomocou hrebe\u0148ov\u00e9ho mechanizmu i syst\u00e9mu DIN. MGB kontajner od ESE mo\u017eno \u013eahko vypr\u00e1zdni\u0165 v\u0161etk\u00fdmi smetn\u00fdmi vozidlami, ktor\u00e9 v Po\u013esku zberaj\u00fa odpad.<\/p>\n\n<p>Nomin\u00e1lna hmotnos\u0165 kontajnerov ESE s objemom 1100 l je 510 kg a ide o najvy\u0161\u0161iu mo\u017en\u00fa nomin\u00e1lnu za\u0165a\u017eite\u013en\u00fa hmotnos\u0165 pre 1100 l kontajnery spomedzi v\u0161etk\u00fdch plastov\u00fdch priemyseln\u00fdch kontajnerov na odpad.<\/p>\n\n<p><\/p>\n","protected":false},"excerpt":{"rendered":"<ul>\n<li class=\"whitespace-normal break-words\"><strong>Pevn\u00fd materi\u00e1l PE-HD<\/strong> \u2013 odoln\u00fd proti UV \u017eiareniu a so \u0161irok\u00fdm teplotn\u00fdm rozsahom, ide\u00e1lny do exteri\u00e9ru<\/li>\n<li class=\"whitespace-normal break-words\"><strong>Nomin\u00e1lna nosnos\u0165 a\u017e 510 kg<\/strong> \u2013 najvy\u0161\u0161ia medzi 1100 l kontajnermi na eur\u00f3pskom trhu<\/li>\n<li class=\"whitespace-normal break-words\"><strong>Gumov\u00fd syst\u00e9m kolies \u00d8 20 cm s brzdami a zosilnen\u00fdmi krytmi<\/strong> \u2013 tich\u00e1 a \u013eahk\u00e1 preprava<\/li>\n<li class=\"whitespace-normal break-words\"><strong>Zosilnen\u00e1 kon\u0161trukcia s kovov\u00fdmi vlo\u017ekami v bo\u010dn\u00fdch \u010dapoch a ergonomick\u00e9 rukov\u00e4te<\/strong><\/li>\n<li class=\"whitespace-normal break-words\"><strong>Kompatibilita s popel\u00e1rskymi vozidlami<\/strong> \u2013 upraven\u00e9 pre hrebe\u0148ov\u00e9 a DIN typy vykladania<\/li>\n<li class=\"whitespace-normal break-words\"><strong>Kompletn\u00e1 farebn\u00e1 \u0161k\u00e1la na triedenie<\/strong> \u2013 \u010dierna, modr\u00e1, \u017elt\u00e1, zelen\u00e1, hned\u00e1, \u010derven\u00e1<\/li>\n<li class=\"whitespace-normal break-words\"><strong>Certifik\u00e1cia kvality<\/strong> \u2013 v s\u00falade s normou PN-EN 840 a zna\u010dkou RAL-GZ951\/1, certifik\u00e1t CE<\/li>\n<\/ul>\n","protected":false},"featured_media":360,"comment_status":"open","ping_status":"closed","template":"","meta":[],"product_brand":[77],"product_cat":[107,106],"product_tag":[],"class_list":{"0":"post-370","1":"product","2":"type-product","3":"status-publish","4":"has-post-thumbnail","6":"product_brand-ese","7":"product_cat-4-kolesove-kontajnery-na-odpad-1100-l","8":"product_cat-kontajnery-na-odpad","10":"first","11":"instock","12":"taxable","13":"shipping-taxable","14":"purchasable","15":"product-type-simple"},"_links":{"self":[{"href":"https:\/\/eco-market24.com\/sk\/wp-json\/wp\/v2\/product\/370","targetHints":{"allow":["GET"]}}],"collection":[{"href":"https:\/\/eco-market24.com\/sk\/wp-json\/wp\/v2\/product"}],"about":[{"href":"https:\/\/eco-market24.com\/sk\/wp-json\/wp\/v2\/types\/product"}],"replies":[{"embeddable":true,"href":"https:\/\/eco-market24.com\/sk\/wp-json\/wp\/v2\/comments?post=370"}],"wp:featuredmedia":[{"embeddable":true,"href":"https:\/\/eco-market24.com\/sk\/wp-json\/wp\/v2\/media\/360"}],"wp:attachment":[{"href":"https:\/\/eco-market24.com\/sk\/wp-json\/wp\/v2\/media?parent=370"}],"wp:term":[{"taxonomy":"product_brand","embeddable":true,"href":"https:\/\/eco-market24.com\/sk\/wp-json\/wp\/v2\/product_brand?post=370"},{"taxonomy":"product_cat","embeddable":true,"href":"https:\/\/eco-market24.com\/sk\/wp-json\/wp\/v2\/product_cat?post=370"},{"taxonomy":"product_tag","embeddable":true,"href":"https:\/\/eco-market24.com\/sk\/wp-json\/wp\/v2\/product_tag?post=370"}],"curies":[{"name":"wp","href":"https:\/\/api.w.org\/{rel}","templated":true}]}}