{"id":381,"date":"2025-09-28T18:39:58","date_gmt":"2025-09-28T16:39:58","guid":{"rendered":"https:\/\/eco-market24.com\/product\/1100l-yellow-waste-container-ese\/"},"modified":"2025-09-30T16:06:09","modified_gmt":"2025-09-30T14:06:09","slug":"1100l-yellow-waste-container-ese","status":"publish","type":"product","link":"https:\/\/eco-market24.com\/sk\/produkt\/1100l-yellow-waste-container-ese\/","title":{"rendered":"1100 l \u017elt\u00fd kontajner na odpad ESE"},"content":{"rendered":"\n<p>ESE kontajner v s\u00falade s normou PN-EN 840<\/p>\n\n<p>Potvrden\u00edm najvy\u0161\u0161ej kvality a odolnosti vo\u010di vplyvom prostredia 1100 l priemyseln\u00e9ho kontajnera na odpad je ozna\u010denie zna\u010dkou kvality RAL-GZ951\/1 a s\u00falad s eur\u00f3pskou normou PN-EN 840. Kontajner ESE je ozna\u010den\u00fd zna\u010dkou CE a m\u00e1 certifik\u00e1ty, ktor\u00e9 zaru\u010duj\u00fa s\u00falad s po\u017eiadavkami na ochranu pred hlukom.<\/p>\n\n<p>\u017dlt\u00fd kontajner 1100 l nemeckej zna\u010dky ESE je najfunk\u010dnej\u0161\u00ed, najodolnej\u0161\u00ed a z\u00e1rove\u0148 najestetickej\u0161\u00ed vonkaj\u0161\u00ed mestsk\u00fd odpadkov\u00fd kontajner dostupn\u00fd na po\u013eskom trhu. Kontajner ESE m\u00e1 ploch\u00e9, \u013eahk\u00e9 vieko a praktick\u00fa sadu \u0161tyroch gumov\u00fdch kolies s dodato\u010dn\u00fdm spev\u0148uj\u00facim krytom a brzdami na predn\u00fdch koles\u00e1ch, \u010do zabezpe\u010duje jednoduch\u00e9 pou\u017e\u00edvanie a tich\u00fa prepravu.<\/p>\n\n<p>Funk\u010dn\u00fd a odoln\u00fd 1100 l kontajner na odpad<\/p>\n\n<p>Separovanie komun\u00e1lneho odpadu v spolo\u010dnosti si vy\u017eaduje pou\u017eitie profesion\u00e1lnych kontajnerov, ktor\u00e9 vydr\u017eia ka\u017edodenn\u00e9 pou\u017e\u00edvanie a intenz\u00edvne za\u0165a\u017eenie, s\u00fa vyroben\u00e9 z hrub\u00e9ho materi\u00e1lu odoln\u00e9ho proti deform\u00e1cii a z\u00e1rove\u0148 ich je jednoduch\u00e9 vypr\u00e1zdni\u0165 a prepravova\u0165.<\/p>\n\n<p>Kontejner na komun\u00e1lny odpad od nemeckej zna\u010dky ESE m\u00e1 v\u00fdhody, ktor\u00e9 ho odli\u0161uj\u00fa \u010do sa t\u00fdka kvality a odolnosti v porovnan\u00ed s ostatn\u00fdmi kontajnermi.<\/p>\n\n<ul class=\"wp-block-list\">\n<li>N\u00e1doba ESE je vyroben\u00e1 z vysokohustotn\u00e9ho polyetyl\u00e9nu, v\u010faka \u010domu s\u00fa kon\u0161trukcia, steny, dno a veko odoln\u00e9 vo\u010di deform\u00e1ci\u00e1m a prelia\u010din\u00e1m.<\/li>\n\n\n\n<li>N\u00e1doba je odoln\u00e1 vo\u010di UV \u017eiareniu a m\u00e1 vysok\u00fa tepeln\u00fa odolnos\u0165. 1100 l kontajner na komun\u00e1lny odpad je navrhnut\u00fd na vonkaj\u0161ie triedenie odpadu za v\u0161etk\u00fdch poveternostn\u00fdch podmienok.<\/li>\n\n\n\n<li>Materi\u00e1l s vysokou hustotou pou\u017eit\u00fd pri v\u00fdrobe kontajnera zna\u010dky 1100L ESE zaru\u010duje zachovanie intenzity \u017eltej farby.<\/li>\n\n\n\n<li>Kontajner zna\u010dky 1100L ESE sa tie\u017e vyzna\u010duje odolnos\u0165ou vo\u010di chemik\u00e1li\u00e1m. D\u00e1 sa pou\u017ei\u0165 na triedenie v\u00fdrobn\u00fdch odpadov obsahuj\u00facich zvy\u0161ky \u010distiacich prostriedkov alebo in\u00fdch l\u00e1tok.<\/li>\n<\/ul>\n\n<p>MGB 1100 kontajner prisp\u00f4soben\u00fd pre vykl\u00e1dku hrebe\u0148om<\/p>\n\n<p>Odpadov\u00fd kontajner zna\u010dky ESE o objeme 1100 l je upraven\u00fd pre mechanizmus vypr\u00e1zd\u0148ovania hrebe\u0148om aj pre vyp\u00fa\u0161\u0165anie typu DIN. Priemyseln\u00e9 odpadov\u00e9 kontajnery ESE m\u00f4\u017eu by\u0165 \u013eahko vypr\u00e1zdnen\u00e9 v\u0161etk\u00fdmi zberov\u00fdmi vozidlami vyv\u00e1\u017eaj\u00facimi odpad v Po\u013esku.<\/p>\n\n<p>Nomin\u00e1lna hmotnos\u0165 kontajnera ESE s kapacitou 1100 l je 510 kg a ide o najvy\u0161\u0161iu mo\u017en\u00fa nomin\u00e1lnu za\u0165a\u017eite\u013enos\u0165 pre 1100 l kontajner medzi v\u0161etk\u00fdmi komun\u00e1lnymi odpadov\u00fdmi kontajnermi vyroben\u00fdmi z HDPE plastu. Sk\u00fasi\u0165 znova<\/p>\n","protected":false},"excerpt":{"rendered":"<ul>\n<li class=\"whitespace-normal break-words\"><strong>Materi\u00e1l PE\u2011HD odoln\u00fd vo\u010di UV l\u00fa\u010dom a s \u0161irok\u00fdm teplotn\u00fdm rozsahom, ide\u00e1lny na vonkaj\u0161ie pou\u017eitie<\/strong><\/li>\n<li class=\"whitespace-normal break-words\"><strong>Menovit\u00e1 nosnos\u0165 a\u017e 510 kg<\/strong> \u2013 najvy\u0161\u0161ia medzi 1100 l kontajnermi na eur\u00f3pskom trhu<\/li>\n<li class=\"whitespace-normal break-words\"><strong>Gumov\u00fd kolieskov\u00fd syst\u00e9m \u00d8 20 cm s brzdami a zosilnen\u00fdmi krytmi<\/strong> \u2013 tich\u00fd a jednoduch\u00fd presun<\/li>\n<li class=\"whitespace-normal break-words\"><strong>Zosilnen\u00e1 kon\u0161trukcia s kovov\u00fdmi vlo\u017ekami v bo\u010dn\u00fdch \u010dapoch a ergonomick\u00fdmi rukov\u00e4\u0165ami<\/strong><\/li>\n<li class=\"whitespace-normal break-words\"><strong>Kompatibilita s vozidlami na zber odpadu<\/strong> \u2013 prisp\u00f4soben\u00e9 pre hrebe\u0148ov\u00e9 a DIN typy vykl\u00e1pac\u00edch syst\u00e9mov<\/li>\n<li class=\"whitespace-normal break-words\"><strong>Kompletn\u00e1 farebn\u00e1 \u0161k\u00e1la triedenia<\/strong> \u2013 \u010dierna, modr\u00e1, \u017elt\u00e1, zelen\u00e1, hned\u00e1, \u010derven\u00e1<\/li>\n<li class=\"whitespace-normal break-words\"><strong>Certifik\u00e1ty kvality<\/strong> \u2013 v s\u00falade s normou PN\u2011EN 840 a zna\u010dkou RAL\u2011GZ951\/1, CE certifikovan\u00e9<\/li>\n<\/ul>\n","protected":false},"featured_media":306,"comment_status":"open","ping_status":"closed","template":"","meta":[],"product_brand":[77],"product_cat":[107,106],"product_tag":[],"class_list":{"0":"post-381","1":"product","2":"type-product","3":"status-publish","4":"has-post-thumbnail","6":"product_brand-ese","7":"product_cat-4-kolesove-kontajnery-na-odpad-1100-l","8":"product_cat-kontajnery-na-odpad","10":"first","11":"instock","12":"taxable","13":"shipping-taxable","14":"purchasable","15":"product-type-simple"},"_links":{"self":[{"href":"https:\/\/eco-market24.com\/sk\/wp-json\/wp\/v2\/product\/381","targetHints":{"allow":["GET"]}}],"collection":[{"href":"https:\/\/eco-market24.com\/sk\/wp-json\/wp\/v2\/product"}],"about":[{"href":"https:\/\/eco-market24.com\/sk\/wp-json\/wp\/v2\/types\/product"}],"replies":[{"embeddable":true,"href":"https:\/\/eco-market24.com\/sk\/wp-json\/wp\/v2\/comments?post=381"}],"wp:featuredmedia":[{"embeddable":true,"href":"https:\/\/eco-market24.com\/sk\/wp-json\/wp\/v2\/media\/306"}],"wp:attachment":[{"href":"https:\/\/eco-market24.com\/sk\/wp-json\/wp\/v2\/media?parent=381"}],"wp:term":[{"taxonomy":"product_brand","embeddable":true,"href":"https:\/\/eco-market24.com\/sk\/wp-json\/wp\/v2\/product_brand?post=381"},{"taxonomy":"product_cat","embeddable":true,"href":"https:\/\/eco-market24.com\/sk\/wp-json\/wp\/v2\/product_cat?post=381"},{"taxonomy":"product_tag","embeddable":true,"href":"https:\/\/eco-market24.com\/sk\/wp-json\/wp\/v2\/product_tag?post=381"}],"curies":[{"name":"wp","href":"https:\/\/api.w.org\/{rel}","templated":true}]}}