{"id":389,"date":"2025-09-28T18:40:00","date_gmt":"2025-09-28T16:40:00","guid":{"rendered":"https:\/\/eco-market24.com\/product\/1100l-brown-waste-container-ese\/"},"modified":"2025-09-30T16:06:07","modified_gmt":"2025-09-30T14:06:07","slug":"1100l-brown-waste-container-ese","status":"publish","type":"product","link":"https:\/\/eco-market24.com\/sk\/produkt\/1100l-brown-waste-container-ese\/","title":{"rendered":"1100 l hned\u00fd kontajner na odpad ESE"},"content":{"rendered":"\n<p>1100 l kontajner pod\u013ea kvalitat\u00edvneho \u0161tandardu RAL-GZ951\/1<\/p>\n\n<p>Potvrden\u00edm najvy\u0161\u0161ej kvality komun\u00e1lnych odpadov\u00fdch kontajnerov ESE a ich odolnosti vo\u010di vplyvom \u017eivotn\u00e9ho prostredia je ich ozna\u010denie najvy\u0161\u0161\u00edm glob\u00e1lnym \u0161tandardom kvality RAL\u2011GZ951\/1 a certifik\u00e1cia v s\u00falade s normou PN\u2011EN 840. Kontajnery zna\u010dky ESE s\u00fa ozna\u010den\u00e9 zna\u010dkou CE a sp\u013a\u0148aj\u00fa v\u0161etky aktu\u00e1lne platn\u00e9 eur\u00f3pske a n\u00e1rodn\u00e9 normy.<\/p>\n\n<p>Hned\u00fd kontajner MGB vyr\u00e1ban\u00fd nemeckou zna\u010dkou ESE je odoln\u00fd a z\u00e1rove\u0148 ekologick\u00fd, preto\u017ee je vyroben\u00fd z recyklovate\u013en\u00e9ho materi\u00e1lu.<\/p>\n\n<p>Kontajner MGB 1100 m\u00e1 ploch\u00e9, bezpe\u010dn\u00e9 veko a \u0161tyri koles\u00e1 s v\u00fdstu\u017en\u00fdm krytom a brzdami na dvoch predn\u00fdch koles\u00e1ch, \u010do zjednodu\u0161uje vyprazd\u0148ovanie a prepravu kontajnera a zabezpe\u010duje s\u00falad s predpismi bezpe\u010dnosti a ochrany zdravia. Navy\u0161e m\u00e1 kontajner na dne odtokov\u00fd otvor uzavret\u00fd z\u00e1tkou, ktor\u00fd umo\u017e\u0148uje vo\u013en\u00fd odtok kvapaln\u00e9ho odpadu.<\/p>\n\n<p>Z\u00e1ruka najvy\u0161\u0161ej kvality odpadov\u00e9ho kontajnera ESE 1100L<\/p>\n\n<p>Segreg\u00e1cia biologicky rozlo\u017eite\u013en\u00e9ho odpadu v spolo\u010dnosti si vy\u017eaduje pou\u017eitie profesion\u00e1lnych n\u00e1dob, ktor\u00e9 vydr\u017eia \u010dast\u00e9 pou\u017e\u00edvanie a viacro\u010dn\u00fa prev\u00e1dzku. Kontajnery ESE s\u00fa vyroben\u00e9 z materi\u00e1lu odoln\u00e9ho vo\u010di po\u0161kodeniu, maj\u00fa vystu\u017een\u00fa kon\u0161trukciu a hladk\u00fd povrch, ktor\u00fd u\u013eah\u010duje \u00fadr\u017ebu a udr\u017eiavanie \u010distoty.<\/p>\n\n<p>Nemeck\u00e9 kontajnery ESE na odpad maj\u00fa vlastnosti, ktor\u00e9 ich odli\u0161uj\u00fa od ostatn\u00fdch kontajnerov MGB z h\u013eadiska kvality a spo\u013eahlivosti.<\/p>\n\n<ul class=\"wp-block-list\">\n<li>Kontajnery ESE s\u00fa vyroben\u00e9 z vysokohustotn\u00e9ho materi\u00e1lu HDPE, v\u010faka \u010domu je cel\u00e9 telo kontajnera \u2013 zadn\u00e9 a predn\u00e9 steny aj dno \u2013 odoln\u00e9 proti deform\u00e1cii.<\/li>\n\n\n\n<li>Odpadkov\u00fd kontajner zna\u010dky ESE s objemom 1100 l umo\u017e\u0148uje menovit\u00e9 za\u0165a\u017eenie a\u017e do 510 kg a ide o najvy\u0161\u0161ie mo\u017en\u00e9 menovit\u00e9 za\u0165a\u017eenie medzi v\u0161etk\u00fdmi plastov\u00fdmi mestsk\u00fdmi kontajnermi s objemom 1100 l.<\/li>\n\n\n\n<li>Kontajnery s objemom 1100 l s\u00fa vysoko odoln\u00e9 vo\u010di UV \u017eiareniu a mrazu. 1100\u2011litrov\u00e9 odpadov\u00e9 kontajnery s\u00fa navrhnut\u00e9 na vonkaj\u0161ie triedenie odpadu za v\u0161etk\u00fdch poveternostn\u00fdch podmienok.<\/li>\n\n\n\n<li>Plastov\u00fd materi\u00e1l, z ktor\u00e9ho je vyroben\u00fd kontajner na ESE odpad, je recyklovate\u013en\u00fd. Kontajnery na ESE odpad s\u00fa \u0161etrn\u00e9 k \u017eivotn\u00e9mu prostrediu.<\/li>\n\n\n\n<li>Odpadkov\u00e9 ko\u0161e zna\u010dky ESE vynikaj\u00fa odolnos\u0165ou vo\u010di chemick\u00fdm l\u00e1tkam.<\/li>\n<\/ul>\n\n<p>MGB kontajner upraven\u00fd na vypr\u00e1zd\u0148ovanie hrebe\u0148a<\/p>\n\n<p>\u0160tvorkolesov\u00e9 kontajnery s ploch\u00fdmi vie\u010dkami zna\u010dky ESE m\u00f4\u017eu by\u0165 vypr\u00e1zd\u0148ovan\u00e9 odpadov\u00fdmi vozidlami s bo\u010dn\u00fdm, predn\u00fdm a zadn\u00fdm vykl\u00e1pan\u00edm. Kontajnery maj\u00fa bo\u010dn\u00e9 \u010dapy, v\u010faka ktor\u00fdm s\u00fa prisp\u00f4soben\u00e9 na mechanick\u00e9 vypr\u00e1zd\u0148ovanie z ktor\u00e9hoko\u013evek okraja kontajnera.<\/p>\n\n<p>Kontajnery sp\u013a\u0148aj\u00fa po\u017eiadavky normy DIN a mo\u017eno ich vyklada\u0165 pomocou hrebe\u0148ovej met\u00f3dy. Sk\u00fasi\u0165 znova.<\/p>\n","protected":false},"excerpt":{"rendered":"<ul>\n<li class=\"whitespace-normal break-words\"><strong>Odoln\u00fd materi\u00e1l PE\u2011HD<\/strong> \u2013 UV\u2011odoln\u00fd a \u0161irok\u00fd teplotn\u00fd rozsah, ide\u00e1lny na vonkaj\u0161ie pou\u017eitie<\/li>\n<li class=\"whitespace-normal break-words\"><strong>Nomin\u00e1lna nosnos\u0165 do 510 kg<\/strong> \u2013 najvy\u0161\u0161ia medzi 1100 l kontajnermi na eur\u00f3pskom trhu<\/li>\n<li class=\"whitespace-normal break-words\"><strong>Gumov\u00fd kolesov\u00fd syst\u00e9m \u00d8 20 cm s brzdami a vystu\u017een\u00fdmi krytmi<\/strong> \u2013 tich\u00e1 a jednoduch\u00e1 manipul\u00e1cia<\/li>\n<li class=\"whitespace-normal break-words\"><strong>Vystu\u017een\u00e1 kon\u0161trukcia s kovov\u00fdmi vlo\u017ekami v bo\u010dn\u00fdch \u010dapoch a ergonomick\u00fdmi rukov\u00e4\u0165ami<\/strong><\/li>\n<li class=\"whitespace-normal break-words\"><strong>Kompatibiln\u00e9 s autami na zber odpadu<\/strong> \u2013 prisp\u00f4soben\u00e9 pre hrebe\u0148ov\u00e9 a DIN typy vysyp\u00e1vania<\/li>\n<li class=\"whitespace-normal break-words\"><strong>Kompletn\u00e1 farebn\u00e1 \u0161k\u00e1la na triedenie<\/strong> \u2013 \u010dierna, modr\u00e1, \u017elt\u00e1, zelen\u00e1, hned\u00e1, \u010derven\u00e1<\/li>\n<li class=\"whitespace-normal break-words\"><strong>Certifik\u00e1ty kvality<\/strong> \u2013 v s\u00falade s normou PN\u2011EN 840 a zna\u010dkou RAL\u2011GZ951\/1, certifikovan\u00e9 CE<\/li>\n<\/ul>\n","protected":false},"featured_media":319,"comment_status":"open","ping_status":"closed","template":"","meta":[],"product_brand":[77],"product_cat":[107,106],"product_tag":[],"class_list":{"0":"post-389","1":"product","2":"type-product","3":"status-publish","4":"has-post-thumbnail","6":"product_brand-ese","7":"product_cat-4-kolesove-kontajnery-na-odpad-1100-l","8":"product_cat-kontajnery-na-odpad","10":"first","11":"instock","12":"taxable","13":"shipping-taxable","14":"purchasable","15":"product-type-simple"},"_links":{"self":[{"href":"https:\/\/eco-market24.com\/sk\/wp-json\/wp\/v2\/product\/389","targetHints":{"allow":["GET"]}}],"collection":[{"href":"https:\/\/eco-market24.com\/sk\/wp-json\/wp\/v2\/product"}],"about":[{"href":"https:\/\/eco-market24.com\/sk\/wp-json\/wp\/v2\/types\/product"}],"replies":[{"embeddable":true,"href":"https:\/\/eco-market24.com\/sk\/wp-json\/wp\/v2\/comments?post=389"}],"wp:featuredmedia":[{"embeddable":true,"href":"https:\/\/eco-market24.com\/sk\/wp-json\/wp\/v2\/media\/319"}],"wp:attachment":[{"href":"https:\/\/eco-market24.com\/sk\/wp-json\/wp\/v2\/media?parent=389"}],"wp:term":[{"taxonomy":"product_brand","embeddable":true,"href":"https:\/\/eco-market24.com\/sk\/wp-json\/wp\/v2\/product_brand?post=389"},{"taxonomy":"product_cat","embeddable":true,"href":"https:\/\/eco-market24.com\/sk\/wp-json\/wp\/v2\/product_cat?post=389"},{"taxonomy":"product_tag","embeddable":true,"href":"https:\/\/eco-market24.com\/sk\/wp-json\/wp\/v2\/product_tag?post=389"}],"curies":[{"name":"wp","href":"https:\/\/api.w.org\/{rel}","templated":true}]}}