{"id":396,"date":"2025-09-28T17:45:10","date_gmt":"2025-09-28T15:45:10","guid":{"rendered":"https:\/\/eco-market24.com\/product\/1100l-blue-waste-container-ese\/"},"modified":"2025-09-30T16:06:11","modified_gmt":"2025-09-30T14:06:11","slug":"1100l-blue-waste-container-ese","status":"publish","type":"product","link":"https:\/\/eco-market24.com\/sk\/produkt\/1100l-blue-waste-container-ese\/","title":{"rendered":"1100 l modr\u00fd kontajner na odpad ESE"},"content":{"rendered":"\n<p>Kontejner v s\u00falade s eur\u00f3pskou normou PN-EN 840<\/p>\n\n<p>Potvrden\u00edm najvy\u0161\u0161ej odolnosti vo\u010di vplyvom prostredia 1100 l komun\u00e1lneho kontajnera zna\u010dky ESE je ozna\u010denie kvality RAL-GZ951\/1 a s\u00falad s eur\u00f3pskou normou PN-EN 840. Kontajner m\u00e1 certifik\u00e1ty, ktor\u00e9 zaru\u010duj\u00fa splnenie po\u017eiadaviek na ochranu pred hlukom, a je ozna\u010den\u00fd zna\u010dkou CE.<\/p>\n\n<p>Kontajner 1100 l zna\u010dky ESE je najodolnej\u0161\u00ed, najestetickej\u0161\u00ed a najfunk\u010dnej\u0161\u00ed kontajner na komun\u00e1lny odpad dostupn\u00fd na trhu. Kontajner je vybaven\u00fd ploch\u00fdm vekom a praktick\u00fdm tich\u00fdm syst\u00e9mom gumov\u00fdch kolies s priemerom 20 cm, s dodato\u010dn\u00fdm v\u00fdstu\u017en\u00fdm krytom a brzdami na predn\u00fdch koles\u00e1ch. V\u010faka tomu sa \u013eahko pou\u017e\u00edva a pres\u00fava.<\/p>\n\n<p>4-kolesov\u00fd kontajner na odpad 1100 l ESE<\/p>\n\n<p>Skladovanie priemyseln\u00fdch a komun\u00e1lnych odpadov si vy\u017eaduje pou\u017eitie vhodn\u00fdch kontajnerov, ktor\u00e9 s\u00fa odoln\u00e9, vyroben\u00e9 z hrub\u00e9ho materi\u00e1lu odoln\u00e9ho vo\u010di deform\u00e1cii a z\u00e1rove\u0148 \u013eahk\u00e9 na vypr\u00e1zd\u0148ovanie a premiest\u0148ovanie. Kontajner na komun\u00e1lny odpad ESE 1100 L m\u00e1 v\u00fdhody, ktor\u00e9 ho odli\u0161uj\u00fa z h\u013eadiska kvality a trvanlivosti.<\/p>\n\n<p>MGB kontajner je vyroben\u00fd z odoln\u00e9ho vysokohustotn\u00e9ho plastu HDPE, je odoln\u00fd vo\u010di UV \u017eiareniu a m\u00e1 toleranciu na \u0161irok\u00e9 teplotn\u00e9 rozp\u00e4tie. V\u010faka tomu je mo\u017en\u00e9 1100 l komun\u00e1lny kontajner skladova\u0165 vonku za v\u0161etk\u00fdch poveternostn\u00fdch podmienok. Navy\u0161e vysokohustotn\u00fd plast pou\u017eit\u00fd pri v\u00fdrobe komun\u00e1lneho kontajnera ESE 1100 l zaru\u010duje zachovanie intenzity farby.<\/p>\n\n<p>Kontajner zna\u010dky 1100L ESE sa vyzna\u010duje odolnos\u0165ou vo\u010di chemick\u00fdm l\u00e1tkam. V\u010faka tomu je vhodn\u00fd na usklad\u0148ovanie komun\u00e1lneho a priemyseln\u00e9ho odpadu obsahuj\u00faceho zvy\u0161ky \u010distiacich prostriedkov alebo in\u00fdch pr\u00edpravkov. Kontajner nereaguje s chemik\u00e1liami a nedeformuje sa.<\/p>\n\n<p>Prisp\u00f4sobenie kontajnera mechanizmom vykladania pl\u00e1stov<\/p>\n\n<p>Odpadov\u00fd kontajner MGB 1100 l je prisp\u00f4soben\u00fd na vypr\u00e1zd\u0148ovanie hrebe\u0148ov\u00fdm syst\u00e9mom aj na vypr\u00e1zd\u0148ovanie pod\u013ea typu DIN. Mestsk\u00e9 odpadov\u00e9 kontajnery ESE s\u00fa prisp\u00f4soben\u00e9 na vypr\u00e1zd\u0148ovanie v\u0161etk\u00fdmi tradi\u010dn\u00fdmi smetiarskymi vozidlami zberaj\u00facimi odpad v Po\u013esku.<\/p>\n\n<p>Menovit\u00e1 hmotnos\u0165 kontajnera ESE 1100 L je 510 kg a ide o najvy\u0161\u0161iu menovit\u00fa nosnos\u0165 pre kontajner s objemom 1100 l spomedzi v\u0161etk\u00fdch kontajnerov na komun\u00e1lny odpad dostupn\u00fdch na po\u013eskom a eur\u00f3pskom trhu. Sk\u00fasi\u0165 znova<\/p>\n\n<p><\/p>\n","protected":false},"excerpt":{"rendered":"<ul>\n<li class=\"whitespace-normal break-words\"><strong>Odoln\u00fd materi\u00e1l PE-HD<\/strong> \u2013 odoln\u00fd vo\u010di UV \u017eiareniu a so \u0161irok\u00fdm teplotn\u00fdm rozsahom, ide\u00e1lny na vonkaj\u0161ie pou\u017eitie<\/li>\n<li class=\"whitespace-normal break-words\"><strong>Menovit\u00e1 nosnos\u0165 a\u017e 510 kg<\/strong> \u2013 najvy\u0161\u0161ia medzi 1100 l kontajnermi na eur\u00f3pskom trhu<\/li>\n<li class=\"whitespace-normal break-words\"><strong>Syst\u00e9m gumov\u00fdch kolies \u00d8 20 cm s brzdami a vystu\u017een\u00fdmi krytmi<\/strong> \u2013 tich\u00e1 a jednoduch\u00e1 manipul\u00e1cia<\/li>\n<li class=\"whitespace-normal break-words\"><strong>Vystu\u017een\u00e1 kon\u0161trukcia s kovov\u00fdmi vlo\u017ekami v bo\u010dn\u00fdch \u010dapoch a ergonomick\u00fdmi rukov\u00e4\u0165ami<\/strong><\/li>\n<li class=\"whitespace-normal break-words\"><strong>Kompatibilita s popel\u00e1rskymi vozidlami<\/strong> \u2013 prisp\u00f4soben\u00e9 pre hrebe\u0148ov\u00e9 a DIN typy vypr\u00e1zd\u0148ovania<\/li>\n<li class=\"whitespace-normal break-words\"><strong>Kompletn\u00e1 farebn\u00e1 \u0161k\u00e1la na triedenie<\/strong> \u2013 \u010dierna, modr\u00e1, \u017elt\u00e1, zelen\u00e1, hned\u00e1, \u010derven\u00e1<\/li>\n<li class=\"whitespace-normal break-words\"><strong>Certifik\u00e1ty kvality<\/strong> \u2013 v s\u00falade s normou PN-EN 840 a ozna\u010den\u00edm RAL-GZ951\/1, certifik\u00e1t CE<\/li>\n<\/ul>\n","protected":false},"featured_media":179,"comment_status":"open","ping_status":"closed","template":"","meta":[],"product_brand":[77],"product_cat":[107,106],"product_tag":[],"class_list":{"0":"post-396","1":"product","2":"type-product","3":"status-publish","4":"has-post-thumbnail","6":"product_brand-ese","7":"product_cat-4-kolesove-kontajnery-na-odpad-1100-l","8":"product_cat-kontajnery-na-odpad","10":"first","11":"instock","12":"taxable","13":"shipping-taxable","14":"purchasable","15":"product-type-simple"},"_links":{"self":[{"href":"https:\/\/eco-market24.com\/sk\/wp-json\/wp\/v2\/product\/396","targetHints":{"allow":["GET"]}}],"collection":[{"href":"https:\/\/eco-market24.com\/sk\/wp-json\/wp\/v2\/product"}],"about":[{"href":"https:\/\/eco-market24.com\/sk\/wp-json\/wp\/v2\/types\/product"}],"replies":[{"embeddable":true,"href":"https:\/\/eco-market24.com\/sk\/wp-json\/wp\/v2\/comments?post=396"}],"wp:featuredmedia":[{"embeddable":true,"href":"https:\/\/eco-market24.com\/sk\/wp-json\/wp\/v2\/media\/179"}],"wp:attachment":[{"href":"https:\/\/eco-market24.com\/sk\/wp-json\/wp\/v2\/media?parent=396"}],"wp:term":[{"taxonomy":"product_brand","embeddable":true,"href":"https:\/\/eco-market24.com\/sk\/wp-json\/wp\/v2\/product_brand?post=396"},{"taxonomy":"product_cat","embeddable":true,"href":"https:\/\/eco-market24.com\/sk\/wp-json\/wp\/v2\/product_cat?post=396"},{"taxonomy":"product_tag","embeddable":true,"href":"https:\/\/eco-market24.com\/sk\/wp-json\/wp\/v2\/product_tag?post=396"}],"curies":[{"name":"wp","href":"https:\/\/api.w.org\/{rel}","templated":true}]}}